{"id":741,"date":"2026-02-20T10:10:00","date_gmt":"2026-02-20T10:10:00","guid":{"rendered":"https:\/\/goldenstones.pl\/?post_type=product&#038;p=741"},"modified":"2026-02-23T12:36:17","modified_gmt":"2026-02-23T12:36:17","slug":"drobinki-szklane-blekitne-worek-5kg","status":"publish","type":"product","link":"https:\/\/goldenstones.pl\/?product=drobinki-szklane-blekitne-worek-5kg","title":{"rendered":"Drobinki Szklane B\u0142\u0119kitne worek 5kg"},"content":{"rendered":"<h2>Drobinki Szklane b\u0142\u0119kitne<\/h2>\n<p>Uwielbiasz morski klimat? Wypr\u00f3buj nasze b\u0142\u0119kitne drobinki szk\u0142a, kt\u00f3re wype\u0142ni\u0105 tw\u00f3j dom podmorsk\u0105 atmosfer\u0105 i perfekcyjnie spisz\u0105 si\u0119 w ogrodach lub oczkach wodnych. Cechuj\u0105 si\u0119 du\u017c\u0105 mrozoodporno\u015bci\u0105, dzi\u0119ki czemu zima jest im nie straszna, r\u00f3wnie\u017c odznaczaj\u0105 si\u0119 transparentno\u015bci\u0105 koloru. Idealnie sprawdz\u0105 si\u0119 we wszelakich o\u015brodkach zdrowotnych, w spa b\u0105d\u017a w r\u00f3\u017cnorodnych fontannach.\u00a0 Sprawdz\u0105 si\u0119 r\u00f3wnie\u017c jako wype\u0142niacz do wazon\u00f3w lub akwari\u00f3w. Dzi\u0119ki starannemu wykonaniu przez nasz\u0105 firm\u0119 produkt pos\u0142u\u017cy Tobie przez wiele dobrych lat . Oferujemy r\u00f3wnie\u017c bezpieczny i szybki transport zam\u00f3wienia prosto pod twoje drzwi!<\/p>\n<p><strong><a href=\"https:\/\/www.goldenstones.pl\/sklep\/kategoria\/kamienie\/ogrodowe\/szklo_dekoracyjne\/\">Je\u015bli zainteresowa\u0142e\u015b si\u0119 tym produktem, sprawd\u017a nasze inne oferty!\u00a0<\/a><\/strong><\/p>\n","protected":false},"excerpt":{"rendered":"<ul>\n<li><strong><span style=\"color: #E36A00;\">FRAKCJA: <\/span><\/strong><span style=\"color: #E36A00;\"><span style=\"color: #333333;\">5-10 mm<\/span><\/span><\/li>\n<li><strong><span style=\"color: #E36A00;\">CECHY CHARAKTERYSTYCZNE: <\/span><\/strong><span style=\"color: #333333;\">pi\u0119kne zabarwienie, mrozoodporno\u015b\u0107, transparentno\u015b\u0107 koloru<\/span><\/li>\n<li><strong><span style=\"color: #E36A00;\">KOLORYSTYKA: <\/span><\/strong><span style=\"color: #333333;\">b\u0142\u0119kit<\/span><\/li>\n<li><strong><span style=\"color: #E36A00;\">PRZEZNACZENIE: <\/span><\/strong>dekoracja ogrodowa i do wn\u0119trz,<span style=\"color: #333333;\"> kaskady, oczka wodne, fontanny, strumyki, dekoracja spa, podsypki, obrze\u017ca<\/span><\/li>\n<\/ul>\n<p><span style=\"color: #333333;\"><strong>Podana na stronie cena dotyczy 5 kg produktu.<\/strong><\/span><\/p>\n","protected":false},"featured_media":773,"comment_status":"closed","ping_status":"closed","template":"","meta":{"_uag_custom_page_level_css":"","site-sidebar-layout":"default","site-content-layout":"","ast-site-content-layout":"default","site-content-style":"default","site-sidebar-style":"default","ast-global-header-display":"","ast-banner-title-visibility":"","ast-main-header-display":"","ast-hfb-above-header-display":"","ast-hfb-below-header-display":"","ast-hfb-mobile-header-display":"","site-post-title":"","ast-breadcrumbs-content":"","ast-featured-img":"","footer-sml-layout":"","ast-disable-related-posts":"","theme-transparent-header-meta":"","adv-header-id-meta":"","stick-header-meta":"","header-above-stick-meta":"","header-main-stick-meta":"","header-below-stick-meta":"","astra-migrate-meta-layouts":"default","ast-page-background-enabled":"default","ast-page-background-meta":{"desktop":{"background-color":"var(--ast-global-color-5)","background-image":"","background-repeat":"repeat","background-position":"center center","background-size":"auto","background-attachment":"scroll","background-type":"","background-media":"","overlay-type":"","overlay-color":"","overlay-opacity":"","overlay-gradient":""},"tablet":{"background-color":"","background-image":"","background-repeat":"repeat","background-position":"center center","background-size":"auto","background-attachment":"scroll","background-type":"","background-media":"","overlay-type":"","overlay-color":"","overlay-opacity":"","overlay-gradient":""},"mobile":{"background-color":"","background-image":"","background-repeat":"repeat","background-position":"center center","background-size":"auto","background-attachment":"scroll","background-type":"","background-media":"","overlay-type":"","overlay-color":"","overlay-opacity":"","overlay-gradient":""}},"ast-content-background-meta":{"desktop":{"background-color":"var(--ast-global-color-4)","background-image":"","background-repeat":"repeat","background-position":"center center","background-size":"auto","background-attachment":"scroll","background-type":"","background-media":"","overlay-type":"","overlay-color":"","overlay-opacity":"","overlay-gradient":""},"tablet":{"background-color":"var(--ast-global-color-4)","background-image":"","background-repeat":"repeat","background-position":"center center","background-size":"auto","background-attachment":"scroll","background-type":"","background-media":"","overlay-type":"","overlay-color":"","overlay-opacity":"","overlay-gradient":""},"mobile":{"background-color":"var(--ast-global-color-4)","background-image":"","background-repeat":"repeat","background-position":"center center","background-size":"auto","background-attachment":"scroll","background-type":"","background-media":"","overlay-type":"","overlay-color":"","overlay-opacity":"","overlay-gradient":""}}},"product_brand":[],"product_cat":[21,116,156],"product_tag":[157,158,159],"class_list":{"0":"post-741","1":"product","2":"type-product","3":"status-publish","4":"has-post-thumbnail","6":"product_cat-kamienie","7":"product_cat-kamienie-kamienie","8":"product_cat-szklo-dekoracyjne","9":"product_tag-bryly-szklane-bydgoszcz","10":"product_tag-szklo-dekoracyjne","11":"product_tag-szklo-gabionowe","12":"desktop-align-left","13":"tablet-align-left","14":"mobile-align-left","16":"first","17":"instock","18":"shipping-taxable","19":"purchasable","20":"product-type-simple"},"uagb_featured_image_src":{"full":["https:\/\/goldenstones.pl\/wp-content\/uploads\/2026\/02\/drobinki-szklane-blekitne-ozdobne-biale-blota-koronowo-sepolno.jpg",500,496,false],"thumbnail":["https:\/\/goldenstones.pl\/wp-content\/uploads\/2026\/02\/drobinki-szklane-blekitne-ozdobne-biale-blota-koronowo-sepolno-150x150.jpg",150,150,true],"medium":["https:\/\/goldenstones.pl\/wp-content\/uploads\/2026\/02\/drobinki-szklane-blekitne-ozdobne-biale-blota-koronowo-sepolno-300x298.jpg",300,298,true],"medium_large":["https:\/\/goldenstones.pl\/wp-content\/uploads\/2026\/02\/drobinki-szklane-blekitne-ozdobne-biale-blota-koronowo-sepolno.jpg",500,496,false],"large":["https:\/\/goldenstones.pl\/wp-content\/uploads\/2026\/02\/drobinki-szklane-blekitne-ozdobne-biale-blota-koronowo-sepolno.jpg",500,496,false],"1536x1536":["https:\/\/goldenstones.pl\/wp-content\/uploads\/2026\/02\/drobinki-szklane-blekitne-ozdobne-biale-blota-koronowo-sepolno.jpg",500,496,false],"2048x2048":["https:\/\/goldenstones.pl\/wp-content\/uploads\/2026\/02\/drobinki-szklane-blekitne-ozdobne-biale-blota-koronowo-sepolno.jpg",500,496,false],"woocommerce_thumbnail":["https:\/\/goldenstones.pl\/wp-content\/uploads\/2026\/02\/drobinki-szklane-blekitne-ozdobne-biale-blota-koronowo-sepolno-300x300.jpg",300,300,true],"woocommerce_single":["https:\/\/goldenstones.pl\/wp-content\/uploads\/2026\/02\/drobinki-szklane-blekitne-ozdobne-biale-blota-koronowo-sepolno.jpg",500,496,false],"woocommerce_gallery_thumbnail":["https:\/\/goldenstones.pl\/wp-content\/uploads\/2026\/02\/drobinki-szklane-blekitne-ozdobne-biale-blota-koronowo-sepolno-100x100.jpg",100,100,true]},"uagb_author_info":{"display_name":"admin","author_link":"https:\/\/goldenstones.pl\/?author=0"},"uagb_comment_info":0,"uagb_excerpt":"FRAKCJA: 5-10 mm CECHY CHARAKTERYSTYCZNE: pi\u0119kne zabarwienie, mrozoodporno\u015b\u0107, transparentno\u015b\u0107 koloru KOLORYSTYKA: b\u0142\u0119kit PRZEZNACZENIE: dekoracja ogrodowa i do wn\u0119trz, kaskady, oczka wodne, fontanny, strumyki, dekoracja spa, podsypki, obrze\u017ca Podana na stronie cena dotyczy 5 kg produktu.","_links":{"self":[{"href":"https:\/\/goldenstones.pl\/index.php?rest_route=\/wp\/v2\/product\/741","targetHints":{"allow":["GET"]}}],"collection":[{"href":"https:\/\/goldenstones.pl\/index.php?rest_route=\/wp\/v2\/product"}],"about":[{"href":"https:\/\/goldenstones.pl\/index.php?rest_route=\/wp\/v2\/types\/product"}],"replies":[{"embeddable":true,"href":"https:\/\/goldenstones.pl\/index.php?rest_route=%2Fwp%2Fv2%2Fcomments&post=741"}],"wp:featuredmedia":[{"embeddable":true,"href":"https:\/\/goldenstones.pl\/index.php?rest_route=\/wp\/v2\/media\/773"}],"wp:attachment":[{"href":"https:\/\/goldenstones.pl\/index.php?rest_route=%2Fwp%2Fv2%2Fmedia&parent=741"}],"wp:term":[{"taxonomy":"product_brand","embeddable":true,"href":"https:\/\/goldenstones.pl\/index.php?rest_route=%2Fwp%2Fv2%2Fproduct_brand&post=741"},{"taxonomy":"product_cat","embeddable":true,"href":"https:\/\/goldenstones.pl\/index.php?rest_route=%2Fwp%2Fv2%2Fproduct_cat&post=741"},{"taxonomy":"product_tag","embeddable":true,"href":"https:\/\/goldenstones.pl\/index.php?rest_route=%2Fwp%2Fv2%2Fproduct_tag&post=741"}],"curies":[{"name":"wp","href":"https:\/\/api.w.org\/{rel}","templated":true}]}}