{"id":742,"date":"2026-02-20T10:10:00","date_gmt":"2026-02-20T10:10:00","guid":{"rendered":"https:\/\/goldenstones.pl\/?post_type=product&#038;p=742"},"modified":"2026-03-11T13:02:39","modified_gmt":"2026-03-11T13:02:39","slug":"kora-kamienna-6-11mm-worek-20kg","status":"publish","type":"product","link":"https:\/\/goldenstones.pl\/?product=kora-kamienna-6-11mm-worek-20kg","title":{"rendered":"Kora Kamienna 6-11mm worek 20kg"},"content":{"rendered":"<h2>Grys &#8211; Kora Kamienna do ogrodu<\/h2>\n<div>Szukasz efektownego wyko\u0144czenia ogrodu? Wybierz kor\u0119 kamienn\u0105 &#8211; funkcjonaln\u0105 alternatyw\u0119 dla drewnianej kory, kt\u00f3ra wyr\u00f3\u017cnia si\u0119 trwa\u0142o\u015bci\u0105 oraz wygod\u0105 w utrzymaniu. W piel\u0119gnacji zaleca si\u0119 pod\u0142o\u017ce z agrow\u0142\u00f3kien i bord\u00f3w. Doskonale sprawdzi si\u0119 do dope\u0142nienia kompozycji dekoracyjnych, kwietnik\u00f3w rabatek czy skwer\u00f3w. B\u0142yszcz\u0105ce w ekspozycji s\u0142onecznej drobinki sprawiaj\u0105, i\u017c kamienie prezentuj\u0105 si\u0119 spektakularnie. Oferujemy trzy wielko\u015bci kory kamiennej z grysu, ta najmniejsza &#8211; 6-11mm &#8211; najlepiej sprawdzi si\u0119 na niewielkich powierzchniach. Korzystaj\u0105c z oferty dowozu gwarantujemy Ci szybki i wygodny transport. <strong><a href=\"https:\/\/www.goldenstones.pl\/kategoria\/kamienie\/ogrodowe\/kora_kamienna\/\">Zapraszamy do zobaczenia naszych pozosta\u0142ych ofert kory kamiennej &gt;tutaj.<\/a><\/strong><\/div>\n","protected":false},"excerpt":{"rendered":"<ul>\n<li><span style=\"color: #E36A00;\"><strong>FRAKCJA: <\/strong><\/span><span style=\"color: #333333;\">6-11mm<\/span><\/li>\n<li><strong><span style=\"color: #E36A00;\">WYDAJNO\u015a\u0106:<\/span> <\/strong><span style=\"color: #333333;\"><strong>1 tona<\/strong> oko\u0142o 20 m\u00b2, <strong>1 worek 20kg<\/strong> oko\u0142o 0,5 m\u00b2<\/span><\/li>\n<li><strong><span style=\"color: #E36A00;\">CECHY CHARAKTERYSTYCZNE: <\/span><\/strong><span style=\"color: #333333;\">b\u0142yszcz\u0105ce drobinkami podczas ekspozycji na s\u0142o\u0144ce, minera\u0142y u\u0142o\u017cone warstwowo w jednym kierunku<\/span><\/li>\n<li><strong><span style=\"color: #E36A00;\">KOLORYSTYKA: <\/span><\/strong><span style=\"color: #333333;\">mix r\u00f3\u017cnych odcieni szaro\u015bci z wtr\u0105ceniem bieli i rdzawego<\/span><\/li>\n<li><span style=\"color: #E36A00;\"><strong>POCHODZENIE:<\/strong><\/span> <span style=\"color: #333333;\">Polska<\/span><\/li>\n<li><strong><span style=\"color: #E36A00;\">PRZEZNACZENIE:<\/span><\/strong> <span style=\"color: #333333;\">skwery, kwietniki, rabatki, alejki, kompozycje dekoracyjne w wazonach, gabionach i donicach<\/span><\/li>\n<li><strong><span style=\"color: #E36A00;\">PIEL\u0118GNACJA:<\/span><\/strong> <span style=\"color: #333333;\">zalecane pod\u0142o\u017ce z agrow\u0142\u00f3kniny i bord\u00f3w<\/span><\/li>\n<li><span style=\"color: #E36A00;\"><strong>DOST\u0118PNE FRAKCJE: <\/strong><\/span><span style=\"color: #333333;\">6-11mm, 11-32mm, 31-60mm, 63-250mm, 100-500mm, kamie\u0144 \u0142amany<\/span><\/li>\n<\/ul>\n<p><span style=\"color: #333333;\"><a style=\"color: #333333;\" href=\"https:\/\/www.goldenstones.pl\/elementor-63\/\"><strong>Podana na stronie cena dotyczy jednej tony produktu. Przed zam\u00f3wieniem prosimy o kontakt w celu ustalenia szczeg\u00f3\u0142\u00f3w.<\/strong><\/a><\/span><\/p>\n","protected":false},"featured_media":775,"comment_status":"closed","ping_status":"closed","template":"","meta":{"_uag_custom_page_level_css":"","site-sidebar-layout":"default","site-content-layout":"","ast-site-content-layout":"default","site-content-style":"default","site-sidebar-style":"default","ast-global-header-display":"","ast-banner-title-visibility":"","ast-main-header-display":"","ast-hfb-above-header-display":"","ast-hfb-below-header-display":"","ast-hfb-mobile-header-display":"","site-post-title":"","ast-breadcrumbs-content":"","ast-featured-img":"","footer-sml-layout":"","ast-disable-related-posts":"","theme-transparent-header-meta":"","adv-header-id-meta":"","stick-header-meta":"","header-above-stick-meta":"","header-main-stick-meta":"","header-below-stick-meta":"","astra-migrate-meta-layouts":"default","ast-page-background-enabled":"default","ast-page-background-meta":{"desktop":{"background-color":"var(--ast-global-color-5)","background-image":"","background-repeat":"repeat","background-position":"center center","background-size":"auto","background-attachment":"scroll","background-type":"","background-media":"","overlay-type":"","overlay-color":"","overlay-opacity":"","overlay-gradient":""},"tablet":{"background-color":"","background-image":"","background-repeat":"repeat","background-position":"center center","background-size":"auto","background-attachment":"scroll","background-type":"","background-media":"","overlay-type":"","overlay-color":"","overlay-opacity":"","overlay-gradient":""},"mobile":{"background-color":"","background-image":"","background-repeat":"repeat","background-position":"center center","background-size":"auto","background-attachment":"scroll","background-type":"","background-media":"","overlay-type":"","overlay-color":"","overlay-opacity":"","overlay-gradient":""}},"ast-content-background-meta":{"desktop":{"background-color":"var(--ast-global-color-4)","background-image":"","background-repeat":"repeat","background-position":"center center","background-size":"auto","background-attachment":"scroll","background-type":"","background-media":"","overlay-type":"","overlay-color":"","overlay-opacity":"","overlay-gradient":""},"tablet":{"background-color":"var(--ast-global-color-4)","background-image":"","background-repeat":"repeat","background-position":"center center","background-size":"auto","background-attachment":"scroll","background-type":"","background-media":"","overlay-type":"","overlay-color":"","overlay-opacity":"","overlay-gradient":""},"mobile":{"background-color":"var(--ast-global-color-4)","background-image":"","background-repeat":"repeat","background-position":"center center","background-size":"auto","background-attachment":"scroll","background-type":"","background-media":"","overlay-type":"","overlay-color":"","overlay-opacity":"","overlay-gradient":""}}},"product_brand":[],"product_cat":[161,21,116,117],"product_tag":[121,162],"class_list":{"0":"post-742","1":"product","2":"type-product","3":"status-publish","4":"has-post-thumbnail","6":"product_cat-grysy-i-zwiry-kamienie-kamienie","7":"product_cat-kamienie","8":"product_cat-kamienie-kamienie","9":"product_cat-kora-kamienna-kamienie-kamienie","10":"product_tag-kora-kamienna-bydgoszcz","11":"product_tag-kora-kamienna-do-ogrodu","12":"desktop-align-left","13":"tablet-align-left","14":"mobile-align-left","16":"first","17":"instock","18":"shipping-taxable","19":"purchasable","20":"product-type-simple"},"uagb_featured_image_src":{"full":["https:\/\/goldenstones.pl\/wp-content\/uploads\/2026\/02\/kora-kamienna-drobna-6-11-mm.jpg",300,300,false],"thumbnail":["https:\/\/goldenstones.pl\/wp-content\/uploads\/2026\/02\/kora-kamienna-drobna-6-11-mm-150x150.jpg",150,150,true],"medium":["https:\/\/goldenstones.pl\/wp-content\/uploads\/2026\/02\/kora-kamienna-drobna-6-11-mm.jpg",300,300,false],"medium_large":["https:\/\/goldenstones.pl\/wp-content\/uploads\/2026\/02\/kora-kamienna-drobna-6-11-mm.jpg",300,300,false],"large":["https:\/\/goldenstones.pl\/wp-content\/uploads\/2026\/02\/kora-kamienna-drobna-6-11-mm.jpg",300,300,false],"1536x1536":["https:\/\/goldenstones.pl\/wp-content\/uploads\/2026\/02\/kora-kamienna-drobna-6-11-mm.jpg",300,300,false],"2048x2048":["https:\/\/goldenstones.pl\/wp-content\/uploads\/2026\/02\/kora-kamienna-drobna-6-11-mm.jpg",300,300,false],"woocommerce_thumbnail":["https:\/\/goldenstones.pl\/wp-content\/uploads\/2026\/02\/kora-kamienna-drobna-6-11-mm.jpg",300,300,false],"woocommerce_single":["https:\/\/goldenstones.pl\/wp-content\/uploads\/2026\/02\/kora-kamienna-drobna-6-11-mm.jpg",300,300,false],"woocommerce_gallery_thumbnail":["https:\/\/goldenstones.pl\/wp-content\/uploads\/2026\/02\/kora-kamienna-drobna-6-11-mm-100x100.jpg",100,100,true]},"uagb_author_info":{"display_name":"admin","author_link":"https:\/\/goldenstones.pl\/?author=0"},"uagb_comment_info":0,"uagb_excerpt":"FRAKCJA: 6-11mm WYDAJNO\u015a\u0106: 1 tona oko\u0142o 20 m\u00b2, 1 worek 20kg oko\u0142o 0,5 m\u00b2 CECHY CHARAKTERYSTYCZNE: b\u0142yszcz\u0105ce drobinkami podczas ekspozycji na s\u0142o\u0144ce, minera\u0142y u\u0142o\u017cone warstwowo w jednym kierunku KOLORYSTYKA: mix r\u00f3\u017cnych odcieni szaro\u015bci z wtr\u0105ceniem bieli i rdzawego POCHODZENIE: Polska PRZEZNACZENIE: skwery, kwietniki, rabatki, alejki, kompozycje dekoracyjne w wazonach, gabionach i donicach PIEL\u0118GNACJA: zalecane pod\u0142o\u017ce&hellip;","_links":{"self":[{"href":"https:\/\/goldenstones.pl\/index.php?rest_route=\/wp\/v2\/product\/742","targetHints":{"allow":["GET"]}}],"collection":[{"href":"https:\/\/goldenstones.pl\/index.php?rest_route=\/wp\/v2\/product"}],"about":[{"href":"https:\/\/goldenstones.pl\/index.php?rest_route=\/wp\/v2\/types\/product"}],"replies":[{"embeddable":true,"href":"https:\/\/goldenstones.pl\/index.php?rest_route=%2Fwp%2Fv2%2Fcomments&post=742"}],"wp:featuredmedia":[{"embeddable":true,"href":"https:\/\/goldenstones.pl\/index.php?rest_route=\/wp\/v2\/media\/775"}],"wp:attachment":[{"href":"https:\/\/goldenstones.pl\/index.php?rest_route=%2Fwp%2Fv2%2Fmedia&parent=742"}],"wp:term":[{"taxonomy":"product_brand","embeddable":true,"href":"https:\/\/goldenstones.pl\/index.php?rest_route=%2Fwp%2Fv2%2Fproduct_brand&post=742"},{"taxonomy":"product_cat","embeddable":true,"href":"https:\/\/goldenstones.pl\/index.php?rest_route=%2Fwp%2Fv2%2Fproduct_cat&post=742"},{"taxonomy":"product_tag","embeddable":true,"href":"https:\/\/goldenstones.pl\/index.php?rest_route=%2Fwp%2Fv2%2Fproduct_tag&post=742"}],"curies":[{"name":"wp","href":"https:\/\/api.w.org\/{rel}","templated":true}]}}