{"id":747,"date":"2026-02-20T10:10:01","date_gmt":"2026-02-20T10:10:01","guid":{"rendered":"https:\/\/goldenstones.pl\/?post_type=product&#038;p=747"},"modified":"2026-03-09T12:33:03","modified_gmt":"2026-03-09T12:33:03","slug":"kora-kamienna-31-60mm-tona","status":"publish","type":"product","link":"https:\/\/goldenstones.pl\/?product=kora-kamienna-31-60mm-tona","title":{"rendered":"Kora Kamienna 31-60mm  tona"},"content":{"rendered":"<h2 class=\"_04xlpA direction-ltr align-center para-style-body\"><span class=\"JsGRdQ\">Grys &#8211; Kora Kamienna do ogrodu<\/span><\/h2>\n<p class=\"_04xlpA direction-ltr align-center para-style-body\"><span class=\"JsGRdQ\">Szukasz rozwi\u0105zania na wyko\u0144czenie ogrodu? Wybierz kor\u0119 kamienn\u0105 &#8211; czyli wygodn\u0105 alternatyw\u0119 dla kory drewnianej. Zamiennik z grysu wyr\u00f3\u017cnia si\u0119 trwa\u0142o\u015bci\u0105 i odporno\u015bci\u0105 na warunki pogodowe. Sugerujemy u\u017cycie pod\u0142o\u017ca z agrow\u0142\u00f3kien oraz bord\u00f3w &#8211; w celu stworzenia temu produktowi optymalnej piel\u0119gnacji. B\u0119dzie<\/span> <span class=\"JsGRdQ\">stanowi\u0107 estetyczne dope\u0142nienie kompozycji dekoracyjnych, jak i zielonych przestrzeni. B\u0142yszcz\u0105ce w blasku promieni s\u0142o\u0144ca drobinki sprawiaj\u0105, i\u017c kamienie prezentuj\u0105 si\u0119 efektownie. Oferujemy sprzeda\u017c w ilo\u015bciach hurtowych trzech wielko\u015bci kory kamiennej z grysu, ta najgrubsza &#8211; 31-60mm &#8211; najlepiej b\u0119dzie si\u0119 prezentowa\u0107 na wi\u0119kszych powierzchniach. Proponujemy mo\u017cliwo\u015b\u0107 dowozu &#8211; gwarantujemy profesjonalny transport. <a href=\"https:\/\/www.goldenstones.pl\/kategoria\/kamienie\/ogrodowe\/kora_kamienna\/\">Sprawd\u017a nasze inne oferty kory kamiennej &gt;tutaj.<\/a><\/span><\/p>\n","protected":false},"excerpt":{"rendered":"<ul>\n<li><span style=\"color: #E36A00;\"><strong>FRAKCJA: <\/strong><\/span><span style=\"color: #333333;\">31-60mm<\/span><\/li>\n<li><strong><span style=\"color: #E36A00;\">WYDAJNO\u015a\u0106:<\/span> <\/strong><span style=\"color: #333333;\"><strong>1 tona<\/strong> oko\u0142o 25 m\u00b2, <strong>1 worek 20kg<\/strong> oko\u0142o 0,6 m\u00b2<\/span><\/li>\n<li><strong><span style=\"color: #E36A00;\">CECHY CHARAKTERYSTYCZNE: <\/span><\/strong><span style=\"color: #333333;\">b\u0142yszcz\u0105ce drobinkami podczas ekspozycji na s\u0142o\u0144ce, minera\u0142y u\u0142o\u017cone warstwowo w jednym kierunku<\/span><\/li>\n<li><strong><span style=\"color: #E36A00;\">KOLORYSTYKA: <\/span><\/strong><span style=\"color: #333333;\">mix r\u00f3\u017cnych odcieni szaro\u015bci z wtr\u0105ceniem bieli i rdzawego<\/span><\/li>\n<li><span style=\"color: #E36A00;\"><strong>POCHODZENIE:<\/strong><\/span> <span style=\"color: #333333;\">Polska<\/span><\/li>\n<li><strong><span style=\"color: #E36A00;\">PRZEZNACZENIE:<\/span><\/strong> <span style=\"color: #333333;\">skwery, kwietniki, rabatki, alejki, kompozycje dekoracyjne w wazonach, gabionach i donicach<\/span><\/li>\n<li><strong><span style=\"color: #E36A00;\">PIEL\u0118GNACJA:<\/span><\/strong> <span style=\"color: #333333;\">zalecane pod\u0142o\u017ce z agrow\u0142\u00f3kniny i bord\u00f3w<\/span><\/li>\n<li><span style=\"color: #E36A00;\"><strong>DOST\u0118PNE FRAKCJE: <\/strong><\/span><span style=\"color: #333333;\">6-11mm, 11-32mm, 31-60mm, 63-250mm, 100-500mm, kamie\u0144 \u0142amany<\/span><\/li>\n<\/ul>\n<p><span style=\"color: #333333;\"><a style=\"color: #333333;\" href=\"https:\/\/www.goldenstones.pl\/elementor-63\/\"><strong>Podana na stronie cena dotyczy jednej tony produktu. Przed zam\u00f3wieniem prosimy o kontakt w celu ustalenia szczeg\u00f3\u0142\u00f3w.<\/strong><\/a><\/span><\/p>\n","protected":false},"featured_media":779,"comment_status":"closed","ping_status":"closed","template":"","meta":{"_uag_custom_page_level_css":"","site-sidebar-layout":"default","site-content-layout":"","ast-site-content-layout":"default","site-content-style":"default","site-sidebar-style":"default","ast-global-header-display":"","ast-banner-title-visibility":"","ast-main-header-display":"","ast-hfb-above-header-display":"","ast-hfb-below-header-display":"","ast-hfb-mobile-header-display":"","site-post-title":"","ast-breadcrumbs-content":"","ast-featured-img":"","footer-sml-layout":"","ast-disable-related-posts":"","theme-transparent-header-meta":"","adv-header-id-meta":"","stick-header-meta":"","header-above-stick-meta":"","header-main-stick-meta":"","header-below-stick-meta":"","astra-migrate-meta-layouts":"default","ast-page-background-enabled":"default","ast-page-background-meta":{"desktop":{"background-color":"var(--ast-global-color-5)","background-image":"","background-repeat":"repeat","background-position":"center center","background-size":"auto","background-attachment":"scroll","background-type":"","background-media":"","overlay-type":"","overlay-color":"","overlay-opacity":"","overlay-gradient":""},"tablet":{"background-color":"","background-image":"","background-repeat":"repeat","background-position":"center center","background-size":"auto","background-attachment":"scroll","background-type":"","background-media":"","overlay-type":"","overlay-color":"","overlay-opacity":"","overlay-gradient":""},"mobile":{"background-color":"","background-image":"","background-repeat":"repeat","background-position":"center center","background-size":"auto","background-attachment":"scroll","background-type":"","background-media":"","overlay-type":"","overlay-color":"","overlay-opacity":"","overlay-gradient":""}},"ast-content-background-meta":{"desktop":{"background-color":"var(--ast-global-color-4)","background-image":"","background-repeat":"repeat","background-position":"center center","background-size":"auto","background-attachment":"scroll","background-type":"","background-media":"","overlay-type":"","overlay-color":"","overlay-opacity":"","overlay-gradient":""},"tablet":{"background-color":"var(--ast-global-color-4)","background-image":"","background-repeat":"repeat","background-position":"center center","background-size":"auto","background-attachment":"scroll","background-type":"","background-media":"","overlay-type":"","overlay-color":"","overlay-opacity":"","overlay-gradient":""},"mobile":{"background-color":"var(--ast-global-color-4)","background-image":"","background-repeat":"repeat","background-position":"center center","background-size":"auto","background-attachment":"scroll","background-type":"","background-media":"","overlay-type":"","overlay-color":"","overlay-opacity":"","overlay-gradient":""}}},"product_brand":[],"product_cat":[161,21,116,117],"product_tag":[121,162],"class_list":{"0":"post-747","1":"product","2":"type-product","3":"status-publish","4":"has-post-thumbnail","6":"product_cat-grysy-i-zwiry-kamienie-kamienie","7":"product_cat-kamienie","8":"product_cat-kamienie-kamienie","9":"product_cat-kora-kamienna-kamienie-kamienie","10":"product_tag-kora-kamienna-bydgoszcz","11":"product_tag-kora-kamienna-do-ogrodu","12":"desktop-align-left","13":"tablet-align-left","14":"mobile-align-left","16":"first","17":"instock","18":"shipping-taxable","19":"product-type-simple"},"uagb_featured_image_src":{"full":["https:\/\/goldenstones.pl\/wp-content\/uploads\/2026\/02\/grys-kora-kamienna-gruba-31-60-mm.jpg",256,256,false],"thumbnail":["https:\/\/goldenstones.pl\/wp-content\/uploads\/2026\/02\/grys-kora-kamienna-gruba-31-60-mm-150x150.jpg",150,150,true],"medium":["https:\/\/goldenstones.pl\/wp-content\/uploads\/2026\/02\/grys-kora-kamienna-gruba-31-60-mm.jpg",256,256,false],"medium_large":["https:\/\/goldenstones.pl\/wp-content\/uploads\/2026\/02\/grys-kora-kamienna-gruba-31-60-mm.jpg",256,256,false],"large":["https:\/\/goldenstones.pl\/wp-content\/uploads\/2026\/02\/grys-kora-kamienna-gruba-31-60-mm.jpg",256,256,false],"1536x1536":["https:\/\/goldenstones.pl\/wp-content\/uploads\/2026\/02\/grys-kora-kamienna-gruba-31-60-mm.jpg",256,256,false],"2048x2048":["https:\/\/goldenstones.pl\/wp-content\/uploads\/2026\/02\/grys-kora-kamienna-gruba-31-60-mm.jpg",256,256,false],"woocommerce_thumbnail":["https:\/\/goldenstones.pl\/wp-content\/uploads\/2026\/02\/grys-kora-kamienna-gruba-31-60-mm.jpg",256,256,false],"woocommerce_single":["https:\/\/goldenstones.pl\/wp-content\/uploads\/2026\/02\/grys-kora-kamienna-gruba-31-60-mm.jpg",256,256,false],"woocommerce_gallery_thumbnail":["https:\/\/goldenstones.pl\/wp-content\/uploads\/2026\/02\/grys-kora-kamienna-gruba-31-60-mm-100x100.jpg",100,100,true]},"uagb_author_info":{"display_name":"admin","author_link":"https:\/\/goldenstones.pl\/?author=0"},"uagb_comment_info":0,"uagb_excerpt":"FRAKCJA: 31-60mm WYDAJNO\u015a\u0106: 1 tona oko\u0142o 25 m\u00b2, 1 worek 20kg oko\u0142o 0,6 m\u00b2 CECHY CHARAKTERYSTYCZNE: b\u0142yszcz\u0105ce drobinkami podczas ekspozycji na s\u0142o\u0144ce, minera\u0142y u\u0142o\u017cone warstwowo w jednym kierunku KOLORYSTYKA: mix r\u00f3\u017cnych odcieni szaro\u015bci z wtr\u0105ceniem bieli i rdzawego POCHODZENIE: Polska PRZEZNACZENIE: skwery, kwietniki, rabatki, alejki, kompozycje dekoracyjne w wazonach, gabionach i donicach PIEL\u0118GNACJA: zalecane pod\u0142o\u017ce&hellip;","_links":{"self":[{"href":"https:\/\/goldenstones.pl\/index.php?rest_route=\/wp\/v2\/product\/747","targetHints":{"allow":["GET"]}}],"collection":[{"href":"https:\/\/goldenstones.pl\/index.php?rest_route=\/wp\/v2\/product"}],"about":[{"href":"https:\/\/goldenstones.pl\/index.php?rest_route=\/wp\/v2\/types\/product"}],"replies":[{"embeddable":true,"href":"https:\/\/goldenstones.pl\/index.php?rest_route=%2Fwp%2Fv2%2Fcomments&post=747"}],"wp:featuredmedia":[{"embeddable":true,"href":"https:\/\/goldenstones.pl\/index.php?rest_route=\/wp\/v2\/media\/779"}],"wp:attachment":[{"href":"https:\/\/goldenstones.pl\/index.php?rest_route=%2Fwp%2Fv2%2Fmedia&parent=747"}],"wp:term":[{"taxonomy":"product_brand","embeddable":true,"href":"https:\/\/goldenstones.pl\/index.php?rest_route=%2Fwp%2Fv2%2Fproduct_brand&post=747"},{"taxonomy":"product_cat","embeddable":true,"href":"https:\/\/goldenstones.pl\/index.php?rest_route=%2Fwp%2Fv2%2Fproduct_cat&post=747"},{"taxonomy":"product_tag","embeddable":true,"href":"https:\/\/goldenstones.pl\/index.php?rest_route=%2Fwp%2Fv2%2Fproduct_tag&post=747"}],"curies":[{"name":"wp","href":"https:\/\/api.w.org\/{rel}","templated":true}]}}