{"id":749,"date":"2026-02-20T10:10:01","date_gmt":"2026-02-20T10:10:01","guid":{"rendered":"https:\/\/goldenstones.pl\/?post_type=product&#038;p=749"},"modified":"2026-03-09T13:56:32","modified_gmt":"2026-03-09T13:56:32","slug":"bryly-kora-kamienna-kamienie-pasiaste","status":"publish","type":"product","link":"https:\/\/goldenstones.pl\/?product=bryly-kora-kamienna-kamienie-pasiaste","title":{"rendered":"Bry\u0142y &#8211; Kora Kamienna, kamienie pasiaste"},"content":{"rendered":"<h2>Efektowna kora kamienna, bry\u0142y pasiaste<\/h2>\n<p>Szukasz niepowtarzalnego wyko\u0144czenia ogrodu? Wybierz kor\u0119 kamienn\u0105, o oryginalnym rdzawym ubarwieniu. Jest ona funkcjonaln\u0105 alternatywn\u0105 dla klasycznej kory, lecz odznacza si\u0119 trwa\u0142o\u015bci\u0105 i wygod\u0105 utrzymania, jednocze\u015bnie idealnie wype\u0142niaj\u0105c zielone przestrzenie. Przyczynia si\u0119 do zakwaszenia gleb, staj\u0105c si\u0119 perfekcyjnym pod\u0142o\u017cem dla drzew iglastych. Dzi\u0119ki unikalnej strukturze mo\u017cesz uzyska\u0107 imitacj\u0119 g\u00f3rskiego krajobrazu, tworz\u0105c ogrody skalne, jak i dope\u0142ni\u0107 rabatki czy skwery kreuj\u0105c efektowne kompozycje. Oferujemy najszerszy przekr\u00f3j kamieni, kt\u00f3re b\u0119d\u0105 wzbogaceniem architektury Twojego ogrodu w najwy\u017cszej jako\u015bci. <strong><a href=\"https:\/\/www.goldenstones.pl\/kategoria\/kamienie\/kamienie_lupane\/kamienie_lamane\/\">Zobacz ca\u0142\u0105 ofert\u0119 kamieni \u0142amanych &gt; tutaj.<\/a><\/strong><\/p>\n","protected":false},"excerpt":{"rendered":"<ul>\n<li><span style=\"color: #E36A00;\"><strong>FRAKCJA: <\/strong><\/span><span style=\"color: #333333;\">g\u0142azy, bry\u0142y pasiaste<\/span><\/li>\n<li><strong><span style=\"color: #E36A00;\">CECHY CHARAKTERYSTYCZNE: <\/span><\/strong><span style=\"color: #333333;\">ska\u0142a okruchowa o zwi\u0119z\u0142ym, \u015bcis\u0142ym kszta\u0142cie<\/span><\/li>\n<li><strong><span style=\"color: #E36A00;\">KOLORYSTYKA: <\/span><\/strong><span style=\"color: #333333;\">mix r\u00f3\u017cnych odcieni szaro\u015bci z wtr\u0105ceniem ugru, bieli i rdzawego<\/span><\/li>\n<li><span style=\"color: #E36A00;\"><strong>POCHODZENIE:<\/strong><\/span> <span style=\"color: #333333;\">Polska<\/span><\/li>\n<li><strong><span style=\"color: #E36A00;\">PRZEZNACZENIE:<\/span><\/strong> <span style=\"color: #333333;\">skwery, kwietniki, rabatki, alejki, kompozycje dekoracyjne w wazonach, gabionach<\/span><\/li>\n<\/ul>\n<p><span style=\"color: #333333;\"><a style=\"color: #333333;\" href=\"https:\/\/www.goldenstones.pl\/elementor-63\/\"><strong>Podana na stronie cena dotyczy jednej tony produktu. Przed zam\u00f3wieniem prosimy o kontakt w celu ustalenia szczeg\u00f3\u0142\u00f3w.<\/strong><\/a><\/span><\/p>\n","protected":false},"featured_media":716,"comment_status":"closed","ping_status":"closed","template":"","meta":{"_uag_custom_page_level_css":"","site-sidebar-layout":"default","site-content-layout":"","ast-site-content-layout":"default","site-content-style":"default","site-sidebar-style":"default","ast-global-header-display":"","ast-banner-title-visibility":"","ast-main-header-display":"","ast-hfb-above-header-display":"","ast-hfb-below-header-display":"","ast-hfb-mobile-header-display":"","site-post-title":"","ast-breadcrumbs-content":"","ast-featured-img":"","footer-sml-layout":"","ast-disable-related-posts":"","theme-transparent-header-meta":"","adv-header-id-meta":"","stick-header-meta":"","header-above-stick-meta":"","header-main-stick-meta":"","header-below-stick-meta":"","astra-migrate-meta-layouts":"default","ast-page-background-enabled":"default","ast-page-background-meta":{"desktop":{"background-color":"var(--ast-global-color-5)","background-image":"","background-repeat":"repeat","background-position":"center center","background-size":"auto","background-attachment":"scroll","background-type":"","background-media":"","overlay-type":"","overlay-color":"","overlay-opacity":"","overlay-gradient":""},"tablet":{"background-color":"","background-image":"","background-repeat":"repeat","background-position":"center center","background-size":"auto","background-attachment":"scroll","background-type":"","background-media":"","overlay-type":"","overlay-color":"","overlay-opacity":"","overlay-gradient":""},"mobile":{"background-color":"","background-image":"","background-repeat":"repeat","background-position":"center center","background-size":"auto","background-attachment":"scroll","background-type":"","background-media":"","overlay-type":"","overlay-color":"","overlay-opacity":"","overlay-gradient":""}},"ast-content-background-meta":{"desktop":{"background-color":"var(--ast-global-color-4)","background-image":"","background-repeat":"repeat","background-position":"center center","background-size":"auto","background-attachment":"scroll","background-type":"","background-media":"","overlay-type":"","overlay-color":"","overlay-opacity":"","overlay-gradient":""},"tablet":{"background-color":"var(--ast-global-color-4)","background-image":"","background-repeat":"repeat","background-position":"center center","background-size":"auto","background-attachment":"scroll","background-type":"","background-media":"","overlay-type":"","overlay-color":"","overlay-opacity":"","overlay-gradient":""},"mobile":{"background-color":"var(--ast-global-color-4)","background-image":"","background-repeat":"repeat","background-position":"center center","background-size":"auto","background-attachment":"scroll","background-type":"","background-media":"","overlay-type":"","overlay-color":"","overlay-opacity":"","overlay-gradient":""}}},"product_brand":[],"product_cat":[144,149,127,21,116,117],"product_tag":[163,121,162],"class_list":{"0":"post-749","1":"product","2":"type-product","3":"status-publish","4":"has-post-thumbnail","6":"product_cat-kamien-elewacyjny","7":"product_cat-kamien-lamany","8":"product_cat-kamien-murowy","9":"product_cat-kamienie","10":"product_cat-kamienie-kamienie","11":"product_cat-kora-kamienna-kamienie-kamienie","12":"product_tag-bryly-kora-kamienna-bydgoszcz","13":"product_tag-kora-kamienna-bydgoszcz","14":"product_tag-kora-kamienna-do-ogrodu","15":"desktop-align-left","16":"tablet-align-left","17":"mobile-align-left","19":"first","20":"instock","21":"shipping-taxable","22":"product-type-simple"},"uagb_featured_image_src":{"full":["https:\/\/goldenstones.pl\/wp-content\/uploads\/2026\/02\/dziki-mur-biale-blota-koronowo-sepolno.jpg",500,497,false],"thumbnail":["https:\/\/goldenstones.pl\/wp-content\/uploads\/2026\/02\/dziki-mur-biale-blota-koronowo-sepolno-150x150.jpg",150,150,true],"medium":["https:\/\/goldenstones.pl\/wp-content\/uploads\/2026\/02\/dziki-mur-biale-blota-koronowo-sepolno-300x298.jpg",300,298,true],"medium_large":["https:\/\/goldenstones.pl\/wp-content\/uploads\/2026\/02\/dziki-mur-biale-blota-koronowo-sepolno.jpg",500,497,false],"large":["https:\/\/goldenstones.pl\/wp-content\/uploads\/2026\/02\/dziki-mur-biale-blota-koronowo-sepolno.jpg",500,497,false],"1536x1536":["https:\/\/goldenstones.pl\/wp-content\/uploads\/2026\/02\/dziki-mur-biale-blota-koronowo-sepolno.jpg",500,497,false],"2048x2048":["https:\/\/goldenstones.pl\/wp-content\/uploads\/2026\/02\/dziki-mur-biale-blota-koronowo-sepolno.jpg",500,497,false],"woocommerce_thumbnail":["https:\/\/goldenstones.pl\/wp-content\/uploads\/2026\/02\/dziki-mur-biale-blota-koronowo-sepolno-300x300.jpg",300,300,true],"woocommerce_single":["https:\/\/goldenstones.pl\/wp-content\/uploads\/2026\/02\/dziki-mur-biale-blota-koronowo-sepolno.jpg",500,497,false],"woocommerce_gallery_thumbnail":["https:\/\/goldenstones.pl\/wp-content\/uploads\/2026\/02\/dziki-mur-biale-blota-koronowo-sepolno-100x100.jpg",100,100,true]},"uagb_author_info":{"display_name":"admin","author_link":"https:\/\/goldenstones.pl\/?author=0"},"uagb_comment_info":0,"uagb_excerpt":"FRAKCJA: g\u0142azy, bry\u0142y pasiaste CECHY CHARAKTERYSTYCZNE: ska\u0142a okruchowa o zwi\u0119z\u0142ym, \u015bcis\u0142ym kszta\u0142cie KOLORYSTYKA: mix r\u00f3\u017cnych odcieni szaro\u015bci z wtr\u0105ceniem ugru, bieli i rdzawego POCHODZENIE: Polska PRZEZNACZENIE: skwery, kwietniki, rabatki, alejki, kompozycje dekoracyjne w wazonach, gabionach Podana na stronie cena dotyczy jednej tony produktu. Przed zam\u00f3wieniem prosimy o kontakt w celu ustalenia szczeg\u00f3\u0142\u00f3w.","_links":{"self":[{"href":"https:\/\/goldenstones.pl\/index.php?rest_route=\/wp\/v2\/product\/749","targetHints":{"allow":["GET"]}}],"collection":[{"href":"https:\/\/goldenstones.pl\/index.php?rest_route=\/wp\/v2\/product"}],"about":[{"href":"https:\/\/goldenstones.pl\/index.php?rest_route=\/wp\/v2\/types\/product"}],"replies":[{"embeddable":true,"href":"https:\/\/goldenstones.pl\/index.php?rest_route=%2Fwp%2Fv2%2Fcomments&post=749"}],"wp:featuredmedia":[{"embeddable":true,"href":"https:\/\/goldenstones.pl\/index.php?rest_route=\/wp\/v2\/media\/716"}],"wp:attachment":[{"href":"https:\/\/goldenstones.pl\/index.php?rest_route=%2Fwp%2Fv2%2Fmedia&parent=749"}],"wp:term":[{"taxonomy":"product_brand","embeddable":true,"href":"https:\/\/goldenstones.pl\/index.php?rest_route=%2Fwp%2Fv2%2Fproduct_brand&post=749"},{"taxonomy":"product_cat","embeddable":true,"href":"https:\/\/goldenstones.pl\/index.php?rest_route=%2Fwp%2Fv2%2Fproduct_cat&post=749"},{"taxonomy":"product_tag","embeddable":true,"href":"https:\/\/goldenstones.pl\/index.php?rest_route=%2Fwp%2Fv2%2Fproduct_tag&post=749"}],"curies":[{"name":"wp","href":"https:\/\/api.w.org\/{rel}","templated":true}]}}