{"id":750,"date":"2026-02-20T10:10:01","date_gmt":"2026-02-20T10:10:01","guid":{"rendered":"https:\/\/goldenstones.pl\/?post_type=product&#038;p=750"},"modified":"2026-03-09T14:01:20","modified_gmt":"2026-03-09T14:01:20","slug":"bryly-glazy-skaly-gnejsowe-za-tone","status":"publish","type":"product","link":"https:\/\/goldenstones.pl\/?product=bryly-glazy-skaly-gnejsowe-za-tone","title":{"rendered":"Bry\u0142y, g\u0142azy, ska\u0142y gnejsowe za ton\u0119"},"content":{"rendered":"<h2>Bry\u0142y gnejsowe<\/h2>\n<p>Szukasz kamiennych ozd\u00f3b do swojego ogrodu? Chcia\u0142by\u015b mie\u0107 kamienne schody? Formedia Ci to zapewni!\u00a0 Ska\u0142y z gnejsu dobrze si\u0119 sprawdz\u0105 jako schodki kamienne a z naszych bry\u0142 mo\u017cesz utworzy\u0107 murek, \u015bcie\u017ck\u0119 ogrodow\u0105 czy nawet mo\u017ce pos\u0142u\u017cy\u0107 jako kamie\u0144 dekoracyjny w Twoim ogrodzie!\u00a0 Z bry\u0142 gnejsowych mo\u017cesz stworzy\u0107 grill, kt\u00f3ry b\u0119dzie praktyczny i wizualnie estetycznie wygl\u0105da\u0142. Je\u015bli posiadasz taras mo\u017cesz z naszych bry\u0142\u00a0 stworzy\u0107 st\u00f3\u0142 dla siebie! Idealnie b\u0119dzie pasowa\u0142 jako wyko\u0144czenie oczka wodnego lub kaskad. Kamienie o\u017cywi\u0105 Tw\u00f3j ogr\u00f3d jak i wizualnie je powi\u0119ksz\u0105.\u00a0 S\u0105 one dost\u0119pne w kolorystyce zieleni, r\u00f3\u017cu, ecru czy bieli. Ma doskonale w\u0142a\u015bciwo\u015bci jak i zastosowanie. Ska\u0142y z gnejsu cechuj\u0105 si\u0119 odporno\u015bci\u0105 na czynniki atmosferyczne, atrakcyjno\u015bci\u0105 wygl\u0105du i r\u00f3wnie\u017c jest mrozoodporny. Tylko u nas znajdziesz produkty, kt\u00f3re s\u0105 trwa\u0142e i wytrzyma\u0142e Specjalnie dla Ciebie, Twoje zam\u00f3wienie mo\u017ce by\u0107 przywiezione przez nas!<a href=\"https:\/\/www.goldenstones.pl\/sklep\/kategoria\/kamienie\/ogrodowe\/bryly_glazy\/\"><strong> Wejd\u017a i sprawd\u017a jak\u0105 ofert\u0119 przygotowali\u015bmy specjalnie dla Ciebie!\u00a0<\/strong><\/a><\/p>\n","protected":false},"excerpt":{"rendered":"<ul>\n<li><strong><span style=\"color: #E36A00;\">FRAKCJA: <\/span><\/strong><span style=\"color: #333333;\">10-50 cm<\/span><\/li>\n<li><strong><span style=\"color: #E36A00;\">CECHY CHARAKTERYSTYCZNE: <\/span><\/strong><span style=\"color: #333333;\">mrozoodporne ska\u0142y o intensywnym zielonym zabarwieniu r\u00f3\u017cowo bia\u0142ymi przebarwieniami<\/span><\/li>\n<li><strong><span style=\"color: #E36A00;\">KOLORYSTYKA: <\/span><\/strong><span style=\"color: #333333;\">odcienie zieleni, r\u00f3\u017c, ecru, biel<\/span><\/li>\n<li><span style=\"color: #E36A00;\"><strong>POCHODZENIE:<\/strong><span style=\"color: #333333;\">\u00a0<\/span><\/span><\/li>\n<li><strong><span style=\"color: #E36A00;\">PRZEZNACZENIE: <\/span><\/strong><span style=\"color: #333333;\">naturalna rze\u017aba ogrodowa monolit, kaskady i oczka wodne, fontanny<\/span><\/li>\n<\/ul>\n<p><span style=\"color: #333333;\"><a style=\"color: #333333;\" href=\"https:\/\/www.goldenstones.pl\/elementor-63\/\"><strong>Podana na stronie cena dotyczy jednej tony produktu. Przed zam\u00f3wieniem prosimy o kontakt w celu ustalenia szczeg\u00f3\u0142\u00f3w.<\/strong><\/a><\/span><\/p>\n","protected":false},"featured_media":782,"comment_status":"closed","ping_status":"closed","template":"","meta":{"_uag_custom_page_level_css":"","site-sidebar-layout":"default","site-content-layout":"","ast-site-content-layout":"default","site-content-style":"default","site-sidebar-style":"default","ast-global-header-display":"","ast-banner-title-visibility":"","ast-main-header-display":"","ast-hfb-above-header-display":"","ast-hfb-below-header-display":"","ast-hfb-mobile-header-display":"","site-post-title":"","ast-breadcrumbs-content":"","ast-featured-img":"","footer-sml-layout":"","ast-disable-related-posts":"","theme-transparent-header-meta":"","adv-header-id-meta":"","stick-header-meta":"","header-above-stick-meta":"","header-main-stick-meta":"","header-below-stick-meta":"","astra-migrate-meta-layouts":"default","ast-page-background-enabled":"default","ast-page-background-meta":{"desktop":{"background-color":"var(--ast-global-color-5)","background-image":"","background-repeat":"repeat","background-position":"center center","background-size":"auto","background-attachment":"scroll","background-type":"","background-media":"","overlay-type":"","overlay-color":"","overlay-opacity":"","overlay-gradient":""},"tablet":{"background-color":"","background-image":"","background-repeat":"repeat","background-position":"center center","background-size":"auto","background-attachment":"scroll","background-type":"","background-media":"","overlay-type":"","overlay-color":"","overlay-opacity":"","overlay-gradient":""},"mobile":{"background-color":"","background-image":"","background-repeat":"repeat","background-position":"center center","background-size":"auto","background-attachment":"scroll","background-type":"","background-media":"","overlay-type":"","overlay-color":"","overlay-opacity":"","overlay-gradient":""}},"ast-content-background-meta":{"desktop":{"background-color":"var(--ast-global-color-4)","background-image":"","background-repeat":"repeat","background-position":"center center","background-size":"auto","background-attachment":"scroll","background-type":"","background-media":"","overlay-type":"","overlay-color":"","overlay-opacity":"","overlay-gradient":""},"tablet":{"background-color":"var(--ast-global-color-4)","background-image":"","background-repeat":"repeat","background-position":"center center","background-size":"auto","background-attachment":"scroll","background-type":"","background-media":"","overlay-type":"","overlay-color":"","overlay-opacity":"","overlay-gradient":""},"mobile":{"background-color":"var(--ast-global-color-4)","background-image":"","background-repeat":"repeat","background-position":"center center","background-size":"auto","background-attachment":"scroll","background-type":"","background-media":"","overlay-type":"","overlay-color":"","overlay-opacity":"","overlay-gradient":""}}},"product_brand":[],"product_cat":[164,127,21,116],"product_tag":[163,121,162],"class_list":{"0":"post-750","1":"product","2":"type-product","3":"status-publish","4":"has-post-thumbnail","6":"product_cat-bryly-i-glazy-kamienie-kamienie","7":"product_cat-kamien-murowy","8":"product_cat-kamienie","9":"product_cat-kamienie-kamienie","10":"product_tag-bryly-kora-kamienna-bydgoszcz","11":"product_tag-kora-kamienna-bydgoszcz","12":"product_tag-kora-kamienna-do-ogrodu","13":"desktop-align-left","14":"tablet-align-left","15":"mobile-align-left","17":"first","18":"instock","19":"shipping-taxable","20":"product-type-simple"},"uagb_featured_image_src":{"full":["https:\/\/goldenstones.pl\/wp-content\/uploads\/2026\/02\/bryly-gnejsowe-ogrodowe.jpg",256,256,false],"thumbnail":["https:\/\/goldenstones.pl\/wp-content\/uploads\/2026\/02\/bryly-gnejsowe-ogrodowe-150x150.jpg",150,150,true],"medium":["https:\/\/goldenstones.pl\/wp-content\/uploads\/2026\/02\/bryly-gnejsowe-ogrodowe.jpg",256,256,false],"medium_large":["https:\/\/goldenstones.pl\/wp-content\/uploads\/2026\/02\/bryly-gnejsowe-ogrodowe.jpg",256,256,false],"large":["https:\/\/goldenstones.pl\/wp-content\/uploads\/2026\/02\/bryly-gnejsowe-ogrodowe.jpg",256,256,false],"1536x1536":["https:\/\/goldenstones.pl\/wp-content\/uploads\/2026\/02\/bryly-gnejsowe-ogrodowe.jpg",256,256,false],"2048x2048":["https:\/\/goldenstones.pl\/wp-content\/uploads\/2026\/02\/bryly-gnejsowe-ogrodowe.jpg",256,256,false],"woocommerce_thumbnail":["https:\/\/goldenstones.pl\/wp-content\/uploads\/2026\/02\/bryly-gnejsowe-ogrodowe.jpg",256,256,false],"woocommerce_single":["https:\/\/goldenstones.pl\/wp-content\/uploads\/2026\/02\/bryly-gnejsowe-ogrodowe.jpg",256,256,false],"woocommerce_gallery_thumbnail":["https:\/\/goldenstones.pl\/wp-content\/uploads\/2026\/02\/bryly-gnejsowe-ogrodowe-100x100.jpg",100,100,true]},"uagb_author_info":{"display_name":"admin","author_link":"https:\/\/goldenstones.pl\/?author=0"},"uagb_comment_info":0,"uagb_excerpt":"FRAKCJA: 10-50 cm CECHY CHARAKTERYSTYCZNE: mrozoodporne ska\u0142y o intensywnym zielonym zabarwieniu r\u00f3\u017cowo bia\u0142ymi przebarwieniami KOLORYSTYKA: odcienie zieleni, r\u00f3\u017c, ecru, biel POCHODZENIE:\u00a0 PRZEZNACZENIE: naturalna rze\u017aba ogrodowa monolit, kaskady i oczka wodne, fontanny Podana na stronie cena dotyczy jednej tony produktu. Przed zam\u00f3wieniem prosimy o kontakt w celu ustalenia szczeg\u00f3\u0142\u00f3w.","_links":{"self":[{"href":"https:\/\/goldenstones.pl\/index.php?rest_route=\/wp\/v2\/product\/750","targetHints":{"allow":["GET"]}}],"collection":[{"href":"https:\/\/goldenstones.pl\/index.php?rest_route=\/wp\/v2\/product"}],"about":[{"href":"https:\/\/goldenstones.pl\/index.php?rest_route=\/wp\/v2\/types\/product"}],"replies":[{"embeddable":true,"href":"https:\/\/goldenstones.pl\/index.php?rest_route=%2Fwp%2Fv2%2Fcomments&post=750"}],"wp:featuredmedia":[{"embeddable":true,"href":"https:\/\/goldenstones.pl\/index.php?rest_route=\/wp\/v2\/media\/782"}],"wp:attachment":[{"href":"https:\/\/goldenstones.pl\/index.php?rest_route=%2Fwp%2Fv2%2Fmedia&parent=750"}],"wp:term":[{"taxonomy":"product_brand","embeddable":true,"href":"https:\/\/goldenstones.pl\/index.php?rest_route=%2Fwp%2Fv2%2Fproduct_brand&post=750"},{"taxonomy":"product_cat","embeddable":true,"href":"https:\/\/goldenstones.pl\/index.php?rest_route=%2Fwp%2Fv2%2Fproduct_cat&post=750"},{"taxonomy":"product_tag","embeddable":true,"href":"https:\/\/goldenstones.pl\/index.php?rest_route=%2Fwp%2Fv2%2Fproduct_tag&post=750"}],"curies":[{"name":"wp","href":"https:\/\/api.w.org\/{rel}","templated":true}]}}