{"id":752,"date":"2026-02-20T10:10:01","date_gmt":"2026-02-20T10:10:01","guid":{"rendered":"https:\/\/goldenstones.pl\/?post_type=product&#038;p=752"},"modified":"2026-03-09T14:00:32","modified_gmt":"2026-03-09T14:00:32","slug":"bryly-firde-crystal-300-500-mm-1-tona","status":"publish","type":"product","link":"https:\/\/goldenstones.pl\/?product=bryly-firde-crystal-300-500-mm-1-tona","title":{"rendered":"Bry\u0142y Firde Crystal 300-500 mm (1 tona)"},"content":{"rendered":"<h2>Estetyczne bry\u0142y Firde Crystal od 5 do 15kg<\/h2>\n<p>Chcesz kreatywnie udekorowa\u0107 sw\u00f3j taras albo podw\u00f3rko? Szukasz czego\u015b co Ci\u0119 wyr\u00f3\u017cni?\u00a0 Bry\u0142y Fride Crystal na pewno znajd\u0105 swoje zastosowanie jako ozdoba do Twojego ogrodu czy podw\u00f3rka. Idealnie wpasuj\u0105 si\u0119 r\u00f3wnie\u017c do aran\u017cacji Twojego domu.\u00a0 Naturalne bry\u0142y \u015bwietnie wkomponuj\u0105 si\u0119 w ozdobie fontanny albo oczka wodnego a nawet kaskad. Kamienie Fride Crystal ju\u017c na starcie wyr\u00f3\u017cniaj\u0105 si\u0119 swoim ob\u0142ym kszta\u0142tem czyli s\u0105 zaokr\u0105glone oraz pod\u0142u\u017cne. Te pi\u0119kne kamienie pochodz\u0105\u00a0 prosto z W\u0142och. Posiadaj\u0105 one mix koloru: bia\u0142y, rdzawy oraz br\u0105zowy. Ciesz\u0105 si\u0119 one mrozoodporno\u015bci\u0105, przez co przez ca\u0142\u0105 zim\u0119 mo\u017cesz by\u0107 spokojny! Jeste\u015bmy firm\u0105, kt\u00f3ra ma zadowalaj\u0105ce ceny oraz dba o swoich klient\u00f3w. Ju\u017c Twoje zam\u00f3wienie mo\u017cemy przywie\u017a\u0107 Ci do domu!\u00a0<a href=\"https:\/\/www.goldenstones.pl\/sklep\/kategoria\/kamienie\/ogrodowe\/bryly_glazy\/\"> Sprawd\u017a jakie jeszcze mamy przygotowane dla Ciebie oferty! &gt;&gt; Wejd\u017a tutaj!<\/a><\/p>\n","protected":false},"excerpt":{"rendered":"<ul>\n<li><strong><span style=\"color: #E36A00;\">FRAKCJA: 2<\/span><\/strong><span style=\"color: #E36A00;\"><span style=\"color: #333333;\">0-40cm<\/span><\/span><\/li>\n<li><strong><span style=\"color: #E36A00;\">CECHY CHARAKTERYSTYCZNE: <\/span><\/strong><span style=\"color: #333333;\">ob\u0142y kszta\u0142t, mrozoodporny<\/span><\/li>\n<li><strong><span style=\"color: #E36A00;\">KOLORYSTYKA: <\/span><\/strong><span style=\"color: #333333;\">mix: biel, rdzawy i br\u0105zowy<\/span><\/li>\n<li><span style=\"color: #E36A00;\"><strong>POCHODZENIE:\u00a0<\/strong><span style=\"color: #333333;\">W\u0142ochy<\/span><\/span><\/li>\n<li><strong><span style=\"color: #E36A00;\">PRZEZNACZENIE: <\/span><\/strong>naturalna rze\u017aba ogrodowa,<span style=\"color: #333333;\">\u00a0kaskady i oczka wodne, fontanny<\/span><\/li>\n<\/ul>\n<p><span style=\"color: #333333;\"><a style=\"color: #333333;\" href=\"https:\/\/www.goldenstones.pl\/elementor-63\/\"><strong>Podana na stronie cena dotyczy jednego kilograma kamienia. Przed zam\u00f3wieniem prosimy o kontakt w celu ustalenia szczeg\u00f3\u0142\u00f3w.<\/strong><\/a><\/span><\/p>\n","protected":false},"featured_media":784,"comment_status":"closed","ping_status":"closed","template":"","meta":{"_uag_custom_page_level_css":"","site-sidebar-layout":"default","site-content-layout":"","ast-site-content-layout":"default","site-content-style":"default","site-sidebar-style":"default","ast-global-header-display":"","ast-banner-title-visibility":"","ast-main-header-display":"","ast-hfb-above-header-display":"","ast-hfb-below-header-display":"","ast-hfb-mobile-header-display":"","site-post-title":"","ast-breadcrumbs-content":"","ast-featured-img":"","footer-sml-layout":"","ast-disable-related-posts":"","theme-transparent-header-meta":"","adv-header-id-meta":"","stick-header-meta":"","header-above-stick-meta":"","header-main-stick-meta":"","header-below-stick-meta":"","astra-migrate-meta-layouts":"default","ast-page-background-enabled":"default","ast-page-background-meta":{"desktop":{"background-color":"var(--ast-global-color-5)","background-image":"","background-repeat":"repeat","background-position":"center center","background-size":"auto","background-attachment":"scroll","background-type":"","background-media":"","overlay-type":"","overlay-color":"","overlay-opacity":"","overlay-gradient":""},"tablet":{"background-color":"","background-image":"","background-repeat":"repeat","background-position":"center center","background-size":"auto","background-attachment":"scroll","background-type":"","background-media":"","overlay-type":"","overlay-color":"","overlay-opacity":"","overlay-gradient":""},"mobile":{"background-color":"","background-image":"","background-repeat":"repeat","background-position":"center center","background-size":"auto","background-attachment":"scroll","background-type":"","background-media":"","overlay-type":"","overlay-color":"","overlay-opacity":"","overlay-gradient":""}},"ast-content-background-meta":{"desktop":{"background-color":"var(--ast-global-color-4)","background-image":"","background-repeat":"repeat","background-position":"center center","background-size":"auto","background-attachment":"scroll","background-type":"","background-media":"","overlay-type":"","overlay-color":"","overlay-opacity":"","overlay-gradient":""},"tablet":{"background-color":"var(--ast-global-color-4)","background-image":"","background-repeat":"repeat","background-position":"center center","background-size":"auto","background-attachment":"scroll","background-type":"","background-media":"","overlay-type":"","overlay-color":"","overlay-opacity":"","overlay-gradient":""},"mobile":{"background-color":"var(--ast-global-color-4)","background-image":"","background-repeat":"repeat","background-position":"center center","background-size":"auto","background-attachment":"scroll","background-type":"","background-media":"","overlay-type":"","overlay-color":"","overlay-opacity":"","overlay-gradient":""}}},"product_brand":[],"product_cat":[164,21,116],"product_tag":[163,121,162],"class_list":{"0":"post-752","1":"product","2":"type-product","3":"status-publish","4":"has-post-thumbnail","6":"product_cat-bryly-i-glazy-kamienie-kamienie","7":"product_cat-kamienie","8":"product_cat-kamienie-kamienie","9":"product_tag-bryly-kora-kamienna-bydgoszcz","10":"product_tag-kora-kamienna-bydgoszcz","11":"product_tag-kora-kamienna-do-ogrodu","12":"desktop-align-left","13":"tablet-align-left","14":"mobile-align-left","16":"first","17":"instock","18":"shipping-taxable","19":"product-type-simple"},"uagb_featured_image_src":{"full":["https:\/\/goldenstones.pl\/wp-content\/uploads\/2026\/02\/brylyczerwone-pasiaste-fride-crystal.jpg",256,256,false],"thumbnail":["https:\/\/goldenstones.pl\/wp-content\/uploads\/2026\/02\/brylyczerwone-pasiaste-fride-crystal-150x150.jpg",150,150,true],"medium":["https:\/\/goldenstones.pl\/wp-content\/uploads\/2026\/02\/brylyczerwone-pasiaste-fride-crystal.jpg",256,256,false],"medium_large":["https:\/\/goldenstones.pl\/wp-content\/uploads\/2026\/02\/brylyczerwone-pasiaste-fride-crystal.jpg",256,256,false],"large":["https:\/\/goldenstones.pl\/wp-content\/uploads\/2026\/02\/brylyczerwone-pasiaste-fride-crystal.jpg",256,256,false],"1536x1536":["https:\/\/goldenstones.pl\/wp-content\/uploads\/2026\/02\/brylyczerwone-pasiaste-fride-crystal.jpg",256,256,false],"2048x2048":["https:\/\/goldenstones.pl\/wp-content\/uploads\/2026\/02\/brylyczerwone-pasiaste-fride-crystal.jpg",256,256,false],"woocommerce_thumbnail":["https:\/\/goldenstones.pl\/wp-content\/uploads\/2026\/02\/brylyczerwone-pasiaste-fride-crystal.jpg",256,256,false],"woocommerce_single":["https:\/\/goldenstones.pl\/wp-content\/uploads\/2026\/02\/brylyczerwone-pasiaste-fride-crystal.jpg",256,256,false],"woocommerce_gallery_thumbnail":["https:\/\/goldenstones.pl\/wp-content\/uploads\/2026\/02\/brylyczerwone-pasiaste-fride-crystal-100x100.jpg",100,100,true]},"uagb_author_info":{"display_name":"admin","author_link":"https:\/\/goldenstones.pl\/?author=0"},"uagb_comment_info":0,"uagb_excerpt":"FRAKCJA: 20-40cm CECHY CHARAKTERYSTYCZNE: ob\u0142y kszta\u0142t, mrozoodporny KOLORYSTYKA: mix: biel, rdzawy i br\u0105zowy POCHODZENIE:\u00a0W\u0142ochy PRZEZNACZENIE: naturalna rze\u017aba ogrodowa,\u00a0kaskady i oczka wodne, fontanny Podana na stronie cena dotyczy jednego kilograma kamienia. Przed zam\u00f3wieniem prosimy o kontakt w celu ustalenia szczeg\u00f3\u0142\u00f3w.","_links":{"self":[{"href":"https:\/\/goldenstones.pl\/index.php?rest_route=\/wp\/v2\/product\/752","targetHints":{"allow":["GET"]}}],"collection":[{"href":"https:\/\/goldenstones.pl\/index.php?rest_route=\/wp\/v2\/product"}],"about":[{"href":"https:\/\/goldenstones.pl\/index.php?rest_route=\/wp\/v2\/types\/product"}],"replies":[{"embeddable":true,"href":"https:\/\/goldenstones.pl\/index.php?rest_route=%2Fwp%2Fv2%2Fcomments&post=752"}],"wp:featuredmedia":[{"embeddable":true,"href":"https:\/\/goldenstones.pl\/index.php?rest_route=\/wp\/v2\/media\/784"}],"wp:attachment":[{"href":"https:\/\/goldenstones.pl\/index.php?rest_route=%2Fwp%2Fv2%2Fmedia&parent=752"}],"wp:term":[{"taxonomy":"product_brand","embeddable":true,"href":"https:\/\/goldenstones.pl\/index.php?rest_route=%2Fwp%2Fv2%2Fproduct_brand&post=752"},{"taxonomy":"product_cat","embeddable":true,"href":"https:\/\/goldenstones.pl\/index.php?rest_route=%2Fwp%2Fv2%2Fproduct_cat&post=752"},{"taxonomy":"product_tag","embeddable":true,"href":"https:\/\/goldenstones.pl\/index.php?rest_route=%2Fwp%2Fv2%2Fproduct_tag&post=752"}],"curies":[{"name":"wp","href":"https:\/\/api.w.org\/{rel}","templated":true}]}}