{"id":754,"date":"2026-02-20T10:10:01","date_gmt":"2026-02-20T10:10:01","guid":{"rendered":"https:\/\/goldenstones.pl\/?post_type=product&#038;p=754"},"modified":"2026-03-09T14:01:59","modified_gmt":"2026-03-09T14:01:59","slug":"ozdobne-bryly-z-serycytu-tona","status":"publish","type":"product","link":"https:\/\/goldenstones.pl\/?product=ozdobne-bryly-z-serycytu-tona","title":{"rendered":"Ozdobne bry\u0142y z serycytu , tona"},"content":{"rendered":"<h2>Bry\u0142y z serycytu<\/h2>\n<p>Nie wiesz gdzie znale\u017a\u0107 bry\u0142y ozdobne? Szukasz kamieni do Twojego murku?\u00a0 Oferujemy Ci ska\u0142y z serycytu, kt\u00f3re pos\u0142u\u017c\u0105 jako element ozdobny jak i architektoniczny. Pe\u0142ni\u0105 r\u00f3wnie\u017c funkcj\u0119 kamieni \u015bcie\u017ckowych czy elewacyjnych. Mo\u017cesz ozdobi\u0107 sw\u00f3j kominek albo wykona\u0107 go z naszych bry\u0142. Pi\u0119knie b\u0119dzie prezentowa\u0107 si\u0119 jako fontanna do Twojego ogrodu czy podw\u00f3rka. \u015awietnie nada si\u0119 r\u00f3wnie\u017c jako aran\u017cacja Twojego ogrodu. Pos\u0142u\u017c\u0105\u00a0 si\u0119 idealnie jako stworzenie w\u0142asnej kompozycji.\u00a0 Posiada ciep\u0142\u0105 tonacj\u0119 barwn\u0105. Charakteryzuje si\u0119 swoj\u0105 kolorystyk\u0105, kt\u00f3ra jest karmelowa, be\u017cowa, ecru czy ugier. Wyst\u0119puj\u0119 on w postaci ci\u0119tych pask\u00f3w czy drobno \u0142upanych kamieni. Ska\u0142y s\u0105 niezwykle\u00a0 okaza\u0142e oraz starannie obrobione. Cechuj\u0105 si\u0119 wysok\u0105 odporno\u015bci\u0105 oraz wytrzyma\u0142o\u015bci\u0105. Wykonujemy Twoje zam\u00f3wienia indywidualnie!\u00a0 <a href=\"https:\/\/www.goldenstones.pl\/sklep\/kategoria\/kamienie\/ogrodowe\/bryly_glazy\/\"><strong>Mamy\u00a0 te\u017c dla Ciebie jeszcze masy innych ofert! Wejd\u017a tutaj!\u00a0<\/strong><\/a><\/p>\n<p>&nbsp;<\/p>\n","protected":false},"excerpt":{"rendered":"<ul>\n<li><strong><span style=\"color: #E36A00;\">FRAKCJA: <\/span><\/strong><span style=\"color: #E36A00;\"><span style=\"color: #333333;\">40-100cm<\/span><\/span><\/li>\n<li><strong><span style=\"color: #E36A00;\">CECHY CHARAKTERYSTYCZNE: <\/span><\/strong><span style=\"color: #333333;\">ciep\u0142a tonacja kolorystyczna<\/span><\/li>\n<li><strong><span style=\"color: #E36A00;\">KOLORYSTYKA: <\/span><\/strong><span style=\"color: #333333;\">karmelowy, ugier, be\u017c, ecru<\/span><\/li>\n<li><span style=\"color: #E36A00;\"><strong>POCHODZENIE:<\/strong><span style=\"color: #333333;\"> \u00a0<\/span><\/span><\/li>\n<li><strong><span style=\"color: #E36A00;\">PRZEZNACZENIE: <\/span><\/strong>naturalna rze\u017aba ogrodowa <span style=\"color: #333333;\">monolit, kaskady i oczka wodne, fontanny<\/span><\/li>\n<\/ul>\n<p><span style=\"color: #333333;\"><a style=\"color: #333333;\" href=\"https:\/\/www.goldenstones.pl\/elementor-63\/\"><strong>Podana na stronie cena dotyczy jednej tony produktu. Przed zam\u00f3wieniem prosimy o kontakt w celu ustalenia szczeg\u00f3\u0142\u00f3w.<\/strong><\/a><\/span><\/p>\n","protected":false},"featured_media":786,"comment_status":"closed","ping_status":"closed","template":"","meta":{"_uag_custom_page_level_css":"","site-sidebar-layout":"default","site-content-layout":"","ast-site-content-layout":"default","site-content-style":"default","site-sidebar-style":"default","ast-global-header-display":"","ast-banner-title-visibility":"","ast-main-header-display":"","ast-hfb-above-header-display":"","ast-hfb-below-header-display":"","ast-hfb-mobile-header-display":"","site-post-title":"","ast-breadcrumbs-content":"","ast-featured-img":"","footer-sml-layout":"","ast-disable-related-posts":"","theme-transparent-header-meta":"","adv-header-id-meta":"","stick-header-meta":"","header-above-stick-meta":"","header-main-stick-meta":"","header-below-stick-meta":"","astra-migrate-meta-layouts":"default","ast-page-background-enabled":"default","ast-page-background-meta":{"desktop":{"background-color":"var(--ast-global-color-5)","background-image":"","background-repeat":"repeat","background-position":"center center","background-size":"auto","background-attachment":"scroll","background-type":"","background-media":"","overlay-type":"","overlay-color":"","overlay-opacity":"","overlay-gradient":""},"tablet":{"background-color":"","background-image":"","background-repeat":"repeat","background-position":"center center","background-size":"auto","background-attachment":"scroll","background-type":"","background-media":"","overlay-type":"","overlay-color":"","overlay-opacity":"","overlay-gradient":""},"mobile":{"background-color":"","background-image":"","background-repeat":"repeat","background-position":"center center","background-size":"auto","background-attachment":"scroll","background-type":"","background-media":"","overlay-type":"","overlay-color":"","overlay-opacity":"","overlay-gradient":""}},"ast-content-background-meta":{"desktop":{"background-color":"var(--ast-global-color-4)","background-image":"","background-repeat":"repeat","background-position":"center center","background-size":"auto","background-attachment":"scroll","background-type":"","background-media":"","overlay-type":"","overlay-color":"","overlay-opacity":"","overlay-gradient":""},"tablet":{"background-color":"var(--ast-global-color-4)","background-image":"","background-repeat":"repeat","background-position":"center center","background-size":"auto","background-attachment":"scroll","background-type":"","background-media":"","overlay-type":"","overlay-color":"","overlay-opacity":"","overlay-gradient":""},"mobile":{"background-color":"var(--ast-global-color-4)","background-image":"","background-repeat":"repeat","background-position":"center center","background-size":"auto","background-attachment":"scroll","background-type":"","background-media":"","overlay-type":"","overlay-color":"","overlay-opacity":"","overlay-gradient":""}}},"product_brand":[],"product_cat":[164,21,116],"product_tag":[165,166],"class_list":{"0":"post-754","1":"product","2":"type-product","3":"status-publish","4":"has-post-thumbnail","6":"product_cat-bryly-i-glazy-kamienie-kamienie","7":"product_cat-kamienie","8":"product_cat-kamienie-kamienie","9":"product_tag-bryly-ogrodowe-bydgoszcz","10":"product_tag-bryly-w-ogrodzie","11":"desktop-align-left","12":"tablet-align-left","13":"mobile-align-left","15":"first","16":"instock","17":"shipping-taxable","18":"product-type-simple"},"uagb_featured_image_src":{"full":["https:\/\/goldenstones.pl\/wp-content\/uploads\/2026\/02\/bryly-cerycytowe-golden-stones.jpg",256,256,false],"thumbnail":["https:\/\/goldenstones.pl\/wp-content\/uploads\/2026\/02\/bryly-cerycytowe-golden-stones-150x150.jpg",150,150,true],"medium":["https:\/\/goldenstones.pl\/wp-content\/uploads\/2026\/02\/bryly-cerycytowe-golden-stones.jpg",256,256,false],"medium_large":["https:\/\/goldenstones.pl\/wp-content\/uploads\/2026\/02\/bryly-cerycytowe-golden-stones.jpg",256,256,false],"large":["https:\/\/goldenstones.pl\/wp-content\/uploads\/2026\/02\/bryly-cerycytowe-golden-stones.jpg",256,256,false],"1536x1536":["https:\/\/goldenstones.pl\/wp-content\/uploads\/2026\/02\/bryly-cerycytowe-golden-stones.jpg",256,256,false],"2048x2048":["https:\/\/goldenstones.pl\/wp-content\/uploads\/2026\/02\/bryly-cerycytowe-golden-stones.jpg",256,256,false],"woocommerce_thumbnail":["https:\/\/goldenstones.pl\/wp-content\/uploads\/2026\/02\/bryly-cerycytowe-golden-stones.jpg",256,256,false],"woocommerce_single":["https:\/\/goldenstones.pl\/wp-content\/uploads\/2026\/02\/bryly-cerycytowe-golden-stones.jpg",256,256,false],"woocommerce_gallery_thumbnail":["https:\/\/goldenstones.pl\/wp-content\/uploads\/2026\/02\/bryly-cerycytowe-golden-stones-100x100.jpg",100,100,true]},"uagb_author_info":{"display_name":"admin","author_link":"https:\/\/goldenstones.pl\/?author=0"},"uagb_comment_info":0,"uagb_excerpt":"FRAKCJA: 40-100cm CECHY CHARAKTERYSTYCZNE: ciep\u0142a tonacja kolorystyczna KOLORYSTYKA: karmelowy, ugier, be\u017c, ecru POCHODZENIE: \u00a0 PRZEZNACZENIE: naturalna rze\u017aba ogrodowa monolit, kaskady i oczka wodne, fontanny Podana na stronie cena dotyczy jednej tony produktu. Przed zam\u00f3wieniem prosimy o kontakt w celu ustalenia szczeg\u00f3\u0142\u00f3w.","_links":{"self":[{"href":"https:\/\/goldenstones.pl\/index.php?rest_route=\/wp\/v2\/product\/754","targetHints":{"allow":["GET"]}}],"collection":[{"href":"https:\/\/goldenstones.pl\/index.php?rest_route=\/wp\/v2\/product"}],"about":[{"href":"https:\/\/goldenstones.pl\/index.php?rest_route=\/wp\/v2\/types\/product"}],"replies":[{"embeddable":true,"href":"https:\/\/goldenstones.pl\/index.php?rest_route=%2Fwp%2Fv2%2Fcomments&post=754"}],"wp:featuredmedia":[{"embeddable":true,"href":"https:\/\/goldenstones.pl\/index.php?rest_route=\/wp\/v2\/media\/786"}],"wp:attachment":[{"href":"https:\/\/goldenstones.pl\/index.php?rest_route=%2Fwp%2Fv2%2Fmedia&parent=754"}],"wp:term":[{"taxonomy":"product_brand","embeddable":true,"href":"https:\/\/goldenstones.pl\/index.php?rest_route=%2Fwp%2Fv2%2Fproduct_brand&post=754"},{"taxonomy":"product_cat","embeddable":true,"href":"https:\/\/goldenstones.pl\/index.php?rest_route=%2Fwp%2Fv2%2Fproduct_cat&post=754"},{"taxonomy":"product_tag","embeddable":true,"href":"https:\/\/goldenstones.pl\/index.php?rest_route=%2Fwp%2Fv2%2Fproduct_tag&post=754"}],"curies":[{"name":"wp","href":"https:\/\/api.w.org\/{rel}","templated":true}]}}