{"id":756,"date":"2026-02-20T10:10:02","date_gmt":"2026-02-20T10:10:02","guid":{"rendered":"https:\/\/goldenstones.pl\/?post_type=product&#038;p=756"},"modified":"2026-03-09T14:01:03","modified_gmt":"2026-03-09T14:01:03","slug":"bryly-roza-pustyni-12zl-kg","status":"publish","type":"product","link":"https:\/\/goldenstones.pl\/?product=bryly-roza-pustyni-12zl-kg","title":{"rendered":"Bry\u0142y R\u00f3\u017ca Pustyni (12z\u0142\/kg)"},"content":{"rendered":"<p>Bry\u0142y &#8211; to pi\u0119kne uzupe\u0142nienie pustych powierzchni w ogrodzie. To trwa\u0142a i wytrzyma\u0142a ska\u0142a. Jest to kruszywo ogrodowe cz\u0119sto wykorzystywane jako kamie\u0144 dekoracyjny.<br \/>\nKamienie posiadaj\u0105 r\u00f3\u017cn\u0105 wag\u0119 i dobierane s\u0105 indywidualnie. Przed zakupem prosimy o kontakt w celu ustalenia szczeg\u00f3\u0142\u00f3w zam\u00f3wienia!<\/p>\n","protected":false},"excerpt":{"rendered":"<p><strong>Waga kamieni waha si\u0119 w przedziale od 1 do 15 kg. G\u0142azy wyceniane s\u0105 indywidualnie w zale\u017cno\u015bci od wagi konkretnego g\u0142azu. Cena wyliczana jest na podstawie ilo\u015bci kilogram\u00f3w produktu. Przed zakupem prosimy o kontakt w celu ustalenia szczeg\u00f3\u0142\u00f3w zam\u00f3wienia!<\/strong><\/p>\n<ul>\n<li><strong><span style=\"color: #E36A00;\">FRAKCJA: 1<\/span><\/strong><span style=\"color: #E36A00;\"><span style=\"color: #333333;\">0-40cm<\/span><\/span><\/li>\n<li><strong><span style=\"color: #E36A00;\">CECHY CHARAKTERYSTYCZNE: <\/span><\/strong><span style=\"color: #333333;\">zbudowane z p\u0142atk\u00f3w skalnych, rodzaj piaskowej r\u00f3\u017cy z kryszta\u0142k\u00f3w gipsu i kwarcowego piasku<\/span><\/li>\n<li><strong><span style=\"color: #E36A00;\">KOLORYSTYKA: <\/span><\/strong><span style=\"color: #333333;\">karmelowy<\/span><\/li>\n<li><span style=\"color: #E36A00;\"><strong>POCHODZENIE:<\/strong><span style=\"color: #333333;\">\u00a0 kamie\u0144 pustynny g\u0142\u00f3wnie Sahara<\/span><\/span><\/li>\n<li><strong><span style=\"color: #E36A00;\">PRZEZNACZENIE: <\/span><\/strong>naturalna rze\u017aba ogrodowa <span style=\"color: #333333;\">monolit, kaskady i oczka wodne, fontanny<\/span><\/li>\n<\/ul>\n<p><span style=\"color: #333333;\"><strong>Podana na stronie cena dotyczy jednego kilograma kamienia.<\/strong><\/span><\/p>\n","protected":false},"featured_media":788,"comment_status":"closed","ping_status":"closed","template":"","meta":{"_uag_custom_page_level_css":"","site-sidebar-layout":"default","site-content-layout":"","ast-site-content-layout":"default","site-content-style":"default","site-sidebar-style":"default","ast-global-header-display":"","ast-banner-title-visibility":"","ast-main-header-display":"","ast-hfb-above-header-display":"","ast-hfb-below-header-display":"","ast-hfb-mobile-header-display":"","site-post-title":"","ast-breadcrumbs-content":"","ast-featured-img":"","footer-sml-layout":"","ast-disable-related-posts":"","theme-transparent-header-meta":"","adv-header-id-meta":"","stick-header-meta":"","header-above-stick-meta":"","header-main-stick-meta":"","header-below-stick-meta":"","astra-migrate-meta-layouts":"default","ast-page-background-enabled":"default","ast-page-background-meta":{"desktop":{"background-color":"var(--ast-global-color-5)","background-image":"","background-repeat":"repeat","background-position":"center center","background-size":"auto","background-attachment":"scroll","background-type":"","background-media":"","overlay-type":"","overlay-color":"","overlay-opacity":"","overlay-gradient":""},"tablet":{"background-color":"","background-image":"","background-repeat":"repeat","background-position":"center center","background-size":"auto","background-attachment":"scroll","background-type":"","background-media":"","overlay-type":"","overlay-color":"","overlay-opacity":"","overlay-gradient":""},"mobile":{"background-color":"","background-image":"","background-repeat":"repeat","background-position":"center center","background-size":"auto","background-attachment":"scroll","background-type":"","background-media":"","overlay-type":"","overlay-color":"","overlay-opacity":"","overlay-gradient":""}},"ast-content-background-meta":{"desktop":{"background-color":"var(--ast-global-color-4)","background-image":"","background-repeat":"repeat","background-position":"center center","background-size":"auto","background-attachment":"scroll","background-type":"","background-media":"","overlay-type":"","overlay-color":"","overlay-opacity":"","overlay-gradient":""},"tablet":{"background-color":"var(--ast-global-color-4)","background-image":"","background-repeat":"repeat","background-position":"center center","background-size":"auto","background-attachment":"scroll","background-type":"","background-media":"","overlay-type":"","overlay-color":"","overlay-opacity":"","overlay-gradient":""},"mobile":{"background-color":"var(--ast-global-color-4)","background-image":"","background-repeat":"repeat","background-position":"center center","background-size":"auto","background-attachment":"scroll","background-type":"","background-media":"","overlay-type":"","overlay-color":"","overlay-opacity":"","overlay-gradient":""}}},"product_brand":[],"product_cat":[164,21,116],"product_tag":[165,166],"class_list":{"0":"post-756","1":"product","2":"type-product","3":"status-publish","4":"has-post-thumbnail","6":"product_cat-bryly-i-glazy-kamienie-kamienie","7":"product_cat-kamienie","8":"product_cat-kamienie-kamienie","9":"product_tag-bryly-ogrodowe-bydgoszcz","10":"product_tag-bryly-w-ogrodzie","11":"desktop-align-left","12":"tablet-align-left","13":"mobile-align-left","15":"first","16":"instock","17":"shipping-taxable","18":"product-type-simple"},"uagb_featured_image_src":{"full":["https:\/\/goldenstones.pl\/wp-content\/uploads\/2026\/02\/bryly-roza-pustyni-glazy-bydgoszcz.jpg",256,256,false],"thumbnail":["https:\/\/goldenstones.pl\/wp-content\/uploads\/2026\/02\/bryly-roza-pustyni-glazy-bydgoszcz-150x150.jpg",150,150,true],"medium":["https:\/\/goldenstones.pl\/wp-content\/uploads\/2026\/02\/bryly-roza-pustyni-glazy-bydgoszcz.jpg",256,256,false],"medium_large":["https:\/\/goldenstones.pl\/wp-content\/uploads\/2026\/02\/bryly-roza-pustyni-glazy-bydgoszcz.jpg",256,256,false],"large":["https:\/\/goldenstones.pl\/wp-content\/uploads\/2026\/02\/bryly-roza-pustyni-glazy-bydgoszcz.jpg",256,256,false],"1536x1536":["https:\/\/goldenstones.pl\/wp-content\/uploads\/2026\/02\/bryly-roza-pustyni-glazy-bydgoszcz.jpg",256,256,false],"2048x2048":["https:\/\/goldenstones.pl\/wp-content\/uploads\/2026\/02\/bryly-roza-pustyni-glazy-bydgoszcz.jpg",256,256,false],"woocommerce_thumbnail":["https:\/\/goldenstones.pl\/wp-content\/uploads\/2026\/02\/bryly-roza-pustyni-glazy-bydgoszcz.jpg",256,256,false],"woocommerce_single":["https:\/\/goldenstones.pl\/wp-content\/uploads\/2026\/02\/bryly-roza-pustyni-glazy-bydgoszcz.jpg",256,256,false],"woocommerce_gallery_thumbnail":["https:\/\/goldenstones.pl\/wp-content\/uploads\/2026\/02\/bryly-roza-pustyni-glazy-bydgoszcz-100x100.jpg",100,100,true]},"uagb_author_info":{"display_name":"admin","author_link":"https:\/\/goldenstones.pl\/?author=0"},"uagb_comment_info":0,"uagb_excerpt":"Waga kamieni waha si\u0119 w przedziale od 1 do 15 kg. G\u0142azy wyceniane s\u0105 indywidualnie w zale\u017cno\u015bci od wagi konkretnego g\u0142azu. Cena wyliczana jest na podstawie ilo\u015bci kilogram\u00f3w produktu. Przed zakupem prosimy o kontakt w celu ustalenia szczeg\u00f3\u0142\u00f3w zam\u00f3wienia! FRAKCJA: 10-40cm CECHY CHARAKTERYSTYCZNE: zbudowane z p\u0142atk\u00f3w skalnych, rodzaj piaskowej r\u00f3\u017cy z kryszta\u0142k\u00f3w gipsu i kwarcowego&hellip;","_links":{"self":[{"href":"https:\/\/goldenstones.pl\/index.php?rest_route=\/wp\/v2\/product\/756","targetHints":{"allow":["GET"]}}],"collection":[{"href":"https:\/\/goldenstones.pl\/index.php?rest_route=\/wp\/v2\/product"}],"about":[{"href":"https:\/\/goldenstones.pl\/index.php?rest_route=\/wp\/v2\/types\/product"}],"replies":[{"embeddable":true,"href":"https:\/\/goldenstones.pl\/index.php?rest_route=%2Fwp%2Fv2%2Fcomments&post=756"}],"wp:featuredmedia":[{"embeddable":true,"href":"https:\/\/goldenstones.pl\/index.php?rest_route=\/wp\/v2\/media\/788"}],"wp:attachment":[{"href":"https:\/\/goldenstones.pl\/index.php?rest_route=%2Fwp%2Fv2%2Fmedia&parent=756"}],"wp:term":[{"taxonomy":"product_brand","embeddable":true,"href":"https:\/\/goldenstones.pl\/index.php?rest_route=%2Fwp%2Fv2%2Fproduct_brand&post=756"},{"taxonomy":"product_cat","embeddable":true,"href":"https:\/\/goldenstones.pl\/index.php?rest_route=%2Fwp%2Fv2%2Fproduct_cat&post=756"},{"taxonomy":"product_tag","embeddable":true,"href":"https:\/\/goldenstones.pl\/index.php?rest_route=%2Fwp%2Fv2%2Fproduct_tag&post=756"}],"curies":[{"name":"wp","href":"https:\/\/api.w.org\/{rel}","templated":true}]}}