{"id":760,"date":"2026-02-20T10:10:02","date_gmt":"2026-02-20T10:10:02","guid":{"rendered":"https:\/\/goldenstones.pl\/?post_type=product&#038;p=760"},"modified":"2026-03-09T14:00:38","modified_gmt":"2026-03-09T14:00:38","slug":"bryly-matrix-bianco-grig-300-500mm-1-tona","status":"publish","type":"product","link":"https:\/\/goldenstones.pl\/?product=bryly-matrix-bianco-grig-300-500mm-1-tona","title":{"rendered":"Bry\u0142y Matrix Bianco Grig 300-500mm (1 tona)"},"content":{"rendered":"<h2>Du\u017ce ozdobne kamienie do ogrodu<\/h2>\n<p>Szukasz niepowtarzalnego kamienia do swojego ogrodu? Zobacz w\u0142oskie bry\u0142y Matrix Bianco Grig o nietuzinkowej strukturze. Jest to kamie\u0144 dekoracyjny oferowany w du\u017cych fragmentach skalnych pomi\u0119dzy 20, a 40 cm. Cech\u0105 charakterystyczn\u0105 jest warstwowe u\u0142o\u017cenie naprzemiennych kolor\u00f3w bieli i bordowego wpadaj\u0105cego w ciep\u0142e fiolety. U\u0142\u00f3\u017c go na kwietniku lub w\u0142\u00f3\u017c do gabionu. Kamienie te sprzedawane s\u0105 zazwyczaj na sztuki, dzi\u0119ki czemu masz mo\u017cliwo\u015b\u0107 wybrania konkretnego, kt\u00f3ry najlepiej wpasuje si\u0119 w Twoj\u0105 kompozycj\u0119 ogrodow\u0105. Mo\u017cesz je tak\u017ce u\u0142o\u017cy\u0107 w terrarium. Chcesz stworzy\u0107 kompozycj\u0119 z kilku r\u00f3\u017cnych rodzaj\u00f3w bry\u0142 skalnych? <strong><a href=\"https:\/\/www.goldenstones.pl\/sklep\/kategoria\/kamienie\/ogrodowe\/bryly_glazy\/\">Zobacz nasze pozosta\u0142e propozycje z bry\u0142 i g\u0142az\u00f3w &gt; tutaj.<\/a><\/strong> Przed zakupem prosimy o kontakt w celu ustalenia szczeg\u00f3\u0142\u00f3w zam\u00f3wienia!<\/p>\n","protected":false},"excerpt":{"rendered":"<ul>\n<li><strong><span style=\"color: #E36A00;\">FRAKCJA: <\/span><\/strong><span style=\"color: #E36A00;\"><span style=\"color: #333333;\">20-40cm<\/span><\/span><\/li>\n<li><strong><span style=\"color: #E36A00;\">CECHY CHARAKTERYSTYCZNE: <\/span><\/strong><span style=\"color: #333333;\">mrozoodporne, jasny kamie\u0144 z widocznymi ciemnymi grubymi \u017cy\u0142ami<\/span><\/li>\n<li><strong><span style=\"color: #E36A00;\">KOLORYSTYKA: <\/span><\/strong><span style=\"color: #333333;\">mix: biel, ecru, fiolet<\/span><\/li>\n<li><span style=\"color: #E36A00;\"><strong>POCHODZENIE: <\/strong><span style=\"color: #333333;\">W\u0142ochy<\/span><\/span><\/li>\n<li><strong><span style=\"color: #E36A00;\">PRZEZNACZENIE:<\/span><\/strong> <span style=\"color: #333333;\">naturalna rze\u017aba ogrodowa,\u00a0kaskady i oczka wodne, fontanny<\/span><\/li>\n<\/ul>\n<p><span style=\"color: #333333;\"><a style=\"color: #333333;\" href=\"https:\/\/www.goldenstones.pl\/elementor-63\/\"><strong>Podana na stronie cena dotyczy jednego kilograma kamienia. Przed zam\u00f3wieniem prosimy o kontakt w celu ustalenia szczeg\u00f3\u0142\u00f3w.<\/strong><\/a><\/span><\/p>\n","protected":false},"featured_media":792,"comment_status":"closed","ping_status":"closed","template":"","meta":{"_uag_custom_page_level_css":"","site-sidebar-layout":"default","site-content-layout":"","ast-site-content-layout":"default","site-content-style":"default","site-sidebar-style":"default","ast-global-header-display":"","ast-banner-title-visibility":"","ast-main-header-display":"","ast-hfb-above-header-display":"","ast-hfb-below-header-display":"","ast-hfb-mobile-header-display":"","site-post-title":"","ast-breadcrumbs-content":"","ast-featured-img":"","footer-sml-layout":"","ast-disable-related-posts":"","theme-transparent-header-meta":"","adv-header-id-meta":"","stick-header-meta":"","header-above-stick-meta":"","header-main-stick-meta":"","header-below-stick-meta":"","astra-migrate-meta-layouts":"default","ast-page-background-enabled":"default","ast-page-background-meta":{"desktop":{"background-color":"var(--ast-global-color-5)","background-image":"","background-repeat":"repeat","background-position":"center center","background-size":"auto","background-attachment":"scroll","background-type":"","background-media":"","overlay-type":"","overlay-color":"","overlay-opacity":"","overlay-gradient":""},"tablet":{"background-color":"","background-image":"","background-repeat":"repeat","background-position":"center center","background-size":"auto","background-attachment":"scroll","background-type":"","background-media":"","overlay-type":"","overlay-color":"","overlay-opacity":"","overlay-gradient":""},"mobile":{"background-color":"","background-image":"","background-repeat":"repeat","background-position":"center center","background-size":"auto","background-attachment":"scroll","background-type":"","background-media":"","overlay-type":"","overlay-color":"","overlay-opacity":"","overlay-gradient":""}},"ast-content-background-meta":{"desktop":{"background-color":"var(--ast-global-color-4)","background-image":"","background-repeat":"repeat","background-position":"center center","background-size":"auto","background-attachment":"scroll","background-type":"","background-media":"","overlay-type":"","overlay-color":"","overlay-opacity":"","overlay-gradient":""},"tablet":{"background-color":"var(--ast-global-color-4)","background-image":"","background-repeat":"repeat","background-position":"center center","background-size":"auto","background-attachment":"scroll","background-type":"","background-media":"","overlay-type":"","overlay-color":"","overlay-opacity":"","overlay-gradient":""},"mobile":{"background-color":"var(--ast-global-color-4)","background-image":"","background-repeat":"repeat","background-position":"center center","background-size":"auto","background-attachment":"scroll","background-type":"","background-media":"","overlay-type":"","overlay-color":"","overlay-opacity":"","overlay-gradient":""}}},"product_brand":[],"product_cat":[164,21,116,142],"product_tag":[165,166],"class_list":{"0":"post-760","1":"product","2":"type-product","3":"status-publish","4":"has-post-thumbnail","6":"product_cat-bryly-i-glazy-kamienie-kamienie","7":"product_cat-kamienie","8":"product_cat-kamienie-kamienie","9":"product_cat-kaskady-i-oczka-wodne","10":"product_tag-bryly-ogrodowe-bydgoszcz","11":"product_tag-bryly-w-ogrodzie","12":"desktop-align-left","13":"tablet-align-left","14":"mobile-align-left","16":"first","17":"instock","18":"shipping-taxable","19":"product-type-simple"},"uagb_featured_image_src":{"full":["https:\/\/goldenstones.pl\/wp-content\/uploads\/2026\/02\/bryly-bialo-bordowe-hutrownia-kamienia.jpg",256,256,false],"thumbnail":["https:\/\/goldenstones.pl\/wp-content\/uploads\/2026\/02\/bryly-bialo-bordowe-hutrownia-kamienia-150x150.jpg",150,150,true],"medium":["https:\/\/goldenstones.pl\/wp-content\/uploads\/2026\/02\/bryly-bialo-bordowe-hutrownia-kamienia.jpg",256,256,false],"medium_large":["https:\/\/goldenstones.pl\/wp-content\/uploads\/2026\/02\/bryly-bialo-bordowe-hutrownia-kamienia.jpg",256,256,false],"large":["https:\/\/goldenstones.pl\/wp-content\/uploads\/2026\/02\/bryly-bialo-bordowe-hutrownia-kamienia.jpg",256,256,false],"1536x1536":["https:\/\/goldenstones.pl\/wp-content\/uploads\/2026\/02\/bryly-bialo-bordowe-hutrownia-kamienia.jpg",256,256,false],"2048x2048":["https:\/\/goldenstones.pl\/wp-content\/uploads\/2026\/02\/bryly-bialo-bordowe-hutrownia-kamienia.jpg",256,256,false],"woocommerce_thumbnail":["https:\/\/goldenstones.pl\/wp-content\/uploads\/2026\/02\/bryly-bialo-bordowe-hutrownia-kamienia.jpg",256,256,false],"woocommerce_single":["https:\/\/goldenstones.pl\/wp-content\/uploads\/2026\/02\/bryly-bialo-bordowe-hutrownia-kamienia.jpg",256,256,false],"woocommerce_gallery_thumbnail":["https:\/\/goldenstones.pl\/wp-content\/uploads\/2026\/02\/bryly-bialo-bordowe-hutrownia-kamienia-100x100.jpg",100,100,true]},"uagb_author_info":{"display_name":"admin","author_link":"https:\/\/goldenstones.pl\/?author=0"},"uagb_comment_info":0,"uagb_excerpt":"FRAKCJA: 20-40cm CECHY CHARAKTERYSTYCZNE: mrozoodporne, jasny kamie\u0144 z widocznymi ciemnymi grubymi \u017cy\u0142ami KOLORYSTYKA: mix: biel, ecru, fiolet POCHODZENIE: W\u0142ochy PRZEZNACZENIE: naturalna rze\u017aba ogrodowa,\u00a0kaskady i oczka wodne, fontanny Podana na stronie cena dotyczy jednego kilograma kamienia. Przed zam\u00f3wieniem prosimy o kontakt w celu ustalenia szczeg\u00f3\u0142\u00f3w.","_links":{"self":[{"href":"https:\/\/goldenstones.pl\/index.php?rest_route=\/wp\/v2\/product\/760","targetHints":{"allow":["GET"]}}],"collection":[{"href":"https:\/\/goldenstones.pl\/index.php?rest_route=\/wp\/v2\/product"}],"about":[{"href":"https:\/\/goldenstones.pl\/index.php?rest_route=\/wp\/v2\/types\/product"}],"replies":[{"embeddable":true,"href":"https:\/\/goldenstones.pl\/index.php?rest_route=%2Fwp%2Fv2%2Fcomments&post=760"}],"wp:featuredmedia":[{"embeddable":true,"href":"https:\/\/goldenstones.pl\/index.php?rest_route=\/wp\/v2\/media\/792"}],"wp:attachment":[{"href":"https:\/\/goldenstones.pl\/index.php?rest_route=%2Fwp%2Fv2%2Fmedia&parent=760"}],"wp:term":[{"taxonomy":"product_brand","embeddable":true,"href":"https:\/\/goldenstones.pl\/index.php?rest_route=%2Fwp%2Fv2%2Fproduct_brand&post=760"},{"taxonomy":"product_cat","embeddable":true,"href":"https:\/\/goldenstones.pl\/index.php?rest_route=%2Fwp%2Fv2%2Fproduct_cat&post=760"},{"taxonomy":"product_tag","embeddable":true,"href":"https:\/\/goldenstones.pl\/index.php?rest_route=%2Fwp%2Fv2%2Fproduct_tag&post=760"}],"curies":[{"name":"wp","href":"https:\/\/api.w.org\/{rel}","templated":true}]}}