{"id":762,"date":"2026-02-20T10:10:03","date_gmt":"2026-02-20T10:10:03","guid":{"rendered":"https:\/\/goldenstones.pl\/?post_type=product&#038;p=762"},"modified":"2026-03-09T14:00:54","modified_gmt":"2026-03-09T14:00:54","slug":"bryly-ogrodowe-otoczak-rainbow-300-500-mm-2-50zl-kg","status":"publish","type":"product","link":"https:\/\/goldenstones.pl\/?product=bryly-ogrodowe-otoczak-rainbow-300-500-mm-2-50zl-kg","title":{"rendered":"Bry\u0142y ogrodowe otoczak Rainbow 300-500 mm 2.50z\u0142\/kg"},"content":{"rendered":"<h2>Stylowe kamienie\u00a0ogrodowe Rainbow<\/h2>\n<p>Szukasz czego\u015b co doda urokowi Twojej dzia\u0142ce? Z kamieniami ogrodowymi\u00a0 Rainbow upi\u0119kszysz swoje wn\u0119trze. Mo\u017cesz\u00a0 z nich stworzy\u0107 \u015bcie\u017ck\u0119 albo posypa\u0107 je wok\u00f3\u0142 drzew. Dzi\u0119ki im mo\u017cesz otrzymasz niesamowity efekt dekoracyjny. Atrakcyjne bry\u0142y, kt\u00f3re s\u0105 w jasnej kolorystyce z naprzemiennej warstwy b\u0119d\u0105 \u015bwietnie wyr\u00f3\u017cnia\u0142y Twoj\u0105 posiad\u0142o\u015b\u0107. B\u0119d\u0105 one przekuwa\u0142y wzrok Twoich go\u015bci. Doskonale b\u0119d\u0105 wsp\u00f3\u0142gra\u0107 z fontann\u0105 czy oczkiem wodnym. Wygl\u0105da pi\u0119knie jako ozdoba na dnie akwarium. Wykorzystanie bry\u0142 Rainbow jest naprawd\u0119 wiele. S\u0105 mrozoodporne dzi\u0119ki czemu nie musisz ba\u0107 si\u0119 o zim\u0119 ani o mrozy. Jeste\u015bmy firm\u0105, kt\u00f3ra gwarantuje Ci szybk\u0105 wysy\u0142k\u0119. Je\u015bli b\u0119dziesz chcia\u0142 mo\u017cemy Twoje zam\u00f3wienie przywie\u017a\u0107 do Ciebie! Zam\u00f3w u nas ju\u017c teraz!\u00a0 Nasza firma ma jeszcze inne ciekawe oferty! <a href=\"https:\/\/www.goldenstones.pl\/sklep\/kategoria\/kamienie\/ogrodowe\/bryly_glazy\/page\/2\/\">Wystarczy wej\u015b\u0107 &gt;&gt; tutaj i zobaczy\u0107!\u00a0<\/a><\/p>\n","protected":false},"excerpt":{"rendered":"<ul>\n<li><strong><span style=\"color: #E36A00;\">FRAKCJA: <\/span><\/strong><span style=\"color: #E36A00;\"><span style=\"color: #333333;\">20-40cm<\/span><\/span><\/li>\n<li><strong><span style=\"color: #E36A00;\">CECHY CHARAKTERYSTYCZNE: <\/span><\/strong><span style=\"color: #333333;\">ob\u0142y kszta\u0142t, mrozoodporny, jasny kamie\u0144 z widocznymi naprzemiennymi warstwami<\/span><\/li>\n<li><strong><span style=\"color: #E36A00;\">KOLORYSTYKA: <\/span><\/strong><span style=\"color: #333333;\">na przemiennie ecru i ugier<\/span><\/li>\n<li><span style=\"color: #E36A00;\"><strong>POCHODZENIE: <\/strong><span style=\"color: #333333;\">W\u0142ochy<\/span><\/span><\/li>\n<li><strong><span style=\"color: #E36A00;\">PRZEZNACZENIE:<\/span><\/strong> <span style=\"color: #333333;\">naturalna rze\u017aba ogrodowa, kaskady i oczka wodne, fontanny<\/span><\/li>\n<\/ul>\n<p><span style=\"color: #333333;\"><a style=\"color: #333333;\" href=\"https:\/\/www.goldenstones.pl\/elementor-63\/\"><strong>Podana na stronie cena dotyczy jednego kilograma kamienia.. Przed zam\u00f3wieniem prosimy o kontakt w celu ustalenia szczeg\u00f3\u0142\u00f3w.<\/strong><\/a><\/span><\/p>\n","protected":false},"featured_media":794,"comment_status":"closed","ping_status":"closed","template":"","meta":{"_uag_custom_page_level_css":"","site-sidebar-layout":"default","site-content-layout":"","ast-site-content-layout":"default","site-content-style":"default","site-sidebar-style":"default","ast-global-header-display":"","ast-banner-title-visibility":"","ast-main-header-display":"","ast-hfb-above-header-display":"","ast-hfb-below-header-display":"","ast-hfb-mobile-header-display":"","site-post-title":"","ast-breadcrumbs-content":"","ast-featured-img":"","footer-sml-layout":"","ast-disable-related-posts":"","theme-transparent-header-meta":"","adv-header-id-meta":"","stick-header-meta":"","header-above-stick-meta":"","header-main-stick-meta":"","header-below-stick-meta":"","astra-migrate-meta-layouts":"default","ast-page-background-enabled":"default","ast-page-background-meta":{"desktop":{"background-color":"var(--ast-global-color-5)","background-image":"","background-repeat":"repeat","background-position":"center center","background-size":"auto","background-attachment":"scroll","background-type":"","background-media":"","overlay-type":"","overlay-color":"","overlay-opacity":"","overlay-gradient":""},"tablet":{"background-color":"","background-image":"","background-repeat":"repeat","background-position":"center center","background-size":"auto","background-attachment":"scroll","background-type":"","background-media":"","overlay-type":"","overlay-color":"","overlay-opacity":"","overlay-gradient":""},"mobile":{"background-color":"","background-image":"","background-repeat":"repeat","background-position":"center center","background-size":"auto","background-attachment":"scroll","background-type":"","background-media":"","overlay-type":"","overlay-color":"","overlay-opacity":"","overlay-gradient":""}},"ast-content-background-meta":{"desktop":{"background-color":"var(--ast-global-color-4)","background-image":"","background-repeat":"repeat","background-position":"center center","background-size":"auto","background-attachment":"scroll","background-type":"","background-media":"","overlay-type":"","overlay-color":"","overlay-opacity":"","overlay-gradient":""},"tablet":{"background-color":"var(--ast-global-color-4)","background-image":"","background-repeat":"repeat","background-position":"center center","background-size":"auto","background-attachment":"scroll","background-type":"","background-media":"","overlay-type":"","overlay-color":"","overlay-opacity":"","overlay-gradient":""},"mobile":{"background-color":"var(--ast-global-color-4)","background-image":"","background-repeat":"repeat","background-position":"center center","background-size":"auto","background-attachment":"scroll","background-type":"","background-media":"","overlay-type":"","overlay-color":"","overlay-opacity":"","overlay-gradient":""}}},"product_brand":[],"product_cat":[164,21,116,37],"product_tag":[165,166],"class_list":{"0":"post-762","1":"product","2":"type-product","3":"status-publish","4":"has-post-thumbnail","6":"product_cat-bryly-i-glazy-kamienie-kamienie","7":"product_cat-kamienie","8":"product_cat-kamienie-kamienie","9":"product_cat-uwypuklone-na-stronie-glownej-sklepu","10":"product_tag-bryly-ogrodowe-bydgoszcz","11":"product_tag-bryly-w-ogrodzie","12":"desktop-align-left","13":"tablet-align-left","14":"mobile-align-left","16":"first","17":"instock","18":"shipping-taxable","19":"product-type-simple"},"uagb_featured_image_src":{"full":["https:\/\/goldenstones.pl\/wp-content\/uploads\/2026\/02\/bryly-otoczaki-raibow-teczowe.jpg",256,256,false],"thumbnail":["https:\/\/goldenstones.pl\/wp-content\/uploads\/2026\/02\/bryly-otoczaki-raibow-teczowe-150x150.jpg",150,150,true],"medium":["https:\/\/goldenstones.pl\/wp-content\/uploads\/2026\/02\/bryly-otoczaki-raibow-teczowe.jpg",256,256,false],"medium_large":["https:\/\/goldenstones.pl\/wp-content\/uploads\/2026\/02\/bryly-otoczaki-raibow-teczowe.jpg",256,256,false],"large":["https:\/\/goldenstones.pl\/wp-content\/uploads\/2026\/02\/bryly-otoczaki-raibow-teczowe.jpg",256,256,false],"1536x1536":["https:\/\/goldenstones.pl\/wp-content\/uploads\/2026\/02\/bryly-otoczaki-raibow-teczowe.jpg",256,256,false],"2048x2048":["https:\/\/goldenstones.pl\/wp-content\/uploads\/2026\/02\/bryly-otoczaki-raibow-teczowe.jpg",256,256,false],"woocommerce_thumbnail":["https:\/\/goldenstones.pl\/wp-content\/uploads\/2026\/02\/bryly-otoczaki-raibow-teczowe.jpg",256,256,false],"woocommerce_single":["https:\/\/goldenstones.pl\/wp-content\/uploads\/2026\/02\/bryly-otoczaki-raibow-teczowe.jpg",256,256,false],"woocommerce_gallery_thumbnail":["https:\/\/goldenstones.pl\/wp-content\/uploads\/2026\/02\/bryly-otoczaki-raibow-teczowe-100x100.jpg",100,100,true]},"uagb_author_info":{"display_name":"admin","author_link":"https:\/\/goldenstones.pl\/?author=0"},"uagb_comment_info":0,"uagb_excerpt":"FRAKCJA: 20-40cm CECHY CHARAKTERYSTYCZNE: ob\u0142y kszta\u0142t, mrozoodporny, jasny kamie\u0144 z widocznymi naprzemiennymi warstwami KOLORYSTYKA: na przemiennie ecru i ugier POCHODZENIE: W\u0142ochy PRZEZNACZENIE: naturalna rze\u017aba ogrodowa, kaskady i oczka wodne, fontanny Podana na stronie cena dotyczy jednego kilograma kamienia.. Przed zam\u00f3wieniem prosimy o kontakt w celu ustalenia szczeg\u00f3\u0142\u00f3w.","_links":{"self":[{"href":"https:\/\/goldenstones.pl\/index.php?rest_route=\/wp\/v2\/product\/762","targetHints":{"allow":["GET"]}}],"collection":[{"href":"https:\/\/goldenstones.pl\/index.php?rest_route=\/wp\/v2\/product"}],"about":[{"href":"https:\/\/goldenstones.pl\/index.php?rest_route=\/wp\/v2\/types\/product"}],"replies":[{"embeddable":true,"href":"https:\/\/goldenstones.pl\/index.php?rest_route=%2Fwp%2Fv2%2Fcomments&post=762"}],"wp:featuredmedia":[{"embeddable":true,"href":"https:\/\/goldenstones.pl\/index.php?rest_route=\/wp\/v2\/media\/794"}],"wp:attachment":[{"href":"https:\/\/goldenstones.pl\/index.php?rest_route=%2Fwp%2Fv2%2Fmedia&parent=762"}],"wp:term":[{"taxonomy":"product_brand","embeddable":true,"href":"https:\/\/goldenstones.pl\/index.php?rest_route=%2Fwp%2Fv2%2Fproduct_brand&post=762"},{"taxonomy":"product_cat","embeddable":true,"href":"https:\/\/goldenstones.pl\/index.php?rest_route=%2Fwp%2Fv2%2Fproduct_cat&post=762"},{"taxonomy":"product_tag","embeddable":true,"href":"https:\/\/goldenstones.pl\/index.php?rest_route=%2Fwp%2Fv2%2Fproduct_tag&post=762"}],"curies":[{"name":"wp","href":"https:\/\/api.w.org\/{rel}","templated":true}]}}