{"id":769,"date":"2026-02-20T10:10:04","date_gmt":"2026-02-20T10:10:04","guid":{"rendered":"https:\/\/goldenstones.pl\/?post_type=product&#038;p=769"},"modified":"2026-03-09T13:51:39","modified_gmt":"2026-03-09T13:51:39","slug":"grys-thassos-snieznobialy-16-25mm-worek-20kg","status":"publish","type":"product","link":"https:\/\/goldenstones.pl\/?product=grys-thassos-snieznobialy-16-25mm-worek-20kg","title":{"rendered":"Grys Thassos \u015anie\u017cnobia\u0142y 16-25mm worek 20kg"},"content":{"rendered":"<h2>Grys Thassos<\/h2>\n<p>To \u015bnie\u017cnobia\u0142y grys z Grecji, kt\u00f3rego nazwa pochodzi od uwielbianej przez turyst\u00f3w wyspy Thassos. Jest najbielszym marmurem na \u015bwiecie. \u015anie\u017cna biel jest bardzo efektowna i elegancka, dobrze komponuje si\u0119 z zieleni\u0105 w ogrodzie, jak i idealnie dope\u0142nia wn\u0119trza. Charakteryzuje si\u0119 drobinkami kryszta\u0142k\u00f3w pi\u0119knie mieni\u0105cych si\u0119 w s\u0142o\u0144cu. Jego wielko\u015b\u0107 to 16-25mm. <a href=\"https:\/\/www.goldenstones.pl\/kategoria\/kamienie\/ogrodowe\/grysy_zwiry\/\">Zobacz reszt\u0119 naszej oferty z grysami i \u017cwirami &gt;tutaj.<\/a><\/p>\n","protected":false},"excerpt":{"rendered":"<ul>\n<li><span style=\"color: #E36A00;\"><strong>FRAKCJA: <\/strong><\/span><span style=\"color: #333333;\">16-25mm<\/span><\/li>\n<li><strong><span style=\"color: #E36A00;\">WYDAJNO\u015a\u0106:<\/span> <\/strong><span style=\"color: #333333;\"><strong>1 tona<\/strong> oko\u0142o 18 m2, <strong>1 worek\/20kg<\/strong> oko\u0142o 0,4-0,5 m2<\/span><\/li>\n<li><strong><span style=\"color: #E36A00;\">CECHY CHARAKTERYSTYCZNE:<\/span><\/strong> <span style=\"color: #333333;\">kolor czysta biel, mieni\u0105cy si\u0119<\/span><\/li>\n<li><strong><span style=\"color: #E36A00;\">KOLORYSTYKA:<\/span><\/strong> <span style=\"color: #333333;\">\u015bnie\u017cno-bia\u0142y<\/span><\/li>\n<li><span style=\"color: #E36A00;\"><strong>POCHODZENIE:<\/strong><\/span> <span style=\"color: #333333;\">Grecja<\/span><\/li>\n<li><strong><span style=\"color: #E36A00;\">PRZEZNACZENIE:<\/span><\/strong> <span style=\"color: #333333;\">wn\u0119trza spa i hoteli, donice, kwietniki, biokominki<\/span><\/li>\n<li><strong><span style=\"color: #E36A00;\">PIEL\u0118GNACJA:<\/span><\/strong> <span style=\"color: #333333;\">na zewn\u0105trz k\u0142adziony na agrow\u0142\u00f3knini\u0119, na zim\u0119 zabezpiecza\u0107 przed czynnikami zewn\u0119trznymi<\/span><\/li>\n<li><span style=\"color: #E36A00;\"><strong>DOST\u0118PNE FRAKCJE: <\/strong><\/span><span style=\"color: #333333;\">0-8mm, 8-16mm, 16-25mm<\/span><\/li>\n<\/ul>\n<p><strong>Podana na stronie cena dotyczy 20 kg produktu.<\/strong><\/p>\n","protected":false},"featured_media":801,"comment_status":"closed","ping_status":"closed","template":"","meta":{"_uag_custom_page_level_css":"","site-sidebar-layout":"default","site-content-layout":"","ast-site-content-layout":"default","site-content-style":"default","site-sidebar-style":"default","ast-global-header-display":"","ast-banner-title-visibility":"","ast-main-header-display":"","ast-hfb-above-header-display":"","ast-hfb-below-header-display":"","ast-hfb-mobile-header-display":"","site-post-title":"","ast-breadcrumbs-content":"","ast-featured-img":"","footer-sml-layout":"","ast-disable-related-posts":"","theme-transparent-header-meta":"","adv-header-id-meta":"","stick-header-meta":"","header-above-stick-meta":"","header-main-stick-meta":"","header-below-stick-meta":"","astra-migrate-meta-layouts":"default","ast-page-background-enabled":"default","ast-page-background-meta":{"desktop":{"background-color":"var(--ast-global-color-5)","background-image":"","background-repeat":"repeat","background-position":"center center","background-size":"auto","background-attachment":"scroll","background-type":"","background-media":"","overlay-type":"","overlay-color":"","overlay-opacity":"","overlay-gradient":""},"tablet":{"background-color":"","background-image":"","background-repeat":"repeat","background-position":"center center","background-size":"auto","background-attachment":"scroll","background-type":"","background-media":"","overlay-type":"","overlay-color":"","overlay-opacity":"","overlay-gradient":""},"mobile":{"background-color":"","background-image":"","background-repeat":"repeat","background-position":"center center","background-size":"auto","background-attachment":"scroll","background-type":"","background-media":"","overlay-type":"","overlay-color":"","overlay-opacity":"","overlay-gradient":""}},"ast-content-background-meta":{"desktop":{"background-color":"var(--ast-global-color-4)","background-image":"","background-repeat":"repeat","background-position":"center center","background-size":"auto","background-attachment":"scroll","background-type":"","background-media":"","overlay-type":"","overlay-color":"","overlay-opacity":"","overlay-gradient":""},"tablet":{"background-color":"var(--ast-global-color-4)","background-image":"","background-repeat":"repeat","background-position":"center center","background-size":"auto","background-attachment":"scroll","background-type":"","background-media":"","overlay-type":"","overlay-color":"","overlay-opacity":"","overlay-gradient":""},"mobile":{"background-color":"var(--ast-global-color-4)","background-image":"","background-repeat":"repeat","background-position":"center center","background-size":"auto","background-attachment":"scroll","background-type":"","background-media":"","overlay-type":"","overlay-color":"","overlay-opacity":"","overlay-gradient":""}}},"product_brand":[],"product_cat":[161,21,116],"product_tag":[167,169,168,170],"class_list":{"0":"post-769","1":"product","2":"type-product","3":"status-publish","4":"has-post-thumbnail","6":"product_cat-grysy-i-zwiry-kamienie-kamienie","7":"product_cat-kamienie","8":"product_cat-kamienie-kamienie","9":"product_tag-grysy-bydgoszcz","10":"product_tag-grysy-i-otoczaki-bydgoszcz","11":"product_tag-tanie-grysy-bydgoszcz","12":"product_tag-tanie-kamienie-ogrodowe","13":"desktop-align-left","14":"tablet-align-left","15":"mobile-align-left","17":"first","18":"instock","19":"shipping-taxable","20":"purchasable","21":"product-type-simple"},"uagb_featured_image_src":{"full":["https:\/\/goldenstones.pl\/wp-content\/uploads\/2026\/02\/Grys-Thassos-Snieznobialy-16-25mm-worek-20kg.jpg",500,500,false],"thumbnail":["https:\/\/goldenstones.pl\/wp-content\/uploads\/2026\/02\/Grys-Thassos-Snieznobialy-16-25mm-worek-20kg-150x150.jpg",150,150,true],"medium":["https:\/\/goldenstones.pl\/wp-content\/uploads\/2026\/02\/Grys-Thassos-Snieznobialy-16-25mm-worek-20kg-300x300.jpg",300,300,true],"medium_large":["https:\/\/goldenstones.pl\/wp-content\/uploads\/2026\/02\/Grys-Thassos-Snieznobialy-16-25mm-worek-20kg.jpg",500,500,false],"large":["https:\/\/goldenstones.pl\/wp-content\/uploads\/2026\/02\/Grys-Thassos-Snieznobialy-16-25mm-worek-20kg.jpg",500,500,false],"1536x1536":["https:\/\/goldenstones.pl\/wp-content\/uploads\/2026\/02\/Grys-Thassos-Snieznobialy-16-25mm-worek-20kg.jpg",500,500,false],"2048x2048":["https:\/\/goldenstones.pl\/wp-content\/uploads\/2026\/02\/Grys-Thassos-Snieznobialy-16-25mm-worek-20kg.jpg",500,500,false],"woocommerce_thumbnail":["https:\/\/goldenstones.pl\/wp-content\/uploads\/2026\/02\/Grys-Thassos-Snieznobialy-16-25mm-worek-20kg-300x300.jpg",300,300,true],"woocommerce_single":["https:\/\/goldenstones.pl\/wp-content\/uploads\/2026\/02\/Grys-Thassos-Snieznobialy-16-25mm-worek-20kg.jpg",500,500,false],"woocommerce_gallery_thumbnail":["https:\/\/goldenstones.pl\/wp-content\/uploads\/2026\/02\/Grys-Thassos-Snieznobialy-16-25mm-worek-20kg-100x100.jpg",100,100,true]},"uagb_author_info":{"display_name":"admin","author_link":"https:\/\/goldenstones.pl\/?author=0"},"uagb_comment_info":0,"uagb_excerpt":"FRAKCJA: 16-25mm WYDAJNO\u015a\u0106: 1 tona oko\u0142o 18 m2, 1 worek\/20kg oko\u0142o 0,4-0,5 m2 CECHY CHARAKTERYSTYCZNE: kolor czysta biel, mieni\u0105cy si\u0119 KOLORYSTYKA: \u015bnie\u017cno-bia\u0142y POCHODZENIE: Grecja PRZEZNACZENIE: wn\u0119trza spa i hoteli, donice, kwietniki, biokominki PIEL\u0118GNACJA: na zewn\u0105trz k\u0142adziony na agrow\u0142\u00f3knini\u0119, na zim\u0119 zabezpiecza\u0107 przed czynnikami zewn\u0119trznymi DOST\u0118PNE FRAKCJE: 0-8mm, 8-16mm, 16-25mm Podana na stronie cena dotyczy 20&hellip;","_links":{"self":[{"href":"https:\/\/goldenstones.pl\/index.php?rest_route=\/wp\/v2\/product\/769","targetHints":{"allow":["GET"]}}],"collection":[{"href":"https:\/\/goldenstones.pl\/index.php?rest_route=\/wp\/v2\/product"}],"about":[{"href":"https:\/\/goldenstones.pl\/index.php?rest_route=\/wp\/v2\/types\/product"}],"replies":[{"embeddable":true,"href":"https:\/\/goldenstones.pl\/index.php?rest_route=%2Fwp%2Fv2%2Fcomments&post=769"}],"wp:featuredmedia":[{"embeddable":true,"href":"https:\/\/goldenstones.pl\/index.php?rest_route=\/wp\/v2\/media\/801"}],"wp:attachment":[{"href":"https:\/\/goldenstones.pl\/index.php?rest_route=%2Fwp%2Fv2%2Fmedia&parent=769"}],"wp:term":[{"taxonomy":"product_brand","embeddable":true,"href":"https:\/\/goldenstones.pl\/index.php?rest_route=%2Fwp%2Fv2%2Fproduct_brand&post=769"},{"taxonomy":"product_cat","embeddable":true,"href":"https:\/\/goldenstones.pl\/index.php?rest_route=%2Fwp%2Fv2%2Fproduct_cat&post=769"},{"taxonomy":"product_tag","embeddable":true,"href":"https:\/\/goldenstones.pl\/index.php?rest_route=%2Fwp%2Fv2%2Fproduct_tag&post=769"}],"curies":[{"name":"wp","href":"https:\/\/api.w.org\/{rel}","templated":true}]}}