{"id":803,"date":"2026-02-20T10:10:21","date_gmt":"2026-02-20T10:10:21","guid":{"rendered":"https:\/\/goldenstones.pl\/?post_type=product&#038;p=803"},"modified":"2026-03-09T13:47:21","modified_gmt":"2026-03-09T13:47:21","slug":"grys-bialy-z-przebarwieniami-8-16-mm-worek-20kg","status":"publish","type":"product","link":"https:\/\/goldenstones.pl\/?product=grys-bialy-z-przebarwieniami-8-16-mm-worek-20kg","title":{"rendered":"Grys Bia\u0142y z Przebarwieniami 8-16 mm worek 20kg"},"content":{"rendered":"<h2 style=\"text-align: left;\">Grys Bia\u0142y z przebarwieniami<\/h2>\n<p style=\"text-align: left;\">Posiada przebarwienia o jasnej kolorystyce w pastelowych odcieniach, kt\u00f3re upi\u0119ksz\u0105 tw\u00f3j ogr\u00f3d nie powoduj\u0105c monotonii.<br \/>\nPrezentowany grys to nowoczesny, a zarazem najpopularniejszy element dekorowania ogrod\u00f3w i przestrzeni wok\u00f3\u0142 domu. Grysy jako ozdobny kamie\u0144 posiadaj\u0105 bardzo szerok\u0105 palet\u0119 kolor\u00f3w przez co maj\u0105 du\u017ce mo\u017cliwo\u015bci dekoracyjne w wazonach, gabionach i donicach, ale tak\u017ce skwerach, kwietnikach, rabatkach czy alejkach. Do takich kamieni ozdobnych zalecane jest pod\u0142o\u017ce z agrow\u0142\u00f3kniny lub bord\u00f3w. Nasza firma jest najwi\u0119kszym dostawc\u0105 w regionie maj\u0105cym opcj\u0119 zapakowania zam\u00f3wionego towaru i dostarczenia go wywrotk\u0105 HDS lub naczep\u0105 tirow\u0105 w\u00a0 zale\u017cno\u015bci od wielko\u015bci zam\u00f3wienia.<\/p>\n","protected":false},"excerpt":{"rendered":"<ul>\n<li><span style=\"color: #E36A00;\"><strong>FRAKCJA: <\/strong><\/span><span style=\"color: #333333;\">8-16cm<\/span><\/li>\n<li><strong><span style=\"color: #E36A00;\">WYDAJNO\u015a\u0106:<\/span> <\/strong><span style=\"color: #333333;\"><strong>1 tona<\/strong> oko\u0142o 20 m\u00b2, <strong>1 worek\/20kg<\/strong> oko\u0142o 0,6 m\u00b2<\/span><\/li>\n<li><strong><span style=\"color: #E36A00;\">CECHY CHARAKTERYSTYCZNE:<\/span><\/strong> <span style=\"color: #333333;\">jasna kolorystyka, o ciep\u0142ym pastelowym odcieniu<\/span><\/li>\n<li><strong><span style=\"color: #E36A00;\">KOLORYSTYKA:<\/span><\/strong> <span style=\"color: #333333;\">mix: biel, be\u017c, pudrowy r\u00f3\u017c, jasna szaro\u015b\u0107<\/span><\/li>\n<li><span style=\"color: #E36A00;\"><strong>POCHODZENIE:<\/strong><\/span> <span style=\"color: #333333;\">Polska<\/span><\/li>\n<li><strong><span style=\"color: #E36A00;\">PRZEZNACZENIE:<\/span><\/strong> <span style=\"color: #333333;\">skwery, kwietniki, rabatki, alejki, kompozycje dekoracyjne w wazonach, gabionach i donicach<\/span><\/li>\n<li><strong><span style=\"color: #E36A00;\">PIEL\u0118GNACJA:<\/span><\/strong> <span style=\"color: #333333;\">zalecane pod\u0142o\u017ce z agrow\u0142\u00f3kniny i bord\u00f3w<\/span><\/li>\n<\/ul>\n<p><strong>Podana na stronie cena dotyczy 20 kg produktu.<\/strong><\/p>\n","protected":false},"featured_media":833,"comment_status":"closed","ping_status":"closed","template":"","meta":{"_uag_custom_page_level_css":"","site-sidebar-layout":"default","site-content-layout":"","ast-site-content-layout":"default","site-content-style":"default","site-sidebar-style":"default","ast-global-header-display":"","ast-banner-title-visibility":"","ast-main-header-display":"","ast-hfb-above-header-display":"","ast-hfb-below-header-display":"","ast-hfb-mobile-header-display":"","site-post-title":"","ast-breadcrumbs-content":"","ast-featured-img":"","footer-sml-layout":"","ast-disable-related-posts":"","theme-transparent-header-meta":"","adv-header-id-meta":"","stick-header-meta":"","header-above-stick-meta":"","header-main-stick-meta":"","header-below-stick-meta":"","astra-migrate-meta-layouts":"default","ast-page-background-enabled":"default","ast-page-background-meta":{"desktop":{"background-color":"var(--ast-global-color-5)","background-image":"","background-repeat":"repeat","background-position":"center center","background-size":"auto","background-attachment":"scroll","background-type":"","background-media":"","overlay-type":"","overlay-color":"","overlay-opacity":"","overlay-gradient":""},"tablet":{"background-color":"","background-image":"","background-repeat":"repeat","background-position":"center center","background-size":"auto","background-attachment":"scroll","background-type":"","background-media":"","overlay-type":"","overlay-color":"","overlay-opacity":"","overlay-gradient":""},"mobile":{"background-color":"","background-image":"","background-repeat":"repeat","background-position":"center center","background-size":"auto","background-attachment":"scroll","background-type":"","background-media":"","overlay-type":"","overlay-color":"","overlay-opacity":"","overlay-gradient":""}},"ast-content-background-meta":{"desktop":{"background-color":"var(--ast-global-color-4)","background-image":"","background-repeat":"repeat","background-position":"center center","background-size":"auto","background-attachment":"scroll","background-type":"","background-media":"","overlay-type":"","overlay-color":"","overlay-opacity":"","overlay-gradient":""},"tablet":{"background-color":"var(--ast-global-color-4)","background-image":"","background-repeat":"repeat","background-position":"center center","background-size":"auto","background-attachment":"scroll","background-type":"","background-media":"","overlay-type":"","overlay-color":"","overlay-opacity":"","overlay-gradient":""},"mobile":{"background-color":"var(--ast-global-color-4)","background-image":"","background-repeat":"repeat","background-position":"center center","background-size":"auto","background-attachment":"scroll","background-type":"","background-media":"","overlay-type":"","overlay-color":"","overlay-opacity":"","overlay-gradient":""}}},"product_brand":[],"product_cat":[161,21,116],"product_tag":[167,169,168,170],"class_list":{"0":"post-803","1":"product","2":"type-product","3":"status-publish","4":"has-post-thumbnail","6":"product_cat-grysy-i-zwiry-kamienie-kamienie","7":"product_cat-kamienie","8":"product_cat-kamienie-kamienie","9":"product_tag-grysy-bydgoszcz","10":"product_tag-grysy-i-otoczaki-bydgoszcz","11":"product_tag-tanie-grysy-bydgoszcz","12":"product_tag-tanie-kamienie-ogrodowe","13":"desktop-align-left","14":"tablet-align-left","15":"mobile-align-left","17":"first","18":"instock","19":"shipping-taxable","20":"purchasable","21":"product-type-simple"},"uagb_featured_image_src":{"full":["https:\/\/goldenstones.pl\/wp-content\/uploads\/2026\/02\/Grys-Bialy-z-Przebarwieniami-8-16-mm-worek-20kg.jpg",500,493,false],"thumbnail":["https:\/\/goldenstones.pl\/wp-content\/uploads\/2026\/02\/Grys-Bialy-z-Przebarwieniami-8-16-mm-worek-20kg-150x150.jpg",150,150,true],"medium":["https:\/\/goldenstones.pl\/wp-content\/uploads\/2026\/02\/Grys-Bialy-z-Przebarwieniami-8-16-mm-worek-20kg-300x296.jpg",300,296,true],"medium_large":["https:\/\/goldenstones.pl\/wp-content\/uploads\/2026\/02\/Grys-Bialy-z-Przebarwieniami-8-16-mm-worek-20kg.jpg",500,493,false],"large":["https:\/\/goldenstones.pl\/wp-content\/uploads\/2026\/02\/Grys-Bialy-z-Przebarwieniami-8-16-mm-worek-20kg.jpg",500,493,false],"1536x1536":["https:\/\/goldenstones.pl\/wp-content\/uploads\/2026\/02\/Grys-Bialy-z-Przebarwieniami-8-16-mm-worek-20kg.jpg",500,493,false],"2048x2048":["https:\/\/goldenstones.pl\/wp-content\/uploads\/2026\/02\/Grys-Bialy-z-Przebarwieniami-8-16-mm-worek-20kg.jpg",500,493,false],"woocommerce_thumbnail":["https:\/\/goldenstones.pl\/wp-content\/uploads\/2026\/02\/Grys-Bialy-z-Przebarwieniami-8-16-mm-worek-20kg-300x300.jpg",300,300,true],"woocommerce_single":["https:\/\/goldenstones.pl\/wp-content\/uploads\/2026\/02\/Grys-Bialy-z-Przebarwieniami-8-16-mm-worek-20kg.jpg",500,493,false],"woocommerce_gallery_thumbnail":["https:\/\/goldenstones.pl\/wp-content\/uploads\/2026\/02\/Grys-Bialy-z-Przebarwieniami-8-16-mm-worek-20kg-100x100.jpg",100,100,true]},"uagb_author_info":{"display_name":"admin","author_link":"https:\/\/goldenstones.pl\/?author=0"},"uagb_comment_info":0,"uagb_excerpt":"FRAKCJA: 8-16cm WYDAJNO\u015a\u0106: 1 tona oko\u0142o 20 m\u00b2, 1 worek\/20kg oko\u0142o 0,6 m\u00b2 CECHY CHARAKTERYSTYCZNE: jasna kolorystyka, o ciep\u0142ym pastelowym odcieniu KOLORYSTYKA: mix: biel, be\u017c, pudrowy r\u00f3\u017c, jasna szaro\u015b\u0107 POCHODZENIE: Polska PRZEZNACZENIE: skwery, kwietniki, rabatki, alejki, kompozycje dekoracyjne w wazonach, gabionach i donicach PIEL\u0118GNACJA: zalecane pod\u0142o\u017ce z agrow\u0142\u00f3kniny i bord\u00f3w Podana na stronie cena dotyczy&hellip;","_links":{"self":[{"href":"https:\/\/goldenstones.pl\/index.php?rest_route=\/wp\/v2\/product\/803","targetHints":{"allow":["GET"]}}],"collection":[{"href":"https:\/\/goldenstones.pl\/index.php?rest_route=\/wp\/v2\/product"}],"about":[{"href":"https:\/\/goldenstones.pl\/index.php?rest_route=\/wp\/v2\/types\/product"}],"replies":[{"embeddable":true,"href":"https:\/\/goldenstones.pl\/index.php?rest_route=%2Fwp%2Fv2%2Fcomments&post=803"}],"wp:featuredmedia":[{"embeddable":true,"href":"https:\/\/goldenstones.pl\/index.php?rest_route=\/wp\/v2\/media\/833"}],"wp:attachment":[{"href":"https:\/\/goldenstones.pl\/index.php?rest_route=%2Fwp%2Fv2%2Fmedia&parent=803"}],"wp:term":[{"taxonomy":"product_brand","embeddable":true,"href":"https:\/\/goldenstones.pl\/index.php?rest_route=%2Fwp%2Fv2%2Fproduct_brand&post=803"},{"taxonomy":"product_cat","embeddable":true,"href":"https:\/\/goldenstones.pl\/index.php?rest_route=%2Fwp%2Fv2%2Fproduct_cat&post=803"},{"taxonomy":"product_tag","embeddable":true,"href":"https:\/\/goldenstones.pl\/index.php?rest_route=%2Fwp%2Fv2%2Fproduct_tag&post=803"}],"curies":[{"name":"wp","href":"https:\/\/api.w.org\/{rel}","templated":true}]}}