{"id":817,"date":"2026-02-20T10:10:22","date_gmt":"2026-02-20T10:10:22","guid":{"rendered":"https:\/\/goldenstones.pl\/?post_type=product&#038;p=817"},"modified":"2026-03-09T13:47:28","modified_gmt":"2026-03-09T13:47:28","slug":"grys-granitowy-16-22-mm-worek-20kg","status":"publish","type":"product","link":"https:\/\/goldenstones.pl\/?product=grys-granitowy-16-22-mm-worek-20kg","title":{"rendered":"Grys Granitowy 16-22 mm worek 20kg"},"content":{"rendered":"<h2>Grys Granitowy<\/h2>\n<p>Kruszywo te jest w<strong>\u00a0<\/strong>jasnoszarym w czarne drobne c\u0119tki barwie pochodzenia mineralnego i naturalnego, wytrzyma\u0142ym, mrozoodpornym, ma\u0142o nasi\u0105kliwym, nie podlega procesom starzenia zachowuj\u0105c sta\u0142o\u015b\u0107 barwy i g\u0142adko\u015b\u0107 powierzchni, kamie\u0144 po umyciu &#8211; odzyskuje swoje pe\u0142ne w\u0142asno\u015bci dekoracyjne i ekologiczne. Najcz\u0119\u015bciej stosowany jest jako sk\u0142adnik dekoracyjny ogr\u00f3dk\u00f3w skalnych, podjazd\u00f3w, oczek wodnych, posypki wok\u00f3\u0142 drzew, opasek wok\u00f3\u0142 budynk\u00f3w ale mo\u017ce te\u017c by\u0107 u\u017cyteczny w uzupe\u0142nieniu pustych powierzchni ogrodu. Jeste\u015bmy najwi\u0119kszym dostawc\u0105 w regionie o mo\u017cliwo\u015b\u0107 zapakowania towaru i dostarczenia go do Ciebie. Posiadamy wywrotk\u0105 HDS lub w przypadku wi\u0119kszego zam\u00f3wienia mamy mo\u017cliwo\u015b\u0107 przywiezienia go naczep\u0105 tirow\u0105.<\/p>\n","protected":false},"excerpt":{"rendered":"<ul>\n<li><span style=\"color: #E36A00;\"><strong>FRAKCJA: <\/strong><\/span><span style=\"color: #333333;\">16-22mm<\/span><\/li>\n<li><strong><span style=\"color: #E36A00;\">WYDAJNO\u015a\u0106:<\/span> <\/strong><span style=\"color: #333333;\"><strong>1 tona<\/strong> oko\u0142o 18 m\u00b2, <strong>1 worek\/20 kg<\/strong> 0,5 m\u00b2<\/span><\/li>\n<li><strong><span style=\"color: #E36A00;\">CECHY CHARAKTERYSTYCZNE: <\/span><\/strong><span style=\"color: #333333;\">struktura jawnokrystaliczna zbudowana z minera\u0142\u00f3w g\u0142\u00f3wnych jak kwarc, skalenia alkaliczne i plagioklaz<\/span><\/li>\n<li><strong><span style=\"color: #E36A00;\">KOLORYSTYKA: <\/span><\/strong><span style=\"color: #E36A00;\"><span style=\"color: #333333;\">jasnoszara w czarne drobne c\u0119tki<\/span><\/span><\/li>\n<li><span style=\"color: #E36A00;\"><strong>POCHODZENIE:<\/strong><\/span> <span style=\"color: #333333;\">Polska<\/span><\/li>\n<li><strong><span style=\"color: #E36A00;\">PRZEZNACZENIE:<\/span><\/strong> <span style=\"color: #333333;\">obrze\u017ca, skwery, kwietniki, rabatki, alejki, kompozycje dekoracyjne w wazonach, brzegi oczek wodnych, kaskady<\/span><\/li>\n<li><strong><span style=\"color: #E36A00;\">PIEL\u0118GNACJA:<\/span><\/strong> <span style=\"color: #333333;\">zalecane pod\u0142o\u017ce z agrow\u0142\u00f3kniny i bord\u00f3w<\/span><\/li>\n<li><span style=\"color: #E36A00;\"><strong>DOST\u0118PNE FRAKCJE: <\/strong><\/span><span style=\"color: #333333;\">8-16mm, 16-22mm<\/span><\/li>\n<\/ul>\n<p><strong>Podana na stronie cena dotyczy 20 kg produktu. Przed zam\u00f3wieniem prosimy o kontakt w celu ustalenia szczeg\u00f3\u0142\u00f3w.<\/strong><\/p>\n","protected":false},"featured_media":850,"comment_status":"closed","ping_status":"closed","template":"","meta":{"_uag_custom_page_level_css":"","site-sidebar-layout":"default","site-content-layout":"","ast-site-content-layout":"default","site-content-style":"default","site-sidebar-style":"default","ast-global-header-display":"","ast-banner-title-visibility":"","ast-main-header-display":"","ast-hfb-above-header-display":"","ast-hfb-below-header-display":"","ast-hfb-mobile-header-display":"","site-post-title":"","ast-breadcrumbs-content":"","ast-featured-img":"","footer-sml-layout":"","ast-disable-related-posts":"","theme-transparent-header-meta":"","adv-header-id-meta":"","stick-header-meta":"","header-above-stick-meta":"","header-main-stick-meta":"","header-below-stick-meta":"","astra-migrate-meta-layouts":"default","ast-page-background-enabled":"default","ast-page-background-meta":{"desktop":{"background-color":"var(--ast-global-color-5)","background-image":"","background-repeat":"repeat","background-position":"center center","background-size":"auto","background-attachment":"scroll","background-type":"","background-media":"","overlay-type":"","overlay-color":"","overlay-opacity":"","overlay-gradient":""},"tablet":{"background-color":"","background-image":"","background-repeat":"repeat","background-position":"center center","background-size":"auto","background-attachment":"scroll","background-type":"","background-media":"","overlay-type":"","overlay-color":"","overlay-opacity":"","overlay-gradient":""},"mobile":{"background-color":"","background-image":"","background-repeat":"repeat","background-position":"center center","background-size":"auto","background-attachment":"scroll","background-type":"","background-media":"","overlay-type":"","overlay-color":"","overlay-opacity":"","overlay-gradient":""}},"ast-content-background-meta":{"desktop":{"background-color":"var(--ast-global-color-4)","background-image":"","background-repeat":"repeat","background-position":"center center","background-size":"auto","background-attachment":"scroll","background-type":"","background-media":"","overlay-type":"","overlay-color":"","overlay-opacity":"","overlay-gradient":""},"tablet":{"background-color":"var(--ast-global-color-4)","background-image":"","background-repeat":"repeat","background-position":"center center","background-size":"auto","background-attachment":"scroll","background-type":"","background-media":"","overlay-type":"","overlay-color":"","overlay-opacity":"","overlay-gradient":""},"mobile":{"background-color":"var(--ast-global-color-4)","background-image":"","background-repeat":"repeat","background-position":"center center","background-size":"auto","background-attachment":"scroll","background-type":"","background-media":"","overlay-type":"","overlay-color":"","overlay-opacity":"","overlay-gradient":""}}},"product_brand":[],"product_cat":[161,21,116],"product_tag":[171,167,172,169,168,170],"class_list":{"0":"post-817","1":"product","2":"type-product","3":"status-publish","4":"has-post-thumbnail","6":"product_cat-grysy-i-zwiry-kamienie-kamienie","7":"product_cat-kamienie","8":"product_cat-kamienie-kamienie","9":"product_tag-grys-granitowy-bydgoszcz","10":"product_tag-grysy-bydgoszcz","11":"product_tag-grysy-granitowe","12":"product_tag-grysy-i-otoczaki-bydgoszcz","13":"product_tag-tanie-grysy-bydgoszcz","14":"product_tag-tanie-kamienie-ogrodowe","15":"desktop-align-left","16":"tablet-align-left","17":"mobile-align-left","19":"first","20":"instock","21":"shipping-taxable","22":"purchasable","23":"product-type-simple"},"uagb_featured_image_src":{"full":["https:\/\/goldenstones.pl\/wp-content\/uploads\/2026\/02\/Grys-Granitowy-16-22-mm-worek-20kg.jpg",501,501,false],"thumbnail":["https:\/\/goldenstones.pl\/wp-content\/uploads\/2026\/02\/Grys-Granitowy-16-22-mm-worek-20kg-150x150.jpg",150,150,true],"medium":["https:\/\/goldenstones.pl\/wp-content\/uploads\/2026\/02\/Grys-Granitowy-16-22-mm-worek-20kg-300x300.jpg",300,300,true],"medium_large":["https:\/\/goldenstones.pl\/wp-content\/uploads\/2026\/02\/Grys-Granitowy-16-22-mm-worek-20kg.jpg",501,501,false],"large":["https:\/\/goldenstones.pl\/wp-content\/uploads\/2026\/02\/Grys-Granitowy-16-22-mm-worek-20kg.jpg",501,501,false],"1536x1536":["https:\/\/goldenstones.pl\/wp-content\/uploads\/2026\/02\/Grys-Granitowy-16-22-mm-worek-20kg.jpg",501,501,false],"2048x2048":["https:\/\/goldenstones.pl\/wp-content\/uploads\/2026\/02\/Grys-Granitowy-16-22-mm-worek-20kg.jpg",501,501,false],"woocommerce_thumbnail":["https:\/\/goldenstones.pl\/wp-content\/uploads\/2026\/02\/Grys-Granitowy-16-22-mm-worek-20kg-300x300.jpg",300,300,true],"woocommerce_single":["https:\/\/goldenstones.pl\/wp-content\/uploads\/2026\/02\/Grys-Granitowy-16-22-mm-worek-20kg.jpg",501,501,false],"woocommerce_gallery_thumbnail":["https:\/\/goldenstones.pl\/wp-content\/uploads\/2026\/02\/Grys-Granitowy-16-22-mm-worek-20kg-100x100.jpg",100,100,true]},"uagb_author_info":{"display_name":"admin","author_link":"https:\/\/goldenstones.pl\/?author=0"},"uagb_comment_info":0,"uagb_excerpt":"FRAKCJA: 16-22mm WYDAJNO\u015a\u0106: 1 tona oko\u0142o 18 m\u00b2, 1 worek\/20 kg 0,5 m\u00b2 CECHY CHARAKTERYSTYCZNE: struktura jawnokrystaliczna zbudowana z minera\u0142\u00f3w g\u0142\u00f3wnych jak kwarc, skalenia alkaliczne i plagioklaz KOLORYSTYKA: jasnoszara w czarne drobne c\u0119tki POCHODZENIE: Polska PRZEZNACZENIE: obrze\u017ca, skwery, kwietniki, rabatki, alejki, kompozycje dekoracyjne w wazonach, brzegi oczek wodnych, kaskady PIEL\u0118GNACJA: zalecane pod\u0142o\u017ce z agrow\u0142\u00f3kniny i&hellip;","_links":{"self":[{"href":"https:\/\/goldenstones.pl\/index.php?rest_route=\/wp\/v2\/product\/817","targetHints":{"allow":["GET"]}}],"collection":[{"href":"https:\/\/goldenstones.pl\/index.php?rest_route=\/wp\/v2\/product"}],"about":[{"href":"https:\/\/goldenstones.pl\/index.php?rest_route=\/wp\/v2\/types\/product"}],"replies":[{"embeddable":true,"href":"https:\/\/goldenstones.pl\/index.php?rest_route=%2Fwp%2Fv2%2Fcomments&post=817"}],"wp:featuredmedia":[{"embeddable":true,"href":"https:\/\/goldenstones.pl\/index.php?rest_route=\/wp\/v2\/media\/850"}],"wp:attachment":[{"href":"https:\/\/goldenstones.pl\/index.php?rest_route=%2Fwp%2Fv2%2Fmedia&parent=817"}],"wp:term":[{"taxonomy":"product_brand","embeddable":true,"href":"https:\/\/goldenstones.pl\/index.php?rest_route=%2Fwp%2Fv2%2Fproduct_brand&post=817"},{"taxonomy":"product_cat","embeddable":true,"href":"https:\/\/goldenstones.pl\/index.php?rest_route=%2Fwp%2Fv2%2Fproduct_cat&post=817"},{"taxonomy":"product_tag","embeddable":true,"href":"https:\/\/goldenstones.pl\/index.php?rest_route=%2Fwp%2Fv2%2Fproduct_tag&post=817"}],"curies":[{"name":"wp","href":"https:\/\/api.w.org\/{rel}","templated":true}]}}