{"id":819,"date":"2026-02-20T10:10:23","date_gmt":"2026-02-20T10:10:23","guid":{"rendered":"https:\/\/goldenstones.pl\/?post_type=product&#038;p=819"},"modified":"2026-03-09T13:47:35","modified_gmt":"2026-03-09T13:47:35","slug":"grys-czarny-11-16-mm-worek-20kg","status":"publish","type":"product","link":"https:\/\/goldenstones.pl\/?product=grys-czarny-11-16-mm-worek-20kg","title":{"rendered":"Grys Czarny 11-16 mm worek 20kg"},"content":{"rendered":"<h2>Grys Bazaltowy Czarny<\/h2>\n<p>to naturalne kruszywo ozdobne w eleganckim czarnym kolorze o wysokiej odporno\u015bci i \u0142atwy w czyszczeniu. Ten kamie\u0144 ozdobny cz\u0119sto wykorzystywany jest jako kamie\u0144 dekoracyjny wok\u00f3\u0142 ro\u015blin na rabatkach, skalnikach, alejkach, ale te\u017c jako wype\u0142niacz opasek dekoracyjnych oraz ochronnych na oko\u0142o budynk\u00f3w lub ogrodze\u0144, element tworzenia architektury ogrodowej. Jest wspania\u0142ym uzupe\u0142nieniem pustych powierzchni w ogrodzie. Najwi\u0119kszym dostawc\u0105 \u00a0w regionie jest w\u0142a\u015bnie nasza firma. Oferujemy mo\u017cliwo\u015b\u0107 zaworkowania towaru i dowozu. Dysponujemy m.in wywrotk\u0105 HDS i przypadku wi\u0119kszego zam\u00f3wienia mamy te\u017c naczep\u0119 tirow\u0105.<\/p>\n","protected":false},"excerpt":{"rendered":"<ul>\n<li><span style=\"color: #E36A00;\"><strong>FRAKCJA: <\/strong><\/span><span style=\"color: #333333;\">11-16mm<\/span><\/li>\n<li><strong><span style=\"color: #E36A00;\">WYDAJNO\u015a\u0106:<\/span> <\/strong><span style=\"color: #333333;\"><strong>1 tona<\/strong> oko\u0142o 20 m2, <strong>1 worek\/20kg<\/strong> oko\u0142o 0,5 m2<\/span><\/li>\n<li><strong><span style=\"color: #E36A00;\">CECHY CHARAKTERYSTYCZNE: <\/span><\/strong><span style=\"color: #333333;\">najciemniejsza ska\u0142a, bardzo twarda, odporna na wahania temperatur<\/span><\/li>\n<li><strong><span style=\"color: #E36A00;\">KOLORYSTYKA: <\/span><\/strong><span style=\"color: #E36A00;\"><span style=\"color: #333333;\">grafitowy kolor, po impregnacji g\u0142\u0119boka czer\u0144<\/span><\/span><\/li>\n<li><span style=\"color: #E36A00;\"><strong>POCHODZENIE:<\/strong><\/span> <span style=\"color: #333333;\">Polska<\/span><\/li>\n<li><strong><span style=\"color: #E36A00;\">PRZEZNACZENIE:<\/span><\/strong> <span style=\"color: #333333;\">skwery, kwietniki, rabatki, alejki, kompozycje dekoracyjne w wazonach, gabionach i donicach, \u015bcie\u017cki, drogi, obrze\u017ca, podsypki pod krzewy i drzewa<\/span><\/li>\n<li><strong><span style=\"color: #E36A00;\">PIEL\u0118GNACJA:<\/span><\/strong> <span style=\"color: #333333;\">zalecane pod\u0142o\u017ce z agrow\u0142\u00f3kniny i bord\u00f3w, impregnacja tylko dla wydobycia g\u0142\u0119bokiej czerni koloru<\/span><\/li>\n<li><span style=\"color: #E36A00;\"><strong>DOST\u0118PNE FRAKCJE: <\/strong><\/span><span style=\"color: #333333;\">11-16mm, 16-22mm, 32-63mm<\/span><\/li>\n<\/ul>\n<p><strong>Podana na stronie cena dotyczy 20 kg produktu. Przed zam\u00f3wieniem prosimy o kontakt w celu ustalenia szczeg\u00f3\u0142\u00f3w.<\/strong><\/p>\n","protected":false},"featured_media":852,"comment_status":"closed","ping_status":"closed","template":"","meta":{"_uag_custom_page_level_css":"","site-sidebar-layout":"default","site-content-layout":"","ast-site-content-layout":"default","site-content-style":"default","site-sidebar-style":"default","ast-global-header-display":"","ast-banner-title-visibility":"","ast-main-header-display":"","ast-hfb-above-header-display":"","ast-hfb-below-header-display":"","ast-hfb-mobile-header-display":"","site-post-title":"","ast-breadcrumbs-content":"","ast-featured-img":"","footer-sml-layout":"","ast-disable-related-posts":"","theme-transparent-header-meta":"","adv-header-id-meta":"","stick-header-meta":"","header-above-stick-meta":"","header-main-stick-meta":"","header-below-stick-meta":"","astra-migrate-meta-layouts":"default","ast-page-background-enabled":"default","ast-page-background-meta":{"desktop":{"background-color":"var(--ast-global-color-5)","background-image":"","background-repeat":"repeat","background-position":"center center","background-size":"auto","background-attachment":"scroll","background-type":"","background-media":"","overlay-type":"","overlay-color":"","overlay-opacity":"","overlay-gradient":""},"tablet":{"background-color":"","background-image":"","background-repeat":"repeat","background-position":"center center","background-size":"auto","background-attachment":"scroll","background-type":"","background-media":"","overlay-type":"","overlay-color":"","overlay-opacity":"","overlay-gradient":""},"mobile":{"background-color":"","background-image":"","background-repeat":"repeat","background-position":"center center","background-size":"auto","background-attachment":"scroll","background-type":"","background-media":"","overlay-type":"","overlay-color":"","overlay-opacity":"","overlay-gradient":""}},"ast-content-background-meta":{"desktop":{"background-color":"var(--ast-global-color-4)","background-image":"","background-repeat":"repeat","background-position":"center center","background-size":"auto","background-attachment":"scroll","background-type":"","background-media":"","overlay-type":"","overlay-color":"","overlay-opacity":"","overlay-gradient":""},"tablet":{"background-color":"var(--ast-global-color-4)","background-image":"","background-repeat":"repeat","background-position":"center center","background-size":"auto","background-attachment":"scroll","background-type":"","background-media":"","overlay-type":"","overlay-color":"","overlay-opacity":"","overlay-gradient":""},"mobile":{"background-color":"var(--ast-global-color-4)","background-image":"","background-repeat":"repeat","background-position":"center center","background-size":"auto","background-attachment":"scroll","background-type":"","background-media":"","overlay-type":"","overlay-color":"","overlay-opacity":"","overlay-gradient":""}}},"product_brand":[],"product_cat":[161,21,116],"product_tag":[171,167,172,169,168,170],"class_list":{"0":"post-819","1":"product","2":"type-product","3":"status-publish","4":"has-post-thumbnail","6":"product_cat-grysy-i-zwiry-kamienie-kamienie","7":"product_cat-kamienie","8":"product_cat-kamienie-kamienie","9":"product_tag-grys-granitowy-bydgoszcz","10":"product_tag-grysy-bydgoszcz","11":"product_tag-grysy-granitowe","12":"product_tag-grysy-i-otoczaki-bydgoszcz","13":"product_tag-tanie-grysy-bydgoszcz","14":"product_tag-tanie-kamienie-ogrodowe","15":"desktop-align-left","16":"tablet-align-left","17":"mobile-align-left","19":"first","20":"instock","21":"shipping-taxable","22":"purchasable","23":"product-type-simple"},"uagb_featured_image_src":{"full":["https:\/\/goldenstones.pl\/wp-content\/uploads\/2026\/02\/Grys-Czarny-11-16-mm-worek-20kg.jpg",500,493,false],"thumbnail":["https:\/\/goldenstones.pl\/wp-content\/uploads\/2026\/02\/Grys-Czarny-11-16-mm-worek-20kg-150x150.jpg",150,150,true],"medium":["https:\/\/goldenstones.pl\/wp-content\/uploads\/2026\/02\/Grys-Czarny-11-16-mm-worek-20kg-300x296.jpg",300,296,true],"medium_large":["https:\/\/goldenstones.pl\/wp-content\/uploads\/2026\/02\/Grys-Czarny-11-16-mm-worek-20kg.jpg",500,493,false],"large":["https:\/\/goldenstones.pl\/wp-content\/uploads\/2026\/02\/Grys-Czarny-11-16-mm-worek-20kg.jpg",500,493,false],"1536x1536":["https:\/\/goldenstones.pl\/wp-content\/uploads\/2026\/02\/Grys-Czarny-11-16-mm-worek-20kg.jpg",500,493,false],"2048x2048":["https:\/\/goldenstones.pl\/wp-content\/uploads\/2026\/02\/Grys-Czarny-11-16-mm-worek-20kg.jpg",500,493,false],"woocommerce_thumbnail":["https:\/\/goldenstones.pl\/wp-content\/uploads\/2026\/02\/Grys-Czarny-11-16-mm-worek-20kg-300x300.jpg",300,300,true],"woocommerce_single":["https:\/\/goldenstones.pl\/wp-content\/uploads\/2026\/02\/Grys-Czarny-11-16-mm-worek-20kg.jpg",500,493,false],"woocommerce_gallery_thumbnail":["https:\/\/goldenstones.pl\/wp-content\/uploads\/2026\/02\/Grys-Czarny-11-16-mm-worek-20kg-100x100.jpg",100,100,true]},"uagb_author_info":{"display_name":"admin","author_link":"https:\/\/goldenstones.pl\/?author=0"},"uagb_comment_info":0,"uagb_excerpt":"FRAKCJA: 11-16mm WYDAJNO\u015a\u0106: 1 tona oko\u0142o 20 m2, 1 worek\/20kg oko\u0142o 0,5 m2 CECHY CHARAKTERYSTYCZNE: najciemniejsza ska\u0142a, bardzo twarda, odporna na wahania temperatur KOLORYSTYKA: grafitowy kolor, po impregnacji g\u0142\u0119boka czer\u0144 POCHODZENIE: Polska PRZEZNACZENIE: skwery, kwietniki, rabatki, alejki, kompozycje dekoracyjne w wazonach, gabionach i donicach, \u015bcie\u017cki, drogi, obrze\u017ca, podsypki pod krzewy i drzewa PIEL\u0118GNACJA: zalecane pod\u0142o\u017ce&hellip;","_links":{"self":[{"href":"https:\/\/goldenstones.pl\/index.php?rest_route=\/wp\/v2\/product\/819","targetHints":{"allow":["GET"]}}],"collection":[{"href":"https:\/\/goldenstones.pl\/index.php?rest_route=\/wp\/v2\/product"}],"about":[{"href":"https:\/\/goldenstones.pl\/index.php?rest_route=\/wp\/v2\/types\/product"}],"replies":[{"embeddable":true,"href":"https:\/\/goldenstones.pl\/index.php?rest_route=%2Fwp%2Fv2%2Fcomments&post=819"}],"wp:featuredmedia":[{"embeddable":true,"href":"https:\/\/goldenstones.pl\/index.php?rest_route=\/wp\/v2\/media\/852"}],"wp:attachment":[{"href":"https:\/\/goldenstones.pl\/index.php?rest_route=%2Fwp%2Fv2%2Fmedia&parent=819"}],"wp:term":[{"taxonomy":"product_brand","embeddable":true,"href":"https:\/\/goldenstones.pl\/index.php?rest_route=%2Fwp%2Fv2%2Fproduct_brand&post=819"},{"taxonomy":"product_cat","embeddable":true,"href":"https:\/\/goldenstones.pl\/index.php?rest_route=%2Fwp%2Fv2%2Fproduct_cat&post=819"},{"taxonomy":"product_tag","embeddable":true,"href":"https:\/\/goldenstones.pl\/index.php?rest_route=%2Fwp%2Fv2%2Fproduct_tag&post=819"}],"curies":[{"name":"wp","href":"https:\/\/api.w.org\/{rel}","templated":true}]}}