{"id":822,"date":"2026-02-20T10:10:23","date_gmt":"2026-02-20T10:10:23","guid":{"rendered":"https:\/\/goldenstones.pl\/?post_type=product&#038;p=822"},"modified":"2026-03-09T13:47:45","modified_gmt":"2026-03-09T13:47:45","slug":"grys-czarny-16-22mm-worek-20kg","status":"publish","type":"product","link":"https:\/\/goldenstones.pl\/?product=grys-czarny-16-22mm-worek-20kg","title":{"rendered":"Grys Czarny 16-22mm worek 20kg"},"content":{"rendered":"<h2>Czarny kamie\u0144 \u0142amany grys bazaltowy<\/h2>\n<p>Potrzebujesz niebrudz\u0105cy kamie\u0144 do ogrodu? Postaw na kamienie ze ska\u0142 bazaltowych. Jest to kamie\u0144 z zastyg\u0142ej ska\u0142y wulkanicznej. Praktycznie niezniszczalny w ogrodzie. Kruszywo powsta\u0142e z 11-16 mm od\u0142amk\u00f3w skalnych tworzy wyj\u0105tkow\u0105 struktur\u0119. Pasuje idealnie do nowoczesnego ogrodu. Wkomponuj go w otoczenie regularnych \u017cywop\u0142ot\u00f3w z bukszpanu lub drzewek w stylu japo\u0144skim i zobacz efekt WOW! Wysypany wzd\u0142u\u017c szarych granitowych chodnik\u00f3w wygl\u0105da bardzo schludnie i elegancko. Bry\u0142ki s\u0105 w odcieniach od ciemnych szaro\u015bci po czer\u0144. Jest to gama kolorystyczna coraz cz\u0119\u015bciej stosowana we wszelkiego rodzaju dodatkach, projektach wn\u0119trz i ogrod\u00f3w. Dzi\u0119ki czarnym ska\u0142om bazaltowym Tw\u00f3j ogr\u00f3d b\u0119dzie mie\u0107 nowoczesny charakter. Teraz dla Twojej wygody sprzedawany jest zar\u00f3wno luzem jak i w praktycznych 20 kg workach. Oferujemy tak\u017ce dow\u00f3z towaru samochodami z wywrotk\u0105 lub z HDS.<\/p>\n","protected":false},"excerpt":{"rendered":"<ul>\n<li><span style=\"color: #E36A00;\"><strong>FRAKCJA: <\/strong><\/span><span style=\"color: #333333;\">16-22mm<\/span><\/li>\n<li><strong><span style=\"color: #E36A00;\">WYDAJNO\u015a\u0106:<\/span> <\/strong><span style=\"color: #333333;\"><strong>1 tona<\/strong> oko\u0142o 18 m\u00b2, <strong>1 worek\/20kg<\/strong> oko\u0142o 0,5 m\u00b2<\/span><\/li>\n<li><strong><span style=\"color: #E36A00;\">CECHY CHARAKTERYSTYCZNE: <\/span><\/strong><span style=\"color: #333333;\">najciemniejsza ska\u0142a, bardzo twarda, odporna na wahania temperatur<\/span><\/li>\n<li><strong><span style=\"color: #E36A00;\">KOLORYSTYKA: <\/span><\/strong><span style=\"color: #E36A00;\"><span style=\"color: #333333;\">grafitowy kolor, po impregnacji g\u0142\u0119boka czer\u0144<\/span><\/span><\/li>\n<li><span style=\"color: #E36A00;\"><strong>POCHODZENIE:<\/strong><\/span> <span style=\"color: #333333;\">Ukraina, bazalt<\/span><\/li>\n<li><strong><span style=\"color: #E36A00;\">PRZEZNACZENIE:<\/span><\/strong> <span style=\"color: #333333;\">skwery, kwietniki, rabatki, alejki, kompozycje dekoracyjne w wazonach, gabionach i donicach, \u015bcie\u017cki, drogi, obrze\u017ca, podsypki pod krzewy i drzewa<\/span><\/li>\n<li><strong><span style=\"color: #E36A00;\">PIEL\u0118GNACJA:<\/span><\/strong> <span style=\"color: #333333;\">zalecane pod\u0142o\u017ce z agrow\u0142\u00f3kniny i bord\u00f3w, impregnacja tylko dla wydobycia g\u0142\u0119bokiej czerni koloru<\/span><\/li>\n<li><span style=\"color: #E36A00;\"><strong>DOST\u0118PNE FRAKCJE: <\/strong><\/span><span style=\"color: #333333;\">11-16mm, 16-22mm, 32-63mm<\/span><\/li>\n<\/ul>\n<p><strong>Podana na stronie cena dotyczy 20 kg produktu. Przed zam\u00f3wieniem prosimy o kontakt w celu ustalenia szczeg\u00f3\u0142\u00f3w.<\/strong><\/p>\n","protected":false},"featured_media":854,"comment_status":"closed","ping_status":"closed","template":"","meta":{"_uag_custom_page_level_css":"","site-sidebar-layout":"default","site-content-layout":"","ast-site-content-layout":"default","site-content-style":"default","site-sidebar-style":"default","ast-global-header-display":"","ast-banner-title-visibility":"","ast-main-header-display":"","ast-hfb-above-header-display":"","ast-hfb-below-header-display":"","ast-hfb-mobile-header-display":"","site-post-title":"","ast-breadcrumbs-content":"","ast-featured-img":"","footer-sml-layout":"","ast-disable-related-posts":"","theme-transparent-header-meta":"","adv-header-id-meta":"","stick-header-meta":"","header-above-stick-meta":"","header-main-stick-meta":"","header-below-stick-meta":"","astra-migrate-meta-layouts":"default","ast-page-background-enabled":"default","ast-page-background-meta":{"desktop":{"background-color":"var(--ast-global-color-5)","background-image":"","background-repeat":"repeat","background-position":"center center","background-size":"auto","background-attachment":"scroll","background-type":"","background-media":"","overlay-type":"","overlay-color":"","overlay-opacity":"","overlay-gradient":""},"tablet":{"background-color":"","background-image":"","background-repeat":"repeat","background-position":"center center","background-size":"auto","background-attachment":"scroll","background-type":"","background-media":"","overlay-type":"","overlay-color":"","overlay-opacity":"","overlay-gradient":""},"mobile":{"background-color":"","background-image":"","background-repeat":"repeat","background-position":"center center","background-size":"auto","background-attachment":"scroll","background-type":"","background-media":"","overlay-type":"","overlay-color":"","overlay-opacity":"","overlay-gradient":""}},"ast-content-background-meta":{"desktop":{"background-color":"var(--ast-global-color-4)","background-image":"","background-repeat":"repeat","background-position":"center center","background-size":"auto","background-attachment":"scroll","background-type":"","background-media":"","overlay-type":"","overlay-color":"","overlay-opacity":"","overlay-gradient":""},"tablet":{"background-color":"var(--ast-global-color-4)","background-image":"","background-repeat":"repeat","background-position":"center center","background-size":"auto","background-attachment":"scroll","background-type":"","background-media":"","overlay-type":"","overlay-color":"","overlay-opacity":"","overlay-gradient":""},"mobile":{"background-color":"var(--ast-global-color-4)","background-image":"","background-repeat":"repeat","background-position":"center center","background-size":"auto","background-attachment":"scroll","background-type":"","background-media":"","overlay-type":"","overlay-color":"","overlay-opacity":"","overlay-gradient":""}}},"product_brand":[],"product_cat":[161,21,116],"product_tag":[171,167,172,169,168,170],"class_list":{"0":"post-822","1":"product","2":"type-product","3":"status-publish","4":"has-post-thumbnail","6":"product_cat-grysy-i-zwiry-kamienie-kamienie","7":"product_cat-kamienie","8":"product_cat-kamienie-kamienie","9":"product_tag-grys-granitowy-bydgoszcz","10":"product_tag-grysy-bydgoszcz","11":"product_tag-grysy-granitowe","12":"product_tag-grysy-i-otoczaki-bydgoszcz","13":"product_tag-tanie-grysy-bydgoszcz","14":"product_tag-tanie-kamienie-ogrodowe","15":"desktop-align-left","16":"tablet-align-left","17":"mobile-align-left","19":"first","20":"instock","21":"shipping-taxable","22":"purchasable","23":"product-type-simple"},"uagb_featured_image_src":{"full":["https:\/\/goldenstones.pl\/wp-content\/uploads\/2026\/02\/grys-czarny-nero-ebano-biale-blota-koronowo-sepolno.jpg",500,496,false],"thumbnail":["https:\/\/goldenstones.pl\/wp-content\/uploads\/2026\/02\/grys-czarny-nero-ebano-biale-blota-koronowo-sepolno-150x150.jpg",150,150,true],"medium":["https:\/\/goldenstones.pl\/wp-content\/uploads\/2026\/02\/grys-czarny-nero-ebano-biale-blota-koronowo-sepolno-300x298.jpg",300,298,true],"medium_large":["https:\/\/goldenstones.pl\/wp-content\/uploads\/2026\/02\/grys-czarny-nero-ebano-biale-blota-koronowo-sepolno.jpg",500,496,false],"large":["https:\/\/goldenstones.pl\/wp-content\/uploads\/2026\/02\/grys-czarny-nero-ebano-biale-blota-koronowo-sepolno.jpg",500,496,false],"1536x1536":["https:\/\/goldenstones.pl\/wp-content\/uploads\/2026\/02\/grys-czarny-nero-ebano-biale-blota-koronowo-sepolno.jpg",500,496,false],"2048x2048":["https:\/\/goldenstones.pl\/wp-content\/uploads\/2026\/02\/grys-czarny-nero-ebano-biale-blota-koronowo-sepolno.jpg",500,496,false],"woocommerce_thumbnail":["https:\/\/goldenstones.pl\/wp-content\/uploads\/2026\/02\/grys-czarny-nero-ebano-biale-blota-koronowo-sepolno-300x300.jpg",300,300,true],"woocommerce_single":["https:\/\/goldenstones.pl\/wp-content\/uploads\/2026\/02\/grys-czarny-nero-ebano-biale-blota-koronowo-sepolno.jpg",500,496,false],"woocommerce_gallery_thumbnail":["https:\/\/goldenstones.pl\/wp-content\/uploads\/2026\/02\/grys-czarny-nero-ebano-biale-blota-koronowo-sepolno-100x100.jpg",100,100,true]},"uagb_author_info":{"display_name":"admin","author_link":"https:\/\/goldenstones.pl\/?author=0"},"uagb_comment_info":0,"uagb_excerpt":"FRAKCJA: 16-22mm WYDAJNO\u015a\u0106: 1 tona oko\u0142o 18 m\u00b2, 1 worek\/20kg oko\u0142o 0,5 m\u00b2 CECHY CHARAKTERYSTYCZNE: najciemniejsza ska\u0142a, bardzo twarda, odporna na wahania temperatur KOLORYSTYKA: grafitowy kolor, po impregnacji g\u0142\u0119boka czer\u0144 POCHODZENIE: Ukraina, bazalt PRZEZNACZENIE: skwery, kwietniki, rabatki, alejki, kompozycje dekoracyjne w wazonach, gabionach i donicach, \u015bcie\u017cki, drogi, obrze\u017ca, podsypki pod krzewy i drzewa PIEL\u0118GNACJA: zalecane&hellip;","_links":{"self":[{"href":"https:\/\/goldenstones.pl\/index.php?rest_route=\/wp\/v2\/product\/822","targetHints":{"allow":["GET"]}}],"collection":[{"href":"https:\/\/goldenstones.pl\/index.php?rest_route=\/wp\/v2\/product"}],"about":[{"href":"https:\/\/goldenstones.pl\/index.php?rest_route=\/wp\/v2\/types\/product"}],"replies":[{"embeddable":true,"href":"https:\/\/goldenstones.pl\/index.php?rest_route=%2Fwp%2Fv2%2Fcomments&post=822"}],"wp:featuredmedia":[{"embeddable":true,"href":"https:\/\/goldenstones.pl\/index.php?rest_route=\/wp\/v2\/media\/854"}],"wp:attachment":[{"href":"https:\/\/goldenstones.pl\/index.php?rest_route=%2Fwp%2Fv2%2Fmedia&parent=822"}],"wp:term":[{"taxonomy":"product_brand","embeddable":true,"href":"https:\/\/goldenstones.pl\/index.php?rest_route=%2Fwp%2Fv2%2Fproduct_brand&post=822"},{"taxonomy":"product_cat","embeddable":true,"href":"https:\/\/goldenstones.pl\/index.php?rest_route=%2Fwp%2Fv2%2Fproduct_cat&post=822"},{"taxonomy":"product_tag","embeddable":true,"href":"https:\/\/goldenstones.pl\/index.php?rest_route=%2Fwp%2Fv2%2Fproduct_tag&post=822"}],"curies":[{"name":"wp","href":"https:\/\/api.w.org\/{rel}","templated":true}]}}