{"id":869,"date":"2026-02-20T10:10:45","date_gmt":"2026-02-20T10:10:45","guid":{"rendered":"https:\/\/goldenstones.pl\/?post_type=product&#038;p=869"},"modified":"2026-04-09T13:17:44","modified_gmt":"2026-04-09T13:17:44","slug":"otoczak-nero-ebano-16-32-mm-tona","status":"publish","type":"product","link":"https:\/\/goldenstones.pl\/?product=otoczak-nero-ebano-16-32-mm-tona","title":{"rendered":"Otoczak Nero Ebano 16-22 mm tona"},"content":{"rendered":"<h2>Czarny kamie\u0144 dekoracyjny, kamie\u0144 ogrodowy<\/h2>\n<p>Otoczak Nero Ebano to czarne ska\u0142y w wielu odcieniach czerni, posiadaj\u0105 du\u017c\u0105 odporno\u015b\u0107 mechaniczn\u0105 oraz zupe\u0142n\u0105 mrozoodporno\u015b\u0107. Charakteryzuj\u0105 si\u0119 ma\u0142\u0105 nasi\u0105kliwo\u015bci\u0105, dlatego kolor nie ulega znacznym zmianom kolorystycznym. Je\u015bli takie by zasz\u0142y, kamie\u0144 bardzo \u0142atwo mo\u017cna umy\u0107 pod ci\u015bnieniem wody, dzi\u0119ki czemu z \u0142atwo\u015bci\u0105 powr\u00f3cimy do wysokich walor\u00f3w estetycznych. Otoczak ten mo\u017ce by\u0107 wykorzystywany jako element dekoracyjny w skalnikach, rabatach, oczkach wodnych oraz materia\u0142 \u015bci\u00f3\u0142kuj\u0105cy lub okrywowy.<br \/>\nOtoczak cechuje si\u0119 ob\u0142ym kszta\u0142tem. Jest to \u017cwir polskiego pochodzenia specjalnie segregowany wed\u0142ug wielko\u015bci.<br \/>\nKamie\u0144 otoczany powstaje na dwa sposoby, naturalnie i mechanicznie. Naturalnie powstaje dzi\u0119ki p\u0142yn\u0105cej wodzie, kt\u00f3ra wraz z piaskiem szlifuje bry\u0142y. Natomiast przy produkcji otoczak\u00f3w u\u017cywa si\u0119 du\u017cych b\u0119bn\u00f3w, w kt\u00f3rych kamie\u0144 wraz z piaskiem \u015bcieraj\u0105 si\u0119, podobnie jak w naturalnym \u015brodowisku.<\/p>\n","protected":false},"excerpt":{"rendered":"<ul>\n<li><span style=\"color: #e36a00;\"><strong>FRAKCJA: <\/strong><\/span><span style=\"color: #333333;\">16-22mm<\/span><\/li>\n<li><strong><span style=\"color: #e36a00;\">WYDAJNO\u015a\u0106:<\/span> <\/strong><span style=\"color: #333333;\"><strong>1 tona<\/strong> oko\u0142o 18 m\u00b2,<strong> 1 worek 20kg<\/strong> oko\u0142o 0,4 m\u00b2<\/span><\/li>\n<li><strong><span style=\"color: #e36a00;\">CECHY CHARAKTERYSTYCZNE:<\/span><\/strong> twarde, <span style=\"color: #333333;\">matowe i ciemne kamienie o nieregularnych kszta\u0142tach, mrozoodporno\u015b\u0107<\/span><\/li>\n<li><strong><span style=\"color: #e36a00;\">KOLORYSTYKA:<\/span><\/strong> <span style=\"color: #333333;\">grafitowy, ciemno szary<\/span><\/li>\n<li><span style=\"color: #e36a00;\"><strong>POCHODZENIE:<\/strong><\/span> <span style=\"color: #333333;\">W\u0142ochy<\/span><\/li>\n<li><strong><span style=\"color: #e36a00;\">PRZEZNACZENIE:<\/span><\/strong> <span style=\"color: #333333;\">donice, kwietniki, biokominki, obrze\u017ca, podsypki, \u015bcie\u017cki, rabaty, skalniaki, podjazdy, \u015bcie\u017cki<\/span><\/li>\n<li><strong><span style=\"color: #e36a00;\">PIEL\u0118GNACJA:<\/span><\/strong> <span style=\"color: #333333;\">na zewn\u0105trz k\u0142adziony na agrow\u0142\u00f3knini\u0119<\/span><\/li>\n<\/ul>\n","protected":false},"featured_media":893,"comment_status":"closed","ping_status":"closed","template":"","meta":{"_uag_custom_page_level_css":"","site-sidebar-layout":"default","site-content-layout":"","ast-site-content-layout":"default","site-content-style":"default","site-sidebar-style":"default","ast-global-header-display":"","ast-banner-title-visibility":"","ast-main-header-display":"","ast-hfb-above-header-display":"","ast-hfb-below-header-display":"","ast-hfb-mobile-header-display":"","site-post-title":"","ast-breadcrumbs-content":"","ast-featured-img":"","footer-sml-layout":"","ast-disable-related-posts":"","theme-transparent-header-meta":"default","adv-header-id-meta":"","stick-header-meta":"","header-above-stick-meta":"","header-main-stick-meta":"","header-below-stick-meta":"","astra-migrate-meta-layouts":"set","ast-page-background-enabled":"default","ast-page-background-meta":{"desktop":{"background-color":"var(--ast-global-color-5)","background-image":"","background-repeat":"repeat","background-position":"center center","background-size":"auto","background-attachment":"scroll","background-type":"","background-media":"","overlay-type":"","overlay-color":"","overlay-opacity":"","overlay-gradient":""},"tablet":{"background-color":"","background-image":"","background-repeat":"repeat","background-position":"center center","background-size":"auto","background-attachment":"scroll","background-type":"","background-media":"","overlay-type":"","overlay-color":"","overlay-opacity":"","overlay-gradient":""},"mobile":{"background-color":"","background-image":"","background-repeat":"repeat","background-position":"center center","background-size":"auto","background-attachment":"scroll","background-type":"","background-media":"","overlay-type":"","overlay-color":"","overlay-opacity":"","overlay-gradient":""}},"ast-content-background-meta":{"desktop":{"background-color":"var(--ast-global-color-4)","background-image":"","background-repeat":"repeat","background-position":"center center","background-size":"auto","background-attachment":"scroll","background-type":"","background-media":"","overlay-type":"","overlay-color":"","overlay-opacity":"","overlay-gradient":""},"tablet":{"background-color":"var(--ast-global-color-4)","background-image":"","background-repeat":"repeat","background-position":"center center","background-size":"auto","background-attachment":"scroll","background-type":"","background-media":"","overlay-type":"","overlay-color":"","overlay-opacity":"","overlay-gradient":""},"mobile":{"background-color":"var(--ast-global-color-4)","background-image":"","background-repeat":"repeat","background-position":"center center","background-size":"auto","background-attachment":"scroll","background-type":"","background-media":"","overlay-type":"","overlay-color":"","overlay-opacity":"","overlay-gradient":""}}},"product_brand":[],"product_cat":[21,116,122],"product_tag":[183,184,177,185,180],"class_list":{"0":"post-869","1":"product","2":"type-product","3":"status-publish","4":"has-post-thumbnail","6":"product_cat-kamienie","7":"product_cat-kamienie-kamienie","8":"product_cat-otoczaki-kamienie-kamienie","9":"product_tag-czarne-otoczaki-bydgoszcz","10":"product_tag-kamien-kolorowy-bydgoszcz","11":"product_tag-otoczaki-bydgoszcz","12":"product_tag-otoczaki-kolorowe-bydgoszcz","13":"product_tag-tanie-otoczaki-bydgoszcz","14":"desktop-align-left","15":"tablet-align-left","16":"mobile-align-left","18":"first","19":"instock","20":"shipping-taxable","21":"product-type-simple"},"uagb_featured_image_src":{"full":["https:\/\/goldenstones.pl\/wp-content\/uploads\/2026\/02\/otoczak-czarny-biale-blota-koronowo-sepolno.jpg",500,496,false],"thumbnail":["https:\/\/goldenstones.pl\/wp-content\/uploads\/2026\/02\/otoczak-czarny-biale-blota-koronowo-sepolno-150x150.jpg",150,150,true],"medium":["https:\/\/goldenstones.pl\/wp-content\/uploads\/2026\/02\/otoczak-czarny-biale-blota-koronowo-sepolno-300x298.jpg",300,298,true],"medium_large":["https:\/\/goldenstones.pl\/wp-content\/uploads\/2026\/02\/otoczak-czarny-biale-blota-koronowo-sepolno.jpg",500,496,false],"large":["https:\/\/goldenstones.pl\/wp-content\/uploads\/2026\/02\/otoczak-czarny-biale-blota-koronowo-sepolno.jpg",500,496,false],"1536x1536":["https:\/\/goldenstones.pl\/wp-content\/uploads\/2026\/02\/otoczak-czarny-biale-blota-koronowo-sepolno.jpg",500,496,false],"2048x2048":["https:\/\/goldenstones.pl\/wp-content\/uploads\/2026\/02\/otoczak-czarny-biale-blota-koronowo-sepolno.jpg",500,496,false],"woocommerce_thumbnail":["https:\/\/goldenstones.pl\/wp-content\/uploads\/2026\/02\/otoczak-czarny-biale-blota-koronowo-sepolno-300x300.jpg",300,300,true],"woocommerce_single":["https:\/\/goldenstones.pl\/wp-content\/uploads\/2026\/02\/otoczak-czarny-biale-blota-koronowo-sepolno.jpg",500,496,false],"woocommerce_gallery_thumbnail":["https:\/\/goldenstones.pl\/wp-content\/uploads\/2026\/02\/otoczak-czarny-biale-blota-koronowo-sepolno-100x100.jpg",100,100,true]},"uagb_author_info":{"display_name":"admin","author_link":"https:\/\/goldenstones.pl\/?author=0"},"uagb_comment_info":0,"uagb_excerpt":"FRAKCJA: 16-22mm WYDAJNO\u015a\u0106: 1 tona oko\u0142o 18 m\u00b2, 1 worek 20kg oko\u0142o 0,4 m\u00b2 CECHY CHARAKTERYSTYCZNE: twarde, matowe i ciemne kamienie o nieregularnych kszta\u0142tach, mrozoodporno\u015b\u0107 KOLORYSTYKA: grafitowy, ciemno szary POCHODZENIE: W\u0142ochy PRZEZNACZENIE: donice, kwietniki, biokominki, obrze\u017ca, podsypki, \u015bcie\u017cki, rabaty, skalniaki, podjazdy, \u015bcie\u017cki PIEL\u0118GNACJA: na zewn\u0105trz k\u0142adziony na agrow\u0142\u00f3knini\u0119","_links":{"self":[{"href":"https:\/\/goldenstones.pl\/index.php?rest_route=\/wp\/v2\/product\/869","targetHints":{"allow":["GET"]}}],"collection":[{"href":"https:\/\/goldenstones.pl\/index.php?rest_route=\/wp\/v2\/product"}],"about":[{"href":"https:\/\/goldenstones.pl\/index.php?rest_route=\/wp\/v2\/types\/product"}],"replies":[{"embeddable":true,"href":"https:\/\/goldenstones.pl\/index.php?rest_route=%2Fwp%2Fv2%2Fcomments&post=869"}],"wp:featuredmedia":[{"embeddable":true,"href":"https:\/\/goldenstones.pl\/index.php?rest_route=\/wp\/v2\/media\/893"}],"wp:attachment":[{"href":"https:\/\/goldenstones.pl\/index.php?rest_route=%2Fwp%2Fv2%2Fmedia&parent=869"}],"wp:term":[{"taxonomy":"product_brand","embeddable":true,"href":"https:\/\/goldenstones.pl\/index.php?rest_route=%2Fwp%2Fv2%2Fproduct_brand&post=869"},{"taxonomy":"product_cat","embeddable":true,"href":"https:\/\/goldenstones.pl\/index.php?rest_route=%2Fwp%2Fv2%2Fproduct_cat&post=869"},{"taxonomy":"product_tag","embeddable":true,"href":"https:\/\/goldenstones.pl\/index.php?rest_route=%2Fwp%2Fv2%2Fproduct_tag&post=869"}],"curies":[{"name":"wp","href":"https:\/\/api.w.org\/{rel}","templated":true}]}}