{"id":881,"date":"2026-02-20T10:10:46","date_gmt":"2026-02-20T10:10:46","guid":{"rendered":"https:\/\/goldenstones.pl\/?post_type=product&#038;p=881"},"modified":"2026-03-09T13:40:10","modified_gmt":"2026-03-09T13:40:10","slug":"otoczak-ice-blue-7-15-mm-worek-20-kg","status":"publish","type":"product","link":"https:\/\/goldenstones.pl\/?product=otoczak-ice-blue-7-15-mm-worek-20-kg","title":{"rendered":"Otoczak Ice Blue 7-15 mm, worek 20 kg"},"content":{"rendered":"<h2>Kamie\u0144 ogrodowy workowany<\/h2>\n<p>Otoczak Ice Blue pochodzi z fragment\u00f3w w\u0142oskich ska\u0142 marmurowych to kamienie tworz\u0105ce kompozycj\u0119 r\u00f3\u017cnych odcieni matowej szaro\u015bci z nut\u0105 b\u0142\u0119kitu. Dzi\u0119ki swej ciekawej formie wpisz\u0105 si\u0119 w wiele kompozycji i aran\u017cacji w po\u0142\u0105czeniu z ro\u015blinno\u015bci\u0105, innymi kamieniami czy kor\u0105 drzewn\u0105, a tak\u017ce w aran\u017cacji wn\u0119trz. Doskonale nadaj\u0105 si\u0119 jako wy\u015bci\u00f3\u0142ka dna fontann. Otoczak Ice Blue to r\u00f3wnie\u017c materia\u0142 do \u015bci\u00f3\u0142kowania ro\u015blin. Mo\u017cna go wykorzysta\u0107 zar\u00f3wno do cel\u00f3w dekoracyjnych jak i przemys\u0142owych. Sprawdzi si\u0119 przy wysypaniu opaski wok\u00f3\u0142 domu, jako utwardzenie podw\u00f3rza czy wysypka na podjazd, parking, lub \u015bcie\u017ck\u0119.<\/p>\n","protected":false},"excerpt":{"rendered":"<ul>\n<li><span style=\"color: #e36a00;\"><strong>FRAKCJA: <\/strong><\/span><span style=\"color: #333333;\">7-15mm<\/span><\/li>\n<li><strong><span style=\"color: #e36a00;\">WYDAJNO\u015a\u0106:<\/span><\/strong><span style=\"color: #333333;\">\u00a0<strong>1 worek\/20kg<\/strong> oko\u0142o 0,6 m2<\/span><\/li>\n<li><strong><span style=\"color: #e36a00;\">CECHY CHARAKTERYSTYCZNE: <\/span><\/strong><span style=\"color: #333333;\">matowy, twardy, jednolita struktura<\/span><\/li>\n<li><strong><span style=\"color: #e36a00;\">KOLORYSTYKA: <\/span><\/strong><span style=\"color: #333333;\">odcie\u0144 szaro\u015bci z niebiesk\u0105 nut\u0105<\/span><\/li>\n<li><span style=\"color: #e36a00;\"><strong>POCHODZENIE:<\/strong><\/span> <span style=\"color: #333333;\">W\u0142ochy<\/span><\/li>\n<li><strong><span style=\"color: #e36a00;\">PRZEZNACZENIE:<\/span><\/strong> <span style=\"color: #333333;\">skwery, kwietniki, rabatki, alejki, kompozycje dekoracyjne w wazonach, gabionach i donicach, podjazdy, \u015bcie\u017cki, podsypki pod drzewa i krzewy, kaskady i oczka wodne, fontanny<\/span><\/li>\n<li><strong><span style=\"color: #e36a00;\">PIEL\u0118GNACJA:<\/span><\/strong> <span style=\"color: #333333;\">zalecane pod\u0142o\u017ce z agrow\u0142\u00f3kniny<\/span><\/li>\n<li><span style=\"color: #e36a00;\"><strong>DOST\u0118PNE FRAKCJE: <\/strong><\/span><span style=\"color: #333333;\">7-15mm, 15-25mm, 25-40mm<\/span><\/li>\n<\/ul>\n","protected":false},"featured_media":903,"comment_status":"closed","ping_status":"closed","template":"","meta":{"_uag_custom_page_level_css":"","site-sidebar-layout":"default","site-content-layout":"","ast-site-content-layout":"default","site-content-style":"default","site-sidebar-style":"default","ast-global-header-display":"","ast-banner-title-visibility":"","ast-main-header-display":"","ast-hfb-above-header-display":"","ast-hfb-below-header-display":"","ast-hfb-mobile-header-display":"","site-post-title":"","ast-breadcrumbs-content":"","ast-featured-img":"","footer-sml-layout":"","ast-disable-related-posts":"","theme-transparent-header-meta":"default","adv-header-id-meta":"","stick-header-meta":"","header-above-stick-meta":"","header-main-stick-meta":"","header-below-stick-meta":"","astra-migrate-meta-layouts":"set","ast-page-background-enabled":"default","ast-page-background-meta":{"desktop":{"background-color":"var(--ast-global-color-5)","background-image":"","background-repeat":"repeat","background-position":"center center","background-size":"auto","background-attachment":"scroll","background-type":"","background-media":"","overlay-type":"","overlay-color":"","overlay-opacity":"","overlay-gradient":""},"tablet":{"background-color":"","background-image":"","background-repeat":"repeat","background-position":"center center","background-size":"auto","background-attachment":"scroll","background-type":"","background-media":"","overlay-type":"","overlay-color":"","overlay-opacity":"","overlay-gradient":""},"mobile":{"background-color":"","background-image":"","background-repeat":"repeat","background-position":"center center","background-size":"auto","background-attachment":"scroll","background-type":"","background-media":"","overlay-type":"","overlay-color":"","overlay-opacity":"","overlay-gradient":""}},"ast-content-background-meta":{"desktop":{"background-color":"var(--ast-global-color-4)","background-image":"","background-repeat":"repeat","background-position":"center center","background-size":"auto","background-attachment":"scroll","background-type":"","background-media":"","overlay-type":"","overlay-color":"","overlay-opacity":"","overlay-gradient":""},"tablet":{"background-color":"var(--ast-global-color-4)","background-image":"","background-repeat":"repeat","background-position":"center center","background-size":"auto","background-attachment":"scroll","background-type":"","background-media":"","overlay-type":"","overlay-color":"","overlay-opacity":"","overlay-gradient":""},"mobile":{"background-color":"var(--ast-global-color-4)","background-image":"","background-repeat":"repeat","background-position":"center center","background-size":"auto","background-attachment":"scroll","background-type":"","background-media":"","overlay-type":"","overlay-color":"","overlay-opacity":"","overlay-gradient":""}}},"product_brand":[],"product_cat":[21,116,122],"product_tag":[181,177,182,178,180],"class_list":{"0":"post-881","1":"product","2":"type-product","3":"status-publish","4":"has-post-thumbnail","6":"product_cat-kamienie","7":"product_cat-kamienie-kamienie","8":"product_cat-otoczaki-kamienie-kamienie","9":"product_tag-ice-blue-otoczaki","10":"product_tag-otoczaki-bydgoszcz","11":"product_tag-otoczaki-ice-blue-bydgoszcz","12":"product_tag-otoczaki-w-ogrodzie","13":"product_tag-tanie-otoczaki-bydgoszcz","14":"desktop-align-left","15":"tablet-align-left","16":"mobile-align-left","18":"first","19":"instock","20":"shipping-taxable","21":"purchasable","22":"product-type-simple"},"uagb_featured_image_src":{"full":["https:\/\/goldenstones.pl\/wp-content\/uploads\/2026\/02\/otoczak-bialo-szary-ice-ble-7-15-mm-2.jpg",800,800,false],"thumbnail":["https:\/\/goldenstones.pl\/wp-content\/uploads\/2026\/02\/otoczak-bialo-szary-ice-ble-7-15-mm-2-150x150.jpg",150,150,true],"medium":["https:\/\/goldenstones.pl\/wp-content\/uploads\/2026\/02\/otoczak-bialo-szary-ice-ble-7-15-mm-2-300x300.jpg",300,300,true],"medium_large":["https:\/\/goldenstones.pl\/wp-content\/uploads\/2026\/02\/otoczak-bialo-szary-ice-ble-7-15-mm-2-768x768.jpg",768,768,true],"large":["https:\/\/goldenstones.pl\/wp-content\/uploads\/2026\/02\/otoczak-bialo-szary-ice-ble-7-15-mm-2.jpg",800,800,false],"1536x1536":["https:\/\/goldenstones.pl\/wp-content\/uploads\/2026\/02\/otoczak-bialo-szary-ice-ble-7-15-mm-2.jpg",800,800,false],"2048x2048":["https:\/\/goldenstones.pl\/wp-content\/uploads\/2026\/02\/otoczak-bialo-szary-ice-ble-7-15-mm-2.jpg",800,800,false],"woocommerce_thumbnail":["https:\/\/goldenstones.pl\/wp-content\/uploads\/2026\/02\/otoczak-bialo-szary-ice-ble-7-15-mm-2-300x300.jpg",300,300,true],"woocommerce_single":["https:\/\/goldenstones.pl\/wp-content\/uploads\/2026\/02\/otoczak-bialo-szary-ice-ble-7-15-mm-2-600x600.jpg",600,600,true],"woocommerce_gallery_thumbnail":["https:\/\/goldenstones.pl\/wp-content\/uploads\/2026\/02\/otoczak-bialo-szary-ice-ble-7-15-mm-2-100x100.jpg",100,100,true]},"uagb_author_info":{"display_name":"admin","author_link":"https:\/\/goldenstones.pl\/?author=0"},"uagb_comment_info":0,"uagb_excerpt":"FRAKCJA: 7-15mm WYDAJNO\u015a\u0106:\u00a01 worek\/20kg oko\u0142o 0,6 m2 CECHY CHARAKTERYSTYCZNE: matowy, twardy, jednolita struktura KOLORYSTYKA: odcie\u0144 szaro\u015bci z niebiesk\u0105 nut\u0105 POCHODZENIE: W\u0142ochy PRZEZNACZENIE: skwery, kwietniki, rabatki, alejki, kompozycje dekoracyjne w wazonach, gabionach i donicach, podjazdy, \u015bcie\u017cki, podsypki pod drzewa i krzewy, kaskady i oczka wodne, fontanny PIEL\u0118GNACJA: zalecane pod\u0142o\u017ce z agrow\u0142\u00f3kniny DOST\u0118PNE FRAKCJE: 7-15mm, 15-25mm, 25-40mm","_links":{"self":[{"href":"https:\/\/goldenstones.pl\/index.php?rest_route=\/wp\/v2\/product\/881","targetHints":{"allow":["GET"]}}],"collection":[{"href":"https:\/\/goldenstones.pl\/index.php?rest_route=\/wp\/v2\/product"}],"about":[{"href":"https:\/\/goldenstones.pl\/index.php?rest_route=\/wp\/v2\/types\/product"}],"replies":[{"embeddable":true,"href":"https:\/\/goldenstones.pl\/index.php?rest_route=%2Fwp%2Fv2%2Fcomments&post=881"}],"wp:featuredmedia":[{"embeddable":true,"href":"https:\/\/goldenstones.pl\/index.php?rest_route=\/wp\/v2\/media\/903"}],"wp:attachment":[{"href":"https:\/\/goldenstones.pl\/index.php?rest_route=%2Fwp%2Fv2%2Fmedia&parent=881"}],"wp:term":[{"taxonomy":"product_brand","embeddable":true,"href":"https:\/\/goldenstones.pl\/index.php?rest_route=%2Fwp%2Fv2%2Fproduct_brand&post=881"},{"taxonomy":"product_cat","embeddable":true,"href":"https:\/\/goldenstones.pl\/index.php?rest_route=%2Fwp%2Fv2%2Fproduct_cat&post=881"},{"taxonomy":"product_tag","embeddable":true,"href":"https:\/\/goldenstones.pl\/index.php?rest_route=%2Fwp%2Fv2%2Fproduct_tag&post=881"}],"curies":[{"name":"wp","href":"https:\/\/api.w.org\/{rel}","templated":true}]}}