{"id":909,"date":"2026-02-20T10:11:05","date_gmt":"2026-02-20T10:11:05","guid":{"rendered":"https:\/\/goldenstones.pl\/?post_type=product&#038;p=909"},"modified":"2026-03-09T14:20:16","modified_gmt":"2026-03-09T14:20:16","slug":"piasek-plukany-workowany-do-piaskownicy-z-atestem-opakowanie-20kg","status":"publish","type":"product","link":"https:\/\/goldenstones.pl\/?product=piasek-plukany-workowany-do-piaskownicy-z-atestem-opakowanie-20kg","title":{"rendered":"Piasek P\u0141UKANY workowany do piaskownicy z atestem -opakowanie 20kg"},"content":{"rendered":"<h2>Piasek p\u0142ukany workowany<\/h2>\n<p>Pragniesz w oryginalny spos\u00f3b zaaran\u017cowa\u0107 sw\u00f3j ogr\u00f3d, albo chcesz zorganizowa\u0107 piaskownic\u0119 do zabawy dla swoich dzieci? Nasz p\u0142ukany piasek workowany idealnie si\u0119 do tego nada. Dzi\u0119ki niemu uzyskasz ciekaw\u0105 dekoracj\u0119 swojego podw\u00f3rka i r\u00f3wnocze\u015bnie miejsce zabaw dla swoich pociech. Nasz piasek cechuje si\u0119 czysto\u015bci\u0105 oraz przyjemnym \u017c\u00f3\u0142tym kolorem, a tak\u017ce nie powoduje trwa\u0142ych zabrudze\u0144 ubra\u0144. Oferujemy transport zam\u00f3wionych produkt\u00f3w prosto pod tw\u00f3j dom oraz mo\u017cliwo\u015b\u0107 kupna go luzem albo w workach jutowych.<\/p>\n<p><a href=\"https:\/\/www.goldenstones.pl\/sklep\/kategoria\/artykuly_ogrodnicze\/podsypki\/piasek-do-piaskownicy\/\">Zainteresowa\u0142 ciebie ten produkt? Sprawd\u017a nasze inne artyku\u0142y!\u00a0<\/a><\/p>\n","protected":false},"excerpt":{"rendered":"<p>Nasz produkt ma zastosowanie nie tylko w piaskownicach, ale r\u00f3wnie\u017c w r\u00f3\u017cnych aran\u017cacjach ogrodowych. W przypadku domowych ogr\u00f3dk\u00f3w i podw\u00f3rek mo\u017ce by\u0107 stosowany w stacjonarnych lub przeno\u015bnych piaskownicach.<\/p>\n<p align=\"LEFT\">Istnieje mo\u017cliwo\u015b\u0107 kupna piasku\u00a0 na lu\u017ano.<\/p>\n","protected":false},"featured_media":939,"comment_status":"closed","ping_status":"closed","template":"","meta":{"_uag_custom_page_level_css":"","site-sidebar-layout":"default","site-content-layout":"","ast-site-content-layout":"default","site-content-style":"default","site-sidebar-style":"default","ast-global-header-display":"","ast-banner-title-visibility":"","ast-main-header-display":"","ast-hfb-above-header-display":"","ast-hfb-below-header-display":"","ast-hfb-mobile-header-display":"","site-post-title":"","ast-breadcrumbs-content":"","ast-featured-img":"","footer-sml-layout":"","ast-disable-related-posts":"","theme-transparent-header-meta":"","adv-header-id-meta":"","stick-header-meta":"","header-above-stick-meta":"","header-main-stick-meta":"","header-below-stick-meta":"","astra-migrate-meta-layouts":"default","ast-page-background-enabled":"default","ast-page-background-meta":{"desktop":{"background-color":"var(--ast-global-color-5)","background-image":"","background-repeat":"repeat","background-position":"center center","background-size":"auto","background-attachment":"scroll","background-type":"","background-media":"","overlay-type":"","overlay-color":"","overlay-opacity":"","overlay-gradient":""},"tablet":{"background-color":"","background-image":"","background-repeat":"repeat","background-position":"center center","background-size":"auto","background-attachment":"scroll","background-type":"","background-media":"","overlay-type":"","overlay-color":"","overlay-opacity":"","overlay-gradient":""},"mobile":{"background-color":"","background-image":"","background-repeat":"repeat","background-position":"center center","background-size":"auto","background-attachment":"scroll","background-type":"","background-media":"","overlay-type":"","overlay-color":"","overlay-opacity":"","overlay-gradient":""}},"ast-content-background-meta":{"desktop":{"background-color":"var(--ast-global-color-4)","background-image":"","background-repeat":"repeat","background-position":"center center","background-size":"auto","background-attachment":"scroll","background-type":"","background-media":"","overlay-type":"","overlay-color":"","overlay-opacity":"","overlay-gradient":""},"tablet":{"background-color":"var(--ast-global-color-4)","background-image":"","background-repeat":"repeat","background-position":"center center","background-size":"auto","background-attachment":"scroll","background-type":"","background-media":"","overlay-type":"","overlay-color":"","overlay-opacity":"","overlay-gradient":""},"mobile":{"background-color":"var(--ast-global-color-4)","background-image":"","background-repeat":"repeat","background-position":"center center","background-size":"auto","background-attachment":"scroll","background-type":"","background-media":"","overlay-type":"","overlay-color":"","overlay-opacity":"","overlay-gradient":""}}},"product_brand":[],"product_cat":[51,191,37],"product_tag":[192,193,194,195,196,197],"class_list":{"0":"post-909","1":"product","2":"type-product","3":"status-publish","4":"has-post-thumbnail","6":"product_cat-inne","7":"product_cat-piasek-do-piaskownicy-podloza-artykuly-ogrodnicze","8":"product_cat-uwypuklone-na-stronie-glownej-sklepu","9":"product_tag-bydgoszcz-piasek","10":"product_tag-piasek-bydgoszcz","11":"product_tag-piasek-do-piaskownicy","12":"product_tag-piasek-na-chodniki-bydgoszcz","13":"product_tag-piasek-na-drogi-bydgoszcz","14":"product_tag-piasek-na-podjazdy-bydgoszcz","15":"desktop-align-left","16":"tablet-align-left","17":"mobile-align-left","19":"first","20":"instock","21":"shipping-taxable","22":"purchasable","23":"product-type-simple"},"uagb_featured_image_src":{"full":["https:\/\/goldenstones.pl\/wp-content\/uploads\/2026\/02\/p1-1.jpg",458,458,false],"thumbnail":["https:\/\/goldenstones.pl\/wp-content\/uploads\/2026\/02\/p1-1-150x150.jpg",150,150,true],"medium":["https:\/\/goldenstones.pl\/wp-content\/uploads\/2026\/02\/p1-1-300x300.jpg",300,300,true],"medium_large":["https:\/\/goldenstones.pl\/wp-content\/uploads\/2026\/02\/p1-1.jpg",458,458,false],"large":["https:\/\/goldenstones.pl\/wp-content\/uploads\/2026\/02\/p1-1.jpg",458,458,false],"1536x1536":["https:\/\/goldenstones.pl\/wp-content\/uploads\/2026\/02\/p1-1.jpg",458,458,false],"2048x2048":["https:\/\/goldenstones.pl\/wp-content\/uploads\/2026\/02\/p1-1.jpg",458,458,false],"woocommerce_thumbnail":["https:\/\/goldenstones.pl\/wp-content\/uploads\/2026\/02\/p1-1-300x300.jpg",300,300,true],"woocommerce_single":["https:\/\/goldenstones.pl\/wp-content\/uploads\/2026\/02\/p1-1.jpg",458,458,false],"woocommerce_gallery_thumbnail":["https:\/\/goldenstones.pl\/wp-content\/uploads\/2026\/02\/p1-1-100x100.jpg",100,100,true]},"uagb_author_info":{"display_name":"admin","author_link":"https:\/\/goldenstones.pl\/?author=0"},"uagb_comment_info":0,"uagb_excerpt":"Nasz produkt ma zastosowanie nie tylko w piaskownicach, ale r\u00f3wnie\u017c w r\u00f3\u017cnych aran\u017cacjach ogrodowych. W przypadku domowych ogr\u00f3dk\u00f3w i podw\u00f3rek mo\u017ce by\u0107 stosowany w stacjonarnych lub przeno\u015bnych piaskownicach. Istnieje mo\u017cliwo\u015b\u0107 kupna piasku\u00a0 na lu\u017ano.","_links":{"self":[{"href":"https:\/\/goldenstones.pl\/index.php?rest_route=\/wp\/v2\/product\/909","targetHints":{"allow":["GET"]}}],"collection":[{"href":"https:\/\/goldenstones.pl\/index.php?rest_route=\/wp\/v2\/product"}],"about":[{"href":"https:\/\/goldenstones.pl\/index.php?rest_route=\/wp\/v2\/types\/product"}],"replies":[{"embeddable":true,"href":"https:\/\/goldenstones.pl\/index.php?rest_route=%2Fwp%2Fv2%2Fcomments&post=909"}],"wp:featuredmedia":[{"embeddable":true,"href":"https:\/\/goldenstones.pl\/index.php?rest_route=\/wp\/v2\/media\/939"}],"wp:attachment":[{"href":"https:\/\/goldenstones.pl\/index.php?rest_route=%2Fwp%2Fv2%2Fmedia&parent=909"}],"wp:term":[{"taxonomy":"product_brand","embeddable":true,"href":"https:\/\/goldenstones.pl\/index.php?rest_route=%2Fwp%2Fv2%2Fproduct_brand&post=909"},{"taxonomy":"product_cat","embeddable":true,"href":"https:\/\/goldenstones.pl\/index.php?rest_route=%2Fwp%2Fv2%2Fproduct_cat&post=909"},{"taxonomy":"product_tag","embeddable":true,"href":"https:\/\/goldenstones.pl\/index.php?rest_route=%2Fwp%2Fv2%2Fproduct_tag&post=909"}],"curies":[{"name":"wp","href":"https:\/\/api.w.org\/{rel}","templated":true}]}}