{"id":911,"date":"2026-02-20T10:11:05","date_gmt":"2026-02-20T10:11:05","guid":{"rendered":"https:\/\/goldenstones.pl\/?post_type=product&#038;p=911"},"modified":"2026-02-23T12:36:32","modified_gmt":"2026-02-23T12:36:32","slug":"piasek-workowany-na-chodniki-i-drogi-20kg","status":"publish","type":"product","link":"https:\/\/goldenstones.pl\/?product=piasek-workowany-na-chodniki-i-drogi-20kg","title":{"rendered":"Piasek workowany na chodniki i drogi &#8211; 20kg"},"content":{"rendered":"<h2>Piasek workowany na chodniki i drogi<\/h2>\n<p>Nie wiesz jak skutecznie zabezpieczy\u0107 drogi, chodniki lub podjazdy przed \u015blisko\u015bci\u0105? Wykorzystaj do tego p\u0142ukany piasek workowany, kt\u00f3ry idealnie si\u0119 do tego nada! Dzi\u0119ki nimi sprawnie zwalczysz go\u0142oled\u017a oraz l\u00f3d i zniwelujesz efekt po\u015blizgu. Oferujemy tak\u017ce bezpieczny transport zam\u00f3wionych produkt\u00f3w prosto pod twoje drzwi, dzi\u0119ki czemu nie musisz nawet wychodzi\u0107 z domu albo martwi\u0107 o ich stan fizyczny podczas podr\u00f3\u017cy.<\/p>\n<p><a href=\"https:\/\/www.goldenstones.pl\/sklep\/kategoria\/artykuly_ogrodnicze\/podsypki\/piasek-do-piaskownicy\/\">Je\u015bli Ciebie zainteresowa\u0142 ten produkt sprawd\u017a nasze inne artyku\u0142y klikaj\u0105c tutaj!<\/a><\/p>\n<p>&nbsp;<\/p>\n<p>&nbsp;<\/p>\n","protected":false},"excerpt":{"rendered":"<p>Jest pakowany w worki foliowe lub polipropylenowe po 50kg.<\/p>\n<p>Idealnie nadaje si\u0119 jako zabezpieczenie dr\u00f3g, chodnik\u00f3w, podjazd\u00f3w,<br \/>\nZapraszamy do odbioru osobistego lub skorzystania z naszego transportu.<\/p>\n<p>Istnieje mo\u017cliwo\u015b\u0107 kupna piasku na lu\u017ano.<\/p>\n","protected":false},"featured_media":941,"comment_status":"closed","ping_status":"closed","template":"","meta":{"_uag_custom_page_level_css":"","site-sidebar-layout":"default","site-content-layout":"","ast-site-content-layout":"default","site-content-style":"default","site-sidebar-style":"default","ast-global-header-display":"","ast-banner-title-visibility":"","ast-main-header-display":"","ast-hfb-above-header-display":"","ast-hfb-below-header-display":"","ast-hfb-mobile-header-display":"","site-post-title":"","ast-breadcrumbs-content":"","ast-featured-img":"","footer-sml-layout":"","ast-disable-related-posts":"","theme-transparent-header-meta":"default","adv-header-id-meta":"","stick-header-meta":"","header-above-stick-meta":"","header-main-stick-meta":"","header-below-stick-meta":"","astra-migrate-meta-layouts":"set","ast-page-background-enabled":"default","ast-page-background-meta":{"desktop":{"background-color":"var(--ast-global-color-5)","background-image":"","background-repeat":"repeat","background-position":"center center","background-size":"auto","background-attachment":"scroll","background-type":"","background-media":"","overlay-type":"","overlay-color":"","overlay-opacity":"","overlay-gradient":""},"tablet":{"background-color":"","background-image":"","background-repeat":"repeat","background-position":"center center","background-size":"auto","background-attachment":"scroll","background-type":"","background-media":"","overlay-type":"","overlay-color":"","overlay-opacity":"","overlay-gradient":""},"mobile":{"background-color":"","background-image":"","background-repeat":"repeat","background-position":"center center","background-size":"auto","background-attachment":"scroll","background-type":"","background-media":"","overlay-type":"","overlay-color":"","overlay-opacity":"","overlay-gradient":""}},"ast-content-background-meta":{"desktop":{"background-color":"var(--ast-global-color-4)","background-image":"","background-repeat":"repeat","background-position":"center center","background-size":"auto","background-attachment":"scroll","background-type":"","background-media":"","overlay-type":"","overlay-color":"","overlay-opacity":"","overlay-gradient":""},"tablet":{"background-color":"var(--ast-global-color-4)","background-image":"","background-repeat":"repeat","background-position":"center center","background-size":"auto","background-attachment":"scroll","background-type":"","background-media":"","overlay-type":"","overlay-color":"","overlay-opacity":"","overlay-gradient":""},"mobile":{"background-color":"var(--ast-global-color-4)","background-image":"","background-repeat":"repeat","background-position":"center center","background-size":"auto","background-attachment":"scroll","background-type":"","background-media":"","overlay-type":"","overlay-color":"","overlay-opacity":"","overlay-gradient":""}}},"product_brand":[],"product_cat":[51,191],"product_tag":[192,193,194,195,196,197],"class_list":{"0":"post-911","1":"product","2":"type-product","3":"status-publish","4":"has-post-thumbnail","6":"product_cat-inne","7":"product_cat-piasek-do-piaskownicy-podloza-artykuly-ogrodnicze","8":"product_tag-bydgoszcz-piasek","9":"product_tag-piasek-bydgoszcz","10":"product_tag-piasek-do-piaskownicy","11":"product_tag-piasek-na-chodniki-bydgoszcz","12":"product_tag-piasek-na-drogi-bydgoszcz","13":"product_tag-piasek-na-podjazdy-bydgoszcz","14":"desktop-align-left","15":"tablet-align-left","16":"mobile-align-left","18":"first","19":"outofstock","20":"shipping-taxable","21":"purchasable","22":"product-type-simple"},"uagb_featured_image_src":{"full":["https:\/\/goldenstones.pl\/wp-content\/uploads\/2026\/02\/p3-1.jpg",458,458,false],"thumbnail":["https:\/\/goldenstones.pl\/wp-content\/uploads\/2026\/02\/p3-1-150x150.jpg",150,150,true],"medium":["https:\/\/goldenstones.pl\/wp-content\/uploads\/2026\/02\/p3-1-300x300.jpg",300,300,true],"medium_large":["https:\/\/goldenstones.pl\/wp-content\/uploads\/2026\/02\/p3-1.jpg",458,458,false],"large":["https:\/\/goldenstones.pl\/wp-content\/uploads\/2026\/02\/p3-1.jpg",458,458,false],"1536x1536":["https:\/\/goldenstones.pl\/wp-content\/uploads\/2026\/02\/p3-1.jpg",458,458,false],"2048x2048":["https:\/\/goldenstones.pl\/wp-content\/uploads\/2026\/02\/p3-1.jpg",458,458,false],"woocommerce_thumbnail":["https:\/\/goldenstones.pl\/wp-content\/uploads\/2026\/02\/p3-1-300x300.jpg",300,300,true],"woocommerce_single":["https:\/\/goldenstones.pl\/wp-content\/uploads\/2026\/02\/p3-1.jpg",458,458,false],"woocommerce_gallery_thumbnail":["https:\/\/goldenstones.pl\/wp-content\/uploads\/2026\/02\/p3-1-100x100.jpg",100,100,true]},"uagb_author_info":{"display_name":"admin","author_link":"https:\/\/goldenstones.pl\/?author=0"},"uagb_comment_info":0,"uagb_excerpt":"Jest pakowany w worki foliowe lub polipropylenowe po 50kg. Idealnie nadaje si\u0119 jako zabezpieczenie dr\u00f3g, chodnik\u00f3w, podjazd\u00f3w, Zapraszamy do odbioru osobistego lub skorzystania z naszego transportu. Istnieje mo\u017cliwo\u015b\u0107 kupna piasku na lu\u017ano.","_links":{"self":[{"href":"https:\/\/goldenstones.pl\/index.php?rest_route=\/wp\/v2\/product\/911","targetHints":{"allow":["GET"]}}],"collection":[{"href":"https:\/\/goldenstones.pl\/index.php?rest_route=\/wp\/v2\/product"}],"about":[{"href":"https:\/\/goldenstones.pl\/index.php?rest_route=\/wp\/v2\/types\/product"}],"replies":[{"embeddable":true,"href":"https:\/\/goldenstones.pl\/index.php?rest_route=%2Fwp%2Fv2%2Fcomments&post=911"}],"wp:featuredmedia":[{"embeddable":true,"href":"https:\/\/goldenstones.pl\/index.php?rest_route=\/wp\/v2\/media\/941"}],"wp:attachment":[{"href":"https:\/\/goldenstones.pl\/index.php?rest_route=%2Fwp%2Fv2%2Fmedia&parent=911"}],"wp:term":[{"taxonomy":"product_brand","embeddable":true,"href":"https:\/\/goldenstones.pl\/index.php?rest_route=%2Fwp%2Fv2%2Fproduct_brand&post=911"},{"taxonomy":"product_cat","embeddable":true,"href":"https:\/\/goldenstones.pl\/index.php?rest_route=%2Fwp%2Fv2%2Fproduct_cat&post=911"},{"taxonomy":"product_tag","embeddable":true,"href":"https:\/\/goldenstones.pl\/index.php?rest_route=%2Fwp%2Fv2%2Fproduct_tag&post=911"}],"curies":[{"name":"wp","href":"https:\/\/api.w.org\/{rel}","templated":true}]}}