{"id":915,"date":"2026-02-20T10:11:05","date_gmt":"2026-02-20T10:11:05","guid":{"rendered":"https:\/\/goldenstones.pl\/?post_type=product&#038;p=915"},"modified":"2026-02-23T12:36:33","modified_gmt":"2026-02-23T12:36:33","slug":"kompost-ogrodniczy-50l","status":"publish","type":"product","link":"https:\/\/goldenstones.pl\/?product=kompost-ogrodniczy-50l","title":{"rendered":"Kompost ogrodniczy 50L"},"content":{"rendered":"<h2>Ziemia kompost ogrodniczy<\/h2>\n<p>Nie wiesz jaki naw\u00f3z powinien by\u0107 dla warzyw lub drzew? Mamy dla Ciebie kompost ogrodniczy, kt\u00f3ry\u00a0 jest stworzony z naturalnych w\u0142a\u015bciwo\u015bci. Posiada podstawowe sk\u0142adniki od\u017cywcze, potrzebne dla rozwoju oraz wzrostu ro\u015blin.\u00a0 Zawiera du\u017co substancji organicznej mi\u0119dzy innymi pr\u00f3chnic\u0119 dzi\u0119ki czemu ulepsza struktur\u0119 gleby. Mo\u017cesz wykorzysta\u0107 go w ogrodnictwie, sadownictwie lub w rolnictwie. Skraca okres wegetacji jak i poprawia jako\u015b\u0107 plon\u00f3w. Zwi\u0119ksza nawodnienie oraz zwi\u0119ksza pojemno\u015b\u0107 powietrzn\u0105 gleby. Niskie ceny tylko u nas! Kup ju\u017c teraz!<\/p>\n<p><a href=\"https:\/\/www.goldenstones.pl\/sklep\/kategoria\/artykuly_ogrodnicze\/podsypki\/ziemia\/\">Nasze inne artyku\u0142y znajdziesz tutaj! Kliknij i zobacz!\u00a0<\/a><\/p>\n<p>&nbsp;<\/p>\n","protected":false},"excerpt":{"rendered":"<p><strong><span style=\"color: #E36A00;\">OPAKOWANIE: <\/span><\/strong><span style=\"color: #333333;\">50L<\/span><\/p>\n<ul>\n<li>\n<p class=\"western\" align=\"justify\">Wzbogaca gleb\u0119 w pr\u00f3chnic\u0119<\/p>\n<\/li>\n<li>\n<p class=\"western\" align=\"justify\">Zwi\u0119ksza pojemno\u015b\u0107 wodn\u0105 i powietrzn\u0105 gleby<\/p>\n<\/li>\n<li>\n<p class=\"western\" align=\"justify\">Zwi\u0119ksza plony<\/p>\n<\/li>\n<\/ul>\n<p>&nbsp;<\/p>\n","protected":false},"featured_media":946,"comment_status":"closed","ping_status":"closed","template":"","meta":{"_uag_custom_page_level_css":"","site-sidebar-layout":"default","site-content-layout":"","ast-site-content-layout":"default","site-content-style":"default","site-sidebar-style":"default","ast-global-header-display":"","ast-banner-title-visibility":"","ast-main-header-display":"","ast-hfb-above-header-display":"","ast-hfb-below-header-display":"","ast-hfb-mobile-header-display":"","site-post-title":"","ast-breadcrumbs-content":"","ast-featured-img":"","footer-sml-layout":"","ast-disable-related-posts":"","theme-transparent-header-meta":"","adv-header-id-meta":"","stick-header-meta":"","header-above-stick-meta":"","header-main-stick-meta":"","header-below-stick-meta":"","astra-migrate-meta-layouts":"default","ast-page-background-enabled":"default","ast-page-background-meta":{"desktop":{"background-color":"var(--ast-global-color-5)","background-image":"","background-repeat":"repeat","background-position":"center center","background-size":"auto","background-attachment":"scroll","background-type":"","background-media":"","overlay-type":"","overlay-color":"","overlay-opacity":"","overlay-gradient":""},"tablet":{"background-color":"","background-image":"","background-repeat":"repeat","background-position":"center center","background-size":"auto","background-attachment":"scroll","background-type":"","background-media":"","overlay-type":"","overlay-color":"","overlay-opacity":"","overlay-gradient":""},"mobile":{"background-color":"","background-image":"","background-repeat":"repeat","background-position":"center center","background-size":"auto","background-attachment":"scroll","background-type":"","background-media":"","overlay-type":"","overlay-color":"","overlay-opacity":"","overlay-gradient":""}},"ast-content-background-meta":{"desktop":{"background-color":"var(--ast-global-color-4)","background-image":"","background-repeat":"repeat","background-position":"center center","background-size":"auto","background-attachment":"scroll","background-type":"","background-media":"","overlay-type":"","overlay-color":"","overlay-opacity":"","overlay-gradient":""},"tablet":{"background-color":"var(--ast-global-color-4)","background-image":"","background-repeat":"repeat","background-position":"center center","background-size":"auto","background-attachment":"scroll","background-type":"","background-media":"","overlay-type":"","overlay-color":"","overlay-opacity":"","overlay-gradient":""},"mobile":{"background-color":"var(--ast-global-color-4)","background-image":"","background-repeat":"repeat","background-position":"center center","background-size":"auto","background-attachment":"scroll","background-type":"","background-media":"","overlay-type":"","overlay-color":"","overlay-opacity":"","overlay-gradient":""}}},"product_brand":[],"product_cat":[43,109],"product_tag":[112,113,114],"class_list":{"0":"post-915","1":"product","2":"type-product","3":"status-publish","4":"has-post-thumbnail","6":"product_cat-artykuly-ogrodnicze","7":"product_cat-ziemia-podloza","8":"product_tag-podloze-do-borowek","9":"product_tag-ziemia-ogrodowa-bydgoszcz","10":"product_tag-ziemia-uniwersalna-bydgoszcz","11":"desktop-align-left","12":"tablet-align-left","13":"mobile-align-left","15":"first","16":"instock","17":"shipping-taxable","18":"purchasable","19":"product-type-simple"},"uagb_featured_image_src":{"full":["https:\/\/goldenstones.pl\/wp-content\/uploads\/2026\/02\/kompost-ogrodniczy-podloza-ziemie-nawozy-golden-stones-pl.jpg",300,300,false],"thumbnail":["https:\/\/goldenstones.pl\/wp-content\/uploads\/2026\/02\/kompost-ogrodniczy-podloza-ziemie-nawozy-golden-stones-pl-150x150.jpg",150,150,true],"medium":["https:\/\/goldenstones.pl\/wp-content\/uploads\/2026\/02\/kompost-ogrodniczy-podloza-ziemie-nawozy-golden-stones-pl.jpg",300,300,false],"medium_large":["https:\/\/goldenstones.pl\/wp-content\/uploads\/2026\/02\/kompost-ogrodniczy-podloza-ziemie-nawozy-golden-stones-pl.jpg",300,300,false],"large":["https:\/\/goldenstones.pl\/wp-content\/uploads\/2026\/02\/kompost-ogrodniczy-podloza-ziemie-nawozy-golden-stones-pl.jpg",300,300,false],"1536x1536":["https:\/\/goldenstones.pl\/wp-content\/uploads\/2026\/02\/kompost-ogrodniczy-podloza-ziemie-nawozy-golden-stones-pl.jpg",300,300,false],"2048x2048":["https:\/\/goldenstones.pl\/wp-content\/uploads\/2026\/02\/kompost-ogrodniczy-podloza-ziemie-nawozy-golden-stones-pl.jpg",300,300,false],"woocommerce_thumbnail":["https:\/\/goldenstones.pl\/wp-content\/uploads\/2026\/02\/kompost-ogrodniczy-podloza-ziemie-nawozy-golden-stones-pl.jpg",300,300,false],"woocommerce_single":["https:\/\/goldenstones.pl\/wp-content\/uploads\/2026\/02\/kompost-ogrodniczy-podloza-ziemie-nawozy-golden-stones-pl.jpg",300,300,false],"woocommerce_gallery_thumbnail":["https:\/\/goldenstones.pl\/wp-content\/uploads\/2026\/02\/kompost-ogrodniczy-podloza-ziemie-nawozy-golden-stones-pl-100x100.jpg",100,100,true]},"uagb_author_info":{"display_name":"admin","author_link":"https:\/\/goldenstones.pl\/?author=0"},"uagb_comment_info":0,"uagb_excerpt":"OPAKOWANIE: 50L Wzbogaca gleb\u0119 w pr\u00f3chnic\u0119 Zwi\u0119ksza pojemno\u015b\u0107 wodn\u0105 i powietrzn\u0105 gleby Zwi\u0119ksza plony &nbsp;","_links":{"self":[{"href":"https:\/\/goldenstones.pl\/index.php?rest_route=\/wp\/v2\/product\/915","targetHints":{"allow":["GET"]}}],"collection":[{"href":"https:\/\/goldenstones.pl\/index.php?rest_route=\/wp\/v2\/product"}],"about":[{"href":"https:\/\/goldenstones.pl\/index.php?rest_route=\/wp\/v2\/types\/product"}],"replies":[{"embeddable":true,"href":"https:\/\/goldenstones.pl\/index.php?rest_route=%2Fwp%2Fv2%2Fcomments&post=915"}],"wp:featuredmedia":[{"embeddable":true,"href":"https:\/\/goldenstones.pl\/index.php?rest_route=\/wp\/v2\/media\/946"}],"wp:attachment":[{"href":"https:\/\/goldenstones.pl\/index.php?rest_route=%2Fwp%2Fv2%2Fmedia&parent=915"}],"wp:term":[{"taxonomy":"product_brand","embeddable":true,"href":"https:\/\/goldenstones.pl\/index.php?rest_route=%2Fwp%2Fv2%2Fproduct_brand&post=915"},{"taxonomy":"product_cat","embeddable":true,"href":"https:\/\/goldenstones.pl\/index.php?rest_route=%2Fwp%2Fv2%2Fproduct_cat&post=915"},{"taxonomy":"product_tag","embeddable":true,"href":"https:\/\/goldenstones.pl\/index.php?rest_route=%2Fwp%2Fv2%2Fproduct_tag&post=915"}],"curies":[{"name":"wp","href":"https:\/\/api.w.org\/{rel}","templated":true}]}}