{"id":916,"date":"2026-02-20T10:11:05","date_gmt":"2026-02-20T10:11:05","guid":{"rendered":"https:\/\/goldenstones.pl\/?post_type=product&#038;p=916"},"modified":"2026-02-23T12:36:33","modified_gmt":"2026-02-23T12:36:33","slug":"ziemia-do-roslin-kwasnolubnych-50l","status":"publish","type":"product","link":"https:\/\/goldenstones.pl\/?product=ziemia-do-roslin-kwasnolubnych-50l","title":{"rendered":"Ziemia do ro\u015blin kwa\u015bnolubnych 50L"},"content":{"rendered":"<h2>Pod\u0142o\u017ca do ro\u015blin kwa\u015bnolubnych<\/h2>\n<p>Szukasz ziemi, kt\u00f3ra zadba o Twoje ro\u015bliny? Posiadasz w swoim ogrodzie ro\u015bliny kwa\u015bnolubne? U nas znajdziesz pod\u0142o\u017ca, kt\u00f3re spe\u0142ni\u0105 wszystkie wymagania Twoich kwiat\u00f3w. Powoduje wybarwienie ro\u015blin, dzi\u0119ki zwi\u0119kszonej zawarto\u015bci magnezu i \u017celaza, dzi\u0119ki czemu Twoje uprawy b\u0119d\u0105 wygl\u0105da\u0107 zjawiskowo! Jest przygotowana z mieszanki torfu wysokiego, ziemi kompostowej oraz kory sosnowej kompostowanej. Przez naw\u00f3z, kt\u00f3ry jest wielosk\u0142adnikowy i zawiera mikroelementy oraz makroelementy, pobudzi wzrost Twoich hortensjom czy wrzosom. Cech\u0105 wa\u017cn\u0105 tego pod\u0142o\u017ca jest to \u017ce, utrzymuje wilgo\u0107 w glebie, przez co nie musisz martwi\u0107 si\u0119 o wyschni\u0119cie swojej ziemi.\u00a0 Nie zastanawiaj si\u0119 d\u0142u\u017cej i kup ju\u017c teraz!<\/p>\n<p><a href=\"https:\/\/www.goldenstones.pl\/sklep\/kategoria\/artykuly_ogrodnicze\/podsypki\/ziemia\/\">Sprawd\u017a jeszcze inne nasze artyku\u0142y!\u00a0<\/a><\/p>\n","protected":false},"excerpt":{"rendered":"<ul>\n<li><strong><span style=\"color: #E36A00;\">OPAKOWANIE: <\/span><\/strong><span style=\"color: #333333;\">50L<\/span><\/li>\n<li><strong><span style=\"color: #E36A00;\">SK\u0141AD: <\/span><\/strong>torf wysoki, ziemia kompostowa, kora sosnowa mielona kompostowana, naw\u00f3z wielosk\u0142adnikowy zawieraj\u0105cy<br \/>\nmakroelementy (N, P, K) + mikroelementy (Mg, S, B, Fe, Mn, Zn)<\/li>\n<li><strong><span style=\"color: #E36A00;\">W\u0141A\u015aCIWO\u015aCI: <\/span><\/strong>odczyn pH w H2O: 4,0 \u2013 5,5, zasolenie w g NaCl\/l: poni\u017cej 1,5<\/li>\n<li><strong><span style=\"color: #E36A00;\">CECHY PRODUKTU: <\/span><\/strong>wspomaga w utrzymaniu wilgoci gleby, powoduje intensywne wybarwienie ro\u015blin dzi\u0119ki zwi\u0119kszonej zawarto\u015bci magnezu i \u017celaza<\/li>\n<li><strong><span style=\"color: #E36A00;\">PRZEZNACZENIE: <\/span><\/strong>uprawa ro\u015blin kwa\u015bnolubnych (acidofilnych) tj. hortensje, wrzosy, wrzo\u015bce, azalie, rododendrony, bor\u00f3wki w donicach i w gruncie, uprawa drzew i krzew\u00f3w iglastych<\/li>\n<\/ul>\n","protected":false},"featured_media":947,"comment_status":"closed","ping_status":"closed","template":"","meta":{"_uag_custom_page_level_css":"","site-sidebar-layout":"default","site-content-layout":"","ast-site-content-layout":"default","site-content-style":"default","site-sidebar-style":"default","ast-global-header-display":"","ast-banner-title-visibility":"","ast-main-header-display":"","ast-hfb-above-header-display":"","ast-hfb-below-header-display":"","ast-hfb-mobile-header-display":"","site-post-title":"","ast-breadcrumbs-content":"","ast-featured-img":"","footer-sml-layout":"","ast-disable-related-posts":"","theme-transparent-header-meta":"","adv-header-id-meta":"","stick-header-meta":"","header-above-stick-meta":"","header-main-stick-meta":"","header-below-stick-meta":"","astra-migrate-meta-layouts":"default","ast-page-background-enabled":"default","ast-page-background-meta":{"desktop":{"background-color":"var(--ast-global-color-5)","background-image":"","background-repeat":"repeat","background-position":"center center","background-size":"auto","background-attachment":"scroll","background-type":"","background-media":"","overlay-type":"","overlay-color":"","overlay-opacity":"","overlay-gradient":""},"tablet":{"background-color":"","background-image":"","background-repeat":"repeat","background-position":"center center","background-size":"auto","background-attachment":"scroll","background-type":"","background-media":"","overlay-type":"","overlay-color":"","overlay-opacity":"","overlay-gradient":""},"mobile":{"background-color":"","background-image":"","background-repeat":"repeat","background-position":"center center","background-size":"auto","background-attachment":"scroll","background-type":"","background-media":"","overlay-type":"","overlay-color":"","overlay-opacity":"","overlay-gradient":""}},"ast-content-background-meta":{"desktop":{"background-color":"var(--ast-global-color-4)","background-image":"","background-repeat":"repeat","background-position":"center center","background-size":"auto","background-attachment":"scroll","background-type":"","background-media":"","overlay-type":"","overlay-color":"","overlay-opacity":"","overlay-gradient":""},"tablet":{"background-color":"var(--ast-global-color-4)","background-image":"","background-repeat":"repeat","background-position":"center center","background-size":"auto","background-attachment":"scroll","background-type":"","background-media":"","overlay-type":"","overlay-color":"","overlay-opacity":"","overlay-gradient":""},"mobile":{"background-color":"var(--ast-global-color-4)","background-image":"","background-repeat":"repeat","background-position":"center center","background-size":"auto","background-attachment":"scroll","background-type":"","background-media":"","overlay-type":"","overlay-color":"","overlay-opacity":"","overlay-gradient":""}}},"product_brand":[],"product_cat":[43,109],"product_tag":[112,113,114],"class_list":{"0":"post-916","1":"product","2":"type-product","3":"status-publish","4":"has-post-thumbnail","6":"product_cat-artykuly-ogrodnicze","7":"product_cat-ziemia-podloza","8":"product_tag-podloze-do-borowek","9":"product_tag-ziemia-ogrodowa-bydgoszcz","10":"product_tag-ziemia-uniwersalna-bydgoszcz","11":"desktop-align-left","12":"tablet-align-left","13":"mobile-align-left","15":"first","16":"instock","17":"shipping-taxable","18":"purchasable","19":"product-type-simple"},"uagb_featured_image_src":{"full":["https:\/\/goldenstones.pl\/wp-content\/uploads\/2026\/02\/ziemia-do-roslin-kwasnolubnych-bydgoszcz.jpg",300,300,false],"thumbnail":["https:\/\/goldenstones.pl\/wp-content\/uploads\/2026\/02\/ziemia-do-roslin-kwasnolubnych-bydgoszcz-150x150.jpg",150,150,true],"medium":["https:\/\/goldenstones.pl\/wp-content\/uploads\/2026\/02\/ziemia-do-roslin-kwasnolubnych-bydgoszcz.jpg",300,300,false],"medium_large":["https:\/\/goldenstones.pl\/wp-content\/uploads\/2026\/02\/ziemia-do-roslin-kwasnolubnych-bydgoszcz.jpg",300,300,false],"large":["https:\/\/goldenstones.pl\/wp-content\/uploads\/2026\/02\/ziemia-do-roslin-kwasnolubnych-bydgoszcz.jpg",300,300,false],"1536x1536":["https:\/\/goldenstones.pl\/wp-content\/uploads\/2026\/02\/ziemia-do-roslin-kwasnolubnych-bydgoszcz.jpg",300,300,false],"2048x2048":["https:\/\/goldenstones.pl\/wp-content\/uploads\/2026\/02\/ziemia-do-roslin-kwasnolubnych-bydgoszcz.jpg",300,300,false],"woocommerce_thumbnail":["https:\/\/goldenstones.pl\/wp-content\/uploads\/2026\/02\/ziemia-do-roslin-kwasnolubnych-bydgoszcz.jpg",300,300,false],"woocommerce_single":["https:\/\/goldenstones.pl\/wp-content\/uploads\/2026\/02\/ziemia-do-roslin-kwasnolubnych-bydgoszcz.jpg",300,300,false],"woocommerce_gallery_thumbnail":["https:\/\/goldenstones.pl\/wp-content\/uploads\/2026\/02\/ziemia-do-roslin-kwasnolubnych-bydgoszcz-100x100.jpg",100,100,true]},"uagb_author_info":{"display_name":"admin","author_link":"https:\/\/goldenstones.pl\/?author=0"},"uagb_comment_info":0,"uagb_excerpt":"OPAKOWANIE: 50L SK\u0141AD: torf wysoki, ziemia kompostowa, kora sosnowa mielona kompostowana, naw\u00f3z wielosk\u0142adnikowy zawieraj\u0105cy makroelementy (N, P, K) + mikroelementy (Mg, S, B, Fe, Mn, Zn) W\u0141A\u015aCIWO\u015aCI: odczyn pH w H2O: 4,0 \u2013 5,5, zasolenie w g NaCl\/l: poni\u017cej 1,5 CECHY PRODUKTU: wspomaga w utrzymaniu wilgoci gleby, powoduje intensywne wybarwienie ro\u015blin dzi\u0119ki zwi\u0119kszonej zawarto\u015bci magnezu&hellip;","_links":{"self":[{"href":"https:\/\/goldenstones.pl\/index.php?rest_route=\/wp\/v2\/product\/916","targetHints":{"allow":["GET"]}}],"collection":[{"href":"https:\/\/goldenstones.pl\/index.php?rest_route=\/wp\/v2\/product"}],"about":[{"href":"https:\/\/goldenstones.pl\/index.php?rest_route=\/wp\/v2\/types\/product"}],"replies":[{"embeddable":true,"href":"https:\/\/goldenstones.pl\/index.php?rest_route=%2Fwp%2Fv2%2Fcomments&post=916"}],"wp:featuredmedia":[{"embeddable":true,"href":"https:\/\/goldenstones.pl\/index.php?rest_route=\/wp\/v2\/media\/947"}],"wp:attachment":[{"href":"https:\/\/goldenstones.pl\/index.php?rest_route=%2Fwp%2Fv2%2Fmedia&parent=916"}],"wp:term":[{"taxonomy":"product_brand","embeddable":true,"href":"https:\/\/goldenstones.pl\/index.php?rest_route=%2Fwp%2Fv2%2Fproduct_brand&post=916"},{"taxonomy":"product_cat","embeddable":true,"href":"https:\/\/goldenstones.pl\/index.php?rest_route=%2Fwp%2Fv2%2Fproduct_cat&post=916"},{"taxonomy":"product_tag","embeddable":true,"href":"https:\/\/goldenstones.pl\/index.php?rest_route=%2Fwp%2Fv2%2Fproduct_tag&post=916"}],"curies":[{"name":"wp","href":"https:\/\/api.w.org\/{rel}","templated":true}]}}