{"id":930,"date":"2026-02-20T10:11:06","date_gmt":"2026-02-20T10:11:06","guid":{"rendered":"https:\/\/goldenstones.pl\/?post_type=product&#038;p=930"},"modified":"2026-03-09T12:32:57","modified_gmt":"2026-03-09T12:32:57","slug":"grys-biala-marianna-10-16mm-tona","status":"publish","type":"product","link":"https:\/\/goldenstones.pl\/?product=grys-biala-marianna-10-16mm-tona","title":{"rendered":"Grys Bia\u0142a Marianna 10-16mm tona"},"content":{"rendered":"<h2>Grys Bia\u0142a Marianna<\/h2>\n<p>Kruszywo o wymiarach 10-16mm. Jest jednym z najbardziej po\u017c\u0105danych na Polskim rynku grys\u00f3w. Kamie\u0144 ten wydobywany jest tylko przez jedn\u0105 kopalni\u0119 w ca\u0142ym kraju, czyni go to produktem, kt\u00f3ry cieszy si\u0119 mianem jednego z najlepiej sprzedaj\u0105cych si\u0119 w ogrodnictwie. Jego jasna barwa, \u0142\u0105czy w sobie wiele odcieni bieli, be\u017cu i szaro\u015bci. W kwestiach piel\u0119gnacyjnych zalecamy pod\u0142o\u017ce z agrow\u0142\u00f3kniny i bord\u00f3w. Popularna Bia\u0142a Marianna doskonale si\u0119 nadaje do roli ozdoby w Twoim ogrodzie, gdy\u017c jej pi\u0119kno jest uniwersalne. Skomponowana z ro\u015blinami, zielonym trawnikiem, czy s\u0142u\u017c\u0105c za wype\u0142nienie \u015bcie\u017cki &#8211; b\u0119dzie efektownie si\u0119 prezentowa\u0107 i przyci\u0105ga\u0107 wzrok. Dla Twojej wygody proponujemy skorzystanie z mo\u017cliwo\u015bci szybkiego i profesjonalnego dowozu. Oferujemy najwi\u0119kszy wyb\u00f3r kamieni w regionie, <strong><a href=\"https:\/\/www.goldenstones.pl\/kategoria\/kamienie\/ogrodowe\/grysy_zwiry\/\">sprawd\u017a pozosta\u0142e produkty z kategorii grysy i \u017cwiry &gt;tutaj.<\/a><\/strong><\/p>\n","protected":false},"excerpt":{"rendered":"<ul>\n<li><span style=\"color: #E36A00;\"><strong>FRAKCJA: <\/strong><\/span><span style=\"color: #333333;\">10-16mm<\/span><\/li>\n<li><strong><span style=\"color: #E36A00;\">WYDAJNO\u015a\u0106:<\/span> <\/strong><span style=\"color: #333333;\"><strong>1 tona<\/strong> oko\u0142o 18 m\u00b2<\/span><\/li>\n<li><strong><span style=\"color: #E36A00;\">CECHY CHARAKTERYSTYCZNE: <\/span><\/strong><span style=\"color: #333333;\">jasna kolorystyka, o ciep\u0142ym pastelowym odcieniu<\/span><\/li>\n<li><strong><span style=\"color: #E36A00;\">KOLORYSTYKA: <\/span><\/strong><span style=\"color: #333333;\">mix: kremowa biel, be\u017c, pudrowy r\u00f3\u017c, jasna szaro\u015b\u0107<\/span><\/li>\n<li><span style=\"color: #E36A00;\"><strong>POCHODZENIE:<\/strong><\/span> <span style=\"color: #333333;\">Polska<\/span><\/li>\n<li><strong><span style=\"color: #E36A00;\">PRZEZNACZENIE:<\/span><\/strong> <span style=\"color: #333333;\">skwery, kwietniki, rabatki, alejki, kompozycje dekoracyjne w wazonach, gabionach i donicach<\/span><\/li>\n<li><strong><span style=\"color: #E36A00;\">PIEL\u0118GNACJA:<\/span><\/strong> <span style=\"color: #333333;\">zalecane pod\u0142o\u017ce z agrow\u0142\u00f3kniny i bord\u00f3w<\/span><\/li>\n<li><span style=\"color: #E36A00;\"><strong>DOST\u0118PNE FRAKCJE: <\/strong><\/span><span style=\"color: #333333;\">2-8mm, 10-16mm, 10-50mm, 16-25mm<\/span><\/li>\n<\/ul>\n<p><strong>Podana na stronie cena dotyczy jednej tony produktu. Przed zam\u00f3wieniem prosimy o kontakt w celu ustalenia szczeg\u00f3\u0142\u00f3w.<\/strong><\/p>\n","protected":false},"featured_media":838,"comment_status":"closed","ping_status":"closed","template":"","meta":{"_uag_custom_page_level_css":"","site-sidebar-layout":"default","site-content-layout":"","ast-site-content-layout":"default","site-content-style":"default","site-sidebar-style":"default","ast-global-header-display":"","ast-banner-title-visibility":"","ast-main-header-display":"","ast-hfb-above-header-display":"","ast-hfb-below-header-display":"","ast-hfb-mobile-header-display":"","site-post-title":"","ast-breadcrumbs-content":"","ast-featured-img":"","footer-sml-layout":"","ast-disable-related-posts":"","theme-transparent-header-meta":"","adv-header-id-meta":"","stick-header-meta":"","header-above-stick-meta":"","header-main-stick-meta":"","header-below-stick-meta":"","astra-migrate-meta-layouts":"default","ast-page-background-enabled":"default","ast-page-background-meta":{"desktop":{"background-color":"var(--ast-global-color-5)","background-image":"","background-repeat":"repeat","background-position":"center center","background-size":"auto","background-attachment":"scroll","background-type":"","background-media":"","overlay-type":"","overlay-color":"","overlay-opacity":"","overlay-gradient":""},"tablet":{"background-color":"","background-image":"","background-repeat":"repeat","background-position":"center center","background-size":"auto","background-attachment":"scroll","background-type":"","background-media":"","overlay-type":"","overlay-color":"","overlay-opacity":"","overlay-gradient":""},"mobile":{"background-color":"","background-image":"","background-repeat":"repeat","background-position":"center center","background-size":"auto","background-attachment":"scroll","background-type":"","background-media":"","overlay-type":"","overlay-color":"","overlay-opacity":"","overlay-gradient":""}},"ast-content-background-meta":{"desktop":{"background-color":"var(--ast-global-color-4)","background-image":"","background-repeat":"repeat","background-position":"center center","background-size":"auto","background-attachment":"scroll","background-type":"","background-media":"","overlay-type":"","overlay-color":"","overlay-opacity":"","overlay-gradient":""},"tablet":{"background-color":"var(--ast-global-color-4)","background-image":"","background-repeat":"repeat","background-position":"center center","background-size":"auto","background-attachment":"scroll","background-type":"","background-media":"","overlay-type":"","overlay-color":"","overlay-opacity":"","overlay-gradient":""},"mobile":{"background-color":"var(--ast-global-color-4)","background-image":"","background-repeat":"repeat","background-position":"center center","background-size":"auto","background-attachment":"scroll","background-type":"","background-media":"","overlay-type":"","overlay-color":"","overlay-opacity":"","overlay-gradient":""}}},"product_brand":[],"product_cat":[161,21,116],"product_tag":[205,167,169,168,170],"class_list":{"0":"post-930","1":"product","2":"type-product","3":"status-publish","4":"has-post-thumbnail","6":"product_cat-grysy-i-zwiry-kamienie-kamienie","7":"product_cat-kamienie","8":"product_cat-kamienie-kamienie","9":"product_tag-biala-marianna-bydgoszcz","10":"product_tag-grysy-bydgoszcz","11":"product_tag-grysy-i-otoczaki-bydgoszcz","12":"product_tag-tanie-grysy-bydgoszcz","13":"product_tag-tanie-kamienie-ogrodowe","14":"desktop-align-left","15":"tablet-align-left","16":"mobile-align-left","18":"first","19":"outofstock","20":"shipping-taxable","21":"product-type-simple"},"uagb_featured_image_src":{"full":["https:\/\/goldenstones.pl\/wp-content\/uploads\/2026\/02\/grys-bialy-z-przebarwieniem-8-16-mm.jpg",800,800,false],"thumbnail":["https:\/\/goldenstones.pl\/wp-content\/uploads\/2026\/02\/grys-bialy-z-przebarwieniem-8-16-mm-150x150.jpg",150,150,true],"medium":["https:\/\/goldenstones.pl\/wp-content\/uploads\/2026\/02\/grys-bialy-z-przebarwieniem-8-16-mm-300x300.jpg",300,300,true],"medium_large":["https:\/\/goldenstones.pl\/wp-content\/uploads\/2026\/02\/grys-bialy-z-przebarwieniem-8-16-mm-768x768.jpg",768,768,true],"large":["https:\/\/goldenstones.pl\/wp-content\/uploads\/2026\/02\/grys-bialy-z-przebarwieniem-8-16-mm.jpg",800,800,false],"1536x1536":["https:\/\/goldenstones.pl\/wp-content\/uploads\/2026\/02\/grys-bialy-z-przebarwieniem-8-16-mm.jpg",800,800,false],"2048x2048":["https:\/\/goldenstones.pl\/wp-content\/uploads\/2026\/02\/grys-bialy-z-przebarwieniem-8-16-mm.jpg",800,800,false],"woocommerce_thumbnail":["https:\/\/goldenstones.pl\/wp-content\/uploads\/2026\/02\/grys-bialy-z-przebarwieniem-8-16-mm-300x300.jpg",300,300,true],"woocommerce_single":["https:\/\/goldenstones.pl\/wp-content\/uploads\/2026\/02\/grys-bialy-z-przebarwieniem-8-16-mm-600x600.jpg",600,600,true],"woocommerce_gallery_thumbnail":["https:\/\/goldenstones.pl\/wp-content\/uploads\/2026\/02\/grys-bialy-z-przebarwieniem-8-16-mm-100x100.jpg",100,100,true]},"uagb_author_info":{"display_name":"admin","author_link":"https:\/\/goldenstones.pl\/?author=0"},"uagb_comment_info":0,"uagb_excerpt":"FRAKCJA: 10-16mm WYDAJNO\u015a\u0106: 1 tona oko\u0142o 18 m\u00b2 CECHY CHARAKTERYSTYCZNE: jasna kolorystyka, o ciep\u0142ym pastelowym odcieniu KOLORYSTYKA: mix: kremowa biel, be\u017c, pudrowy r\u00f3\u017c, jasna szaro\u015b\u0107 POCHODZENIE: Polska PRZEZNACZENIE: skwery, kwietniki, rabatki, alejki, kompozycje dekoracyjne w wazonach, gabionach i donicach PIEL\u0118GNACJA: zalecane pod\u0142o\u017ce z agrow\u0142\u00f3kniny i bord\u00f3w DOST\u0118PNE FRAKCJE: 2-8mm, 10-16mm, 10-50mm, 16-25mm Podana na stronie&hellip;","_links":{"self":[{"href":"https:\/\/goldenstones.pl\/index.php?rest_route=\/wp\/v2\/product\/930","targetHints":{"allow":["GET"]}}],"collection":[{"href":"https:\/\/goldenstones.pl\/index.php?rest_route=\/wp\/v2\/product"}],"about":[{"href":"https:\/\/goldenstones.pl\/index.php?rest_route=\/wp\/v2\/types\/product"}],"replies":[{"embeddable":true,"href":"https:\/\/goldenstones.pl\/index.php?rest_route=%2Fwp%2Fv2%2Fcomments&post=930"}],"wp:featuredmedia":[{"embeddable":true,"href":"https:\/\/goldenstones.pl\/index.php?rest_route=\/wp\/v2\/media\/838"}],"wp:attachment":[{"href":"https:\/\/goldenstones.pl\/index.php?rest_route=%2Fwp%2Fv2%2Fmedia&parent=930"}],"wp:term":[{"taxonomy":"product_brand","embeddable":true,"href":"https:\/\/goldenstones.pl\/index.php?rest_route=%2Fwp%2Fv2%2Fproduct_brand&post=930"},{"taxonomy":"product_cat","embeddable":true,"href":"https:\/\/goldenstones.pl\/index.php?rest_route=%2Fwp%2Fv2%2Fproduct_cat&post=930"},{"taxonomy":"product_tag","embeddable":true,"href":"https:\/\/goldenstones.pl\/index.php?rest_route=%2Fwp%2Fv2%2Fproduct_tag&post=930"}],"curies":[{"name":"wp","href":"https:\/\/api.w.org\/{rel}","templated":true}]}}