{"id":979,"date":"2026-02-20T10:11:26","date_gmt":"2026-02-20T10:11:26","guid":{"rendered":"https:\/\/goldenstones.pl\/?post_type=product&#038;p=979"},"modified":"2026-03-09T12:30:42","modified_gmt":"2026-03-09T12:30:42","slug":"grys-ice-blue-30-50mm","status":"publish","type":"product","link":"https:\/\/goldenstones.pl\/?product=grys-ice-blue-30-50mm","title":{"rendered":"Grys Ice Blue 30-50mm"},"content":{"rendered":"<h2>Grys Ice Blue<\/h2>\n<p>Pochodzi z W\u0142och, gdzie wydobywany jest z fragment\u00f3w ska\u0142 marmurowych. Kamienie te wyr\u00f3\u017cniaj\u0105 b\u0142\u0119kitne akcenty na szarym matowym tle. Dzi\u0119ki ich oryginalnemu ubarwieniu idealnie dope\u0142niaj\u0105 kompozycje kwiatowe, aran\u017cacje ro\u015blinne, a tak\u017ce kamienne czy drewniane. W roli elementu wystroju wn\u0119trz &#8211; b\u0119d\u0105 szykown\u0105 ozdob\u0105. R\u00f3wnie\u017c \u015bwietnie si\u0119 nadadz\u0105 do wy\u0142o\u017cenia dna fontann. W ogrodnictwie wykorzystywane s\u0105 tak\u017ce w formie materia\u0142u do \u015bci\u00f3\u0142kowania ro\u015blin. Zalecamy w celach piel\u0119gnacyjnych k\u0142a\u015b\u0107 je na pod\u0142o\u017cu z agrow\u0142\u00f3kniny. Mo\u017cna je wykorzysta\u0107 zar\u00f3wno do cel\u00f3w przemys\u0142owych. Sprawdzaj\u0105 si\u0119 do utwardzenia pod\u0142o\u017ca wok\u00f3\u0142 domu, mo\u017cna z ich u\u017cyciem stworzy\u0107 \u015bcie\u017ck\u0119 na podjazd czy alejk\u0119. Grys Ice Blue sprzedajemy w czterech wielko\u015bciach, ta najwi\u0119ksza ma 30-50mm. Dla Twojej wygody proponujemy skorzystanie z mo\u017cliwo\u015bci szybkiego i profesjonalnego dowozu. Oferujemy najwi\u0119kszy wyb\u00f3r kamieni w regionie, <strong><a href=\"https:\/\/www.goldenstones.pl\/kategoria\/kamienie\/ogrodowe\/grysy_zwiry\/\">sprawd\u017a pozosta\u0142e produkty z kategorii grysy i \u017cwiry &gt;tutaj.<\/a><\/strong><\/p>\n","protected":false},"excerpt":{"rendered":"<ul>\n<li><span style=\"color: #E36A00;\"><strong>FRAKCJA: <\/strong><\/span><span style=\"color: #333333;\">30x50mm<\/span><\/li>\n<li><strong><span style=\"color: #E36A00;\">WYDAJNO\u015a\u0106:<\/span> <\/strong><span style=\"color: #333333;\"><strong>1 tona<\/strong> oko\u0142o 25 m\u00b2, <strong>1 worek\/20kg<\/strong> oko\u0142o 0,6 m\u00b2<\/span><\/li>\n<li><strong><span style=\"color: #E36A00;\">CECHY CHARAKTERYSTYCZNE: <\/span><\/strong><span style=\"color: #333333;\">matowy, twardy, jednolita struktura<\/span><\/li>\n<li><strong><span style=\"color: #E36A00;\">KOLORYSTYKA: <\/span><\/strong><span style=\"color: #333333;\">odcie\u0144 szaro\u015bci z niebiesk\u0105 nut\u0105<\/span><\/li>\n<li><span style=\"color: #E36A00;\"><strong>POCHODZENIE:<\/strong><\/span> W\u0142ochy<\/li>\n<li><strong><span style=\"color: #E36A00;\">PRZEZNACZENIE:<\/span><\/strong> <span style=\"color: #333333;\">skwery, kwietniki, rabatki, alejki, kompozycje dekoracyjne w wazonach, gabionach i donicach, podjazdy, \u015bcie\u017cki, podsypki pod drzewa i krzewy, kaskady i oczka wodne, fontanny<\/span><\/li>\n<li><strong><span style=\"color: #E36A00;\">PIEL\u0118GNACJA:<\/span><\/strong> <span style=\"color: #333333;\">zalecane pod\u0142o\u017ce z agrow\u0142\u00f3kniny<\/span><\/li>\n<li><span style=\"color: #E36A00;\"><strong>DOST\u0118PNE FRAKCJE: <\/strong><span style=\"color: #333333;\">12-16mm, <\/span><\/span><span style=\"color: #333333;\">22-30mm, 30-50mm<\/span><\/li>\n<\/ul>\n<p><strong>Podana na stronie cena dotyczy jednej tony produktu. Przed zam\u00f3wieniem prosimy o kontakt w celu ustalenia szczeg\u00f3\u0142\u00f3w.<\/strong><\/p>\n","protected":false},"featured_media":1005,"comment_status":"closed","ping_status":"closed","template":"","meta":{"_uag_custom_page_level_css":"","site-sidebar-layout":"default","site-content-layout":"","ast-site-content-layout":"default","site-content-style":"default","site-sidebar-style":"default","ast-global-header-display":"","ast-banner-title-visibility":"","ast-main-header-display":"","ast-hfb-above-header-display":"","ast-hfb-below-header-display":"","ast-hfb-mobile-header-display":"","site-post-title":"","ast-breadcrumbs-content":"","ast-featured-img":"","footer-sml-layout":"","ast-disable-related-posts":"","theme-transparent-header-meta":"","adv-header-id-meta":"","stick-header-meta":"","header-above-stick-meta":"","header-main-stick-meta":"","header-below-stick-meta":"","astra-migrate-meta-layouts":"default","ast-page-background-enabled":"default","ast-page-background-meta":{"desktop":{"background-color":"var(--ast-global-color-5)","background-image":"","background-repeat":"repeat","background-position":"center center","background-size":"auto","background-attachment":"scroll","background-type":"","background-media":"","overlay-type":"","overlay-color":"","overlay-opacity":"","overlay-gradient":""},"tablet":{"background-color":"","background-image":"","background-repeat":"repeat","background-position":"center center","background-size":"auto","background-attachment":"scroll","background-type":"","background-media":"","overlay-type":"","overlay-color":"","overlay-opacity":"","overlay-gradient":""},"mobile":{"background-color":"","background-image":"","background-repeat":"repeat","background-position":"center center","background-size":"auto","background-attachment":"scroll","background-type":"","background-media":"","overlay-type":"","overlay-color":"","overlay-opacity":"","overlay-gradient":""}},"ast-content-background-meta":{"desktop":{"background-color":"var(--ast-global-color-4)","background-image":"","background-repeat":"repeat","background-position":"center center","background-size":"auto","background-attachment":"scroll","background-type":"","background-media":"","overlay-type":"","overlay-color":"","overlay-opacity":"","overlay-gradient":""},"tablet":{"background-color":"var(--ast-global-color-4)","background-image":"","background-repeat":"repeat","background-position":"center center","background-size":"auto","background-attachment":"scroll","background-type":"","background-media":"","overlay-type":"","overlay-color":"","overlay-opacity":"","overlay-gradient":""},"mobile":{"background-color":"var(--ast-global-color-4)","background-image":"","background-repeat":"repeat","background-position":"center center","background-size":"auto","background-attachment":"scroll","background-type":"","background-media":"","overlay-type":"","overlay-color":"","overlay-opacity":"","overlay-gradient":""}}},"product_brand":[],"product_cat":[161,21,116],"product_tag":[181,177,182,180],"class_list":{"0":"post-979","1":"product","2":"type-product","3":"status-publish","4":"has-post-thumbnail","6":"product_cat-grysy-i-zwiry-kamienie-kamienie","7":"product_cat-kamienie","8":"product_cat-kamienie-kamienie","9":"product_tag-ice-blue-otoczaki","10":"product_tag-otoczaki-bydgoszcz","11":"product_tag-otoczaki-ice-blue-bydgoszcz","12":"product_tag-tanie-otoczaki-bydgoszcz","13":"desktop-align-left","14":"tablet-align-left","15":"mobile-align-left","17":"first","18":"instock","19":"shipping-taxable","20":"product-type-simple"},"uagb_featured_image_src":{"full":["https:\/\/goldenstones.pl\/wp-content\/uploads\/2026\/02\/ice-blue-grys-niebieski-biale-blota.jpg",500,496,false],"thumbnail":["https:\/\/goldenstones.pl\/wp-content\/uploads\/2026\/02\/ice-blue-grys-niebieski-biale-blota-150x150.jpg",150,150,true],"medium":["https:\/\/goldenstones.pl\/wp-content\/uploads\/2026\/02\/ice-blue-grys-niebieski-biale-blota-300x298.jpg",300,298,true],"medium_large":["https:\/\/goldenstones.pl\/wp-content\/uploads\/2026\/02\/ice-blue-grys-niebieski-biale-blota.jpg",500,496,false],"large":["https:\/\/goldenstones.pl\/wp-content\/uploads\/2026\/02\/ice-blue-grys-niebieski-biale-blota.jpg",500,496,false],"1536x1536":["https:\/\/goldenstones.pl\/wp-content\/uploads\/2026\/02\/ice-blue-grys-niebieski-biale-blota.jpg",500,496,false],"2048x2048":["https:\/\/goldenstones.pl\/wp-content\/uploads\/2026\/02\/ice-blue-grys-niebieski-biale-blota.jpg",500,496,false],"woocommerce_thumbnail":["https:\/\/goldenstones.pl\/wp-content\/uploads\/2026\/02\/ice-blue-grys-niebieski-biale-blota-300x300.jpg",300,300,true],"woocommerce_single":["https:\/\/goldenstones.pl\/wp-content\/uploads\/2026\/02\/ice-blue-grys-niebieski-biale-blota.jpg",500,496,false],"woocommerce_gallery_thumbnail":["https:\/\/goldenstones.pl\/wp-content\/uploads\/2026\/02\/ice-blue-grys-niebieski-biale-blota-100x100.jpg",100,100,true]},"uagb_author_info":{"display_name":"admin","author_link":"https:\/\/goldenstones.pl\/?author=0"},"uagb_comment_info":0,"uagb_excerpt":"FRAKCJA: 30x50mm WYDAJNO\u015a\u0106: 1 tona oko\u0142o 25 m\u00b2, 1 worek\/20kg oko\u0142o 0,6 m\u00b2 CECHY CHARAKTERYSTYCZNE: matowy, twardy, jednolita struktura KOLORYSTYKA: odcie\u0144 szaro\u015bci z niebiesk\u0105 nut\u0105 POCHODZENIE: W\u0142ochy PRZEZNACZENIE: skwery, kwietniki, rabatki, alejki, kompozycje dekoracyjne w wazonach, gabionach i donicach, podjazdy, \u015bcie\u017cki, podsypki pod drzewa i krzewy, kaskady i oczka wodne, fontanny PIEL\u0118GNACJA: zalecane pod\u0142o\u017ce z&hellip;","_links":{"self":[{"href":"https:\/\/goldenstones.pl\/index.php?rest_route=\/wp\/v2\/product\/979","targetHints":{"allow":["GET"]}}],"collection":[{"href":"https:\/\/goldenstones.pl\/index.php?rest_route=\/wp\/v2\/product"}],"about":[{"href":"https:\/\/goldenstones.pl\/index.php?rest_route=\/wp\/v2\/types\/product"}],"replies":[{"embeddable":true,"href":"https:\/\/goldenstones.pl\/index.php?rest_route=%2Fwp%2Fv2%2Fcomments&post=979"}],"wp:featuredmedia":[{"embeddable":true,"href":"https:\/\/goldenstones.pl\/index.php?rest_route=\/wp\/v2\/media\/1005"}],"wp:attachment":[{"href":"https:\/\/goldenstones.pl\/index.php?rest_route=%2Fwp%2Fv2%2Fmedia&parent=979"}],"wp:term":[{"taxonomy":"product_brand","embeddable":true,"href":"https:\/\/goldenstones.pl\/index.php?rest_route=%2Fwp%2Fv2%2Fproduct_brand&post=979"},{"taxonomy":"product_cat","embeddable":true,"href":"https:\/\/goldenstones.pl\/index.php?rest_route=%2Fwp%2Fv2%2Fproduct_cat&post=979"},{"taxonomy":"product_tag","embeddable":true,"href":"https:\/\/goldenstones.pl\/index.php?rest_route=%2Fwp%2Fv2%2Fproduct_tag&post=979"}],"curies":[{"name":"wp","href":"https:\/\/api.w.org\/{rel}","templated":true}]}}