{"id":985,"date":"2026-02-20T10:11:27","date_gmt":"2026-02-20T10:11:27","guid":{"rendered":"https:\/\/goldenstones.pl\/?post_type=product&#038;p=985"},"modified":"2026-03-09T13:52:34","modified_gmt":"2026-03-09T13:52:34","slug":"grys-artic-zielony-20-40mm-worek-20kg","status":"publish","type":"product","link":"https:\/\/goldenstones.pl\/?product=grys-artic-zielony-20-40mm-worek-20kg","title":{"rendered":"Grys Artic zielony 20-40mm worek 20kg"},"content":{"rendered":"<h2>Grys Artic zielony<\/h2>\n<p>To kamie\u0144 o wymiarach 20-40mm, pochodz\u0105cy z Norwegii. Charakteryzuje si\u0119 niepowtarzalnymi zielono bia\u0142o szarymi kolorami. Idealny do stosowania zar\u00f3wno we wn\u0119trzach jak i na wolnym powietrzu. Dzi\u0119ki swej elegancji i pi\u0119knym zielonym ubarwieniu mo\u017ce by\u0107 wykorzystywany w kominkach olejnych i akwarystyce. Idealnie pos\u0142u\u017cy, jako materia\u0142 do ozdobienia fontanny czy\u00a0 kaskady wodnej. Dla Twojej wygody proponujemy skorzystanie z mo\u017cliwo\u015bci szybkiego i profesjonalnego dowozu. Oferujemy najwi\u0119kszy wyb\u00f3r kamieni w regionie,<\/p>\n","protected":false},"excerpt":{"rendered":"<ul>\n<li><span style=\"color: #e36a00;\"><strong>FRAKCJA: <\/strong><\/span><span style=\"color: #333333;\">20-40mm<\/span><\/li>\n<li><strong><span style=\"color: #e36a00;\">WYDAJNO\u015a\u0106:<\/span> <\/strong><span style=\"color: #333333;\"><strong>1 tona<\/strong> oko\u0142o 25 m\u00b2, <strong>1 worek 20kg<\/strong> oko\u0142o 0,6 m\u00b2<\/span><\/li>\n<li><strong><span style=\"color: #e36a00;\">CECHY CHARAKTERYSTYCZNE: <\/span><\/strong><span style=\"color: #333333;\">matowy, twardy, jednolita struktura<\/span><\/li>\n<li><strong><span style=\"color: #e36a00;\">KOLORYSTYKA: <\/span><\/strong><span style=\"color: #333333;\">odcie\u0144 szaro\u015bci z zielon\u0105 nut\u0105<\/span><\/li>\n<li><span style=\"color: #e36a00;\"><strong>POCHODZENIE:<\/strong><\/span> Norwegia<\/li>\n<li><strong><span style=\"color: #e36a00;\">PRZEZNACZENIE:<\/span><\/strong> <span style=\"color: #333333;\">skwery, kwietniki, rabatki, alejki, kompozycje dekoracyjne w wazonach, gabionach i donicach, podjazdy, \u015bcie\u017cki, podsypki pod drzewa i krzewy, kaskady i oczka wodne, fontanny<\/span><\/li>\n<li><strong><span style=\"color: #e36a00;\">PIEL\u0118GNACJA:<\/span><\/strong> <span style=\"color: #333333;\">zalecane pod\u0142o\u017ce z agrow\u0142\u00f3kniny<\/span><\/li>\n<li><span style=\"color: #e36a00;\"><strong>DOST\u0118PNE FRAKCJE: <\/strong><\/span><span style=\"color: #333333;\">20-40mm<\/span><\/li>\n<\/ul>\n","protected":false},"featured_media":1008,"comment_status":"closed","ping_status":"closed","template":"","meta":{"_uag_custom_page_level_css":"","site-sidebar-layout":"default","site-content-layout":"","ast-site-content-layout":"default","site-content-style":"default","site-sidebar-style":"default","ast-global-header-display":"","ast-banner-title-visibility":"","ast-main-header-display":"","ast-hfb-above-header-display":"","ast-hfb-below-header-display":"","ast-hfb-mobile-header-display":"","site-post-title":"","ast-breadcrumbs-content":"","ast-featured-img":"","footer-sml-layout":"","ast-disable-related-posts":"","theme-transparent-header-meta":"default","adv-header-id-meta":"","stick-header-meta":"","header-above-stick-meta":"","header-main-stick-meta":"","header-below-stick-meta":"","astra-migrate-meta-layouts":"set","ast-page-background-enabled":"default","ast-page-background-meta":{"desktop":{"background-color":"var(--ast-global-color-5)","background-image":"","background-repeat":"repeat","background-position":"center center","background-size":"auto","background-attachment":"scroll","background-type":"","background-media":"","overlay-type":"","overlay-color":"","overlay-opacity":"","overlay-gradient":""},"tablet":{"background-color":"","background-image":"","background-repeat":"repeat","background-position":"center center","background-size":"auto","background-attachment":"scroll","background-type":"","background-media":"","overlay-type":"","overlay-color":"","overlay-opacity":"","overlay-gradient":""},"mobile":{"background-color":"","background-image":"","background-repeat":"repeat","background-position":"center center","background-size":"auto","background-attachment":"scroll","background-type":"","background-media":"","overlay-type":"","overlay-color":"","overlay-opacity":"","overlay-gradient":""}},"ast-content-background-meta":{"desktop":{"background-color":"var(--ast-global-color-4)","background-image":"","background-repeat":"repeat","background-position":"center center","background-size":"auto","background-attachment":"scroll","background-type":"","background-media":"","overlay-type":"","overlay-color":"","overlay-opacity":"","overlay-gradient":""},"tablet":{"background-color":"var(--ast-global-color-4)","background-image":"","background-repeat":"repeat","background-position":"center center","background-size":"auto","background-attachment":"scroll","background-type":"","background-media":"","overlay-type":"","overlay-color":"","overlay-opacity":"","overlay-gradient":""},"mobile":{"background-color":"var(--ast-global-color-4)","background-image":"","background-repeat":"repeat","background-position":"center center","background-size":"auto","background-attachment":"scroll","background-type":"","background-media":"","overlay-type":"","overlay-color":"","overlay-opacity":"","overlay-gradient":""}}},"product_brand":[],"product_cat":[161,21,116],"product_tag":[181,177,182,180],"class_list":{"0":"post-985","1":"product","2":"type-product","3":"status-publish","4":"has-post-thumbnail","6":"product_cat-grysy-i-zwiry-kamienie-kamienie","7":"product_cat-kamienie","8":"product_cat-kamienie-kamienie","9":"product_tag-ice-blue-otoczaki","10":"product_tag-otoczaki-bydgoszcz","11":"product_tag-otoczaki-ice-blue-bydgoszcz","12":"product_tag-tanie-otoczaki-bydgoszcz","13":"desktop-align-left","14":"tablet-align-left","15":"mobile-align-left","17":"first","18":"instock","19":"shipping-taxable","20":"purchasable","21":"product-type-simple"},"uagb_featured_image_src":{"full":["https:\/\/goldenstones.pl\/wp-content\/uploads\/2026\/02\/Grys-Artic-zielony-20-40mm-worek-20kg.jpg",501,501,false],"thumbnail":["https:\/\/goldenstones.pl\/wp-content\/uploads\/2026\/02\/Grys-Artic-zielony-20-40mm-worek-20kg-150x150.jpg",150,150,true],"medium":["https:\/\/goldenstones.pl\/wp-content\/uploads\/2026\/02\/Grys-Artic-zielony-20-40mm-worek-20kg-300x300.jpg",300,300,true],"medium_large":["https:\/\/goldenstones.pl\/wp-content\/uploads\/2026\/02\/Grys-Artic-zielony-20-40mm-worek-20kg.jpg",501,501,false],"large":["https:\/\/goldenstones.pl\/wp-content\/uploads\/2026\/02\/Grys-Artic-zielony-20-40mm-worek-20kg.jpg",501,501,false],"1536x1536":["https:\/\/goldenstones.pl\/wp-content\/uploads\/2026\/02\/Grys-Artic-zielony-20-40mm-worek-20kg.jpg",501,501,false],"2048x2048":["https:\/\/goldenstones.pl\/wp-content\/uploads\/2026\/02\/Grys-Artic-zielony-20-40mm-worek-20kg.jpg",501,501,false],"woocommerce_thumbnail":["https:\/\/goldenstones.pl\/wp-content\/uploads\/2026\/02\/Grys-Artic-zielony-20-40mm-worek-20kg-300x300.jpg",300,300,true],"woocommerce_single":["https:\/\/goldenstones.pl\/wp-content\/uploads\/2026\/02\/Grys-Artic-zielony-20-40mm-worek-20kg.jpg",501,501,false],"woocommerce_gallery_thumbnail":["https:\/\/goldenstones.pl\/wp-content\/uploads\/2026\/02\/Grys-Artic-zielony-20-40mm-worek-20kg-100x100.jpg",100,100,true]},"uagb_author_info":{"display_name":"admin","author_link":"https:\/\/goldenstones.pl\/?author=0"},"uagb_comment_info":0,"uagb_excerpt":"FRAKCJA: 20-40mm WYDAJNO\u015a\u0106: 1 tona oko\u0142o 25 m\u00b2, 1 worek 20kg oko\u0142o 0,6 m\u00b2 CECHY CHARAKTERYSTYCZNE: matowy, twardy, jednolita struktura KOLORYSTYKA: odcie\u0144 szaro\u015bci z zielon\u0105 nut\u0105 POCHODZENIE: Norwegia PRZEZNACZENIE: skwery, kwietniki, rabatki, alejki, kompozycje dekoracyjne w wazonach, gabionach i donicach, podjazdy, \u015bcie\u017cki, podsypki pod drzewa i krzewy, kaskady i oczka wodne, fontanny PIEL\u0118GNACJA: zalecane pod\u0142o\u017ce&hellip;","_links":{"self":[{"href":"https:\/\/goldenstones.pl\/index.php?rest_route=\/wp\/v2\/product\/985","targetHints":{"allow":["GET"]}}],"collection":[{"href":"https:\/\/goldenstones.pl\/index.php?rest_route=\/wp\/v2\/product"}],"about":[{"href":"https:\/\/goldenstones.pl\/index.php?rest_route=\/wp\/v2\/types\/product"}],"replies":[{"embeddable":true,"href":"https:\/\/goldenstones.pl\/index.php?rest_route=%2Fwp%2Fv2%2Fcomments&post=985"}],"wp:featuredmedia":[{"embeddable":true,"href":"https:\/\/goldenstones.pl\/index.php?rest_route=\/wp\/v2\/media\/1008"}],"wp:attachment":[{"href":"https:\/\/goldenstones.pl\/index.php?rest_route=%2Fwp%2Fv2%2Fmedia&parent=985"}],"wp:term":[{"taxonomy":"product_brand","embeddable":true,"href":"https:\/\/goldenstones.pl\/index.php?rest_route=%2Fwp%2Fv2%2Fproduct_brand&post=985"},{"taxonomy":"product_cat","embeddable":true,"href":"https:\/\/goldenstones.pl\/index.php?rest_route=%2Fwp%2Fv2%2Fproduct_cat&post=985"},{"taxonomy":"product_tag","embeddable":true,"href":"https:\/\/goldenstones.pl\/index.php?rest_route=%2Fwp%2Fv2%2Fproduct_tag&post=985"}],"curies":[{"name":"wp","href":"https:\/\/api.w.org\/{rel}","templated":true}]}}