{"id":986,"date":"2026-02-20T10:11:27","date_gmt":"2026-02-20T10:11:27","guid":{"rendered":"https:\/\/goldenstones.pl\/?post_type=product&#038;p=986"},"modified":"2026-02-23T14:19:42","modified_gmt":"2026-02-23T14:19:42","slug":"grys-rosse-strong-20-40mm","status":"publish","type":"product","link":"https:\/\/goldenstones.pl\/?product=grys-rosse-strong-20-40mm","title":{"rendered":"Grys Rosse strong 20-40mm"},"content":{"rendered":"<h2>Grys Rosse strong<\/h2>\n<p>Chcesz w subtelny i elegancki spos\u00f3b przyozdobi\u0107 swoje kwiaty i inne ro\u015bliny? Wypr\u00f3buj nasz grys Rosse strong i spraw \u017ceby Tw\u00f3j ogr\u00f3d wyr\u00f3\u017cnia\u0142 si\u0119 w\u015br\u00f3d innych. Dzi\u0119ki temu, \u017ce przypomina on bry\u0142y r\u00f3\u017cowej soli uzyskasz niezwyk\u0142y i niecodzienny efekt. Bardzo dobrze kontrastuje z ciemnymi ro\u015blinami lub ogrodowymi dekoracjami. Cechuje si\u0119 ogromn\u0105 trwa\u0142o\u015bci\u0105, wi\u0119c pos\u0142u\u017cy ci na wiele dobrych lat. Szczeg\u00f3lnie jest polecany wszystkim mi\u0142o\u015bnikom ogrodnictwa. Je\u015bli chodzi o transport, to Golden Stones zapewni Tobie bezpieczn\u0105 i szybk\u0105 dostaw\u0119 prosto pod drzwi.<\/p>\n<p>&nbsp;<\/p>\n","protected":false},"excerpt":{"rendered":"<ul>\n<li><span style=\"color: #e36a00;\"><strong>FRAKCJA: <\/strong><\/span><span style=\"color: #333333;\">20-40mm<\/span><\/li>\n<li><strong><span style=\"color: #e36a00;\">WYDAJNO\u015a\u0106:<\/span> <\/strong><span style=\"color: #333333;\"><strong>1 tona<\/strong> oko\u0142o 25 m\u00b2, <strong>1 worek 20kg<\/strong> oko\u0142o 0,6 m\u00b2<\/span><\/li>\n<li><strong><span style=\"color: #e36a00;\">CECHY CHARAKTERYSTYCZNE: <\/span><\/strong><span style=\"color: #333333;\">wygl\u0105d przypominaj\u0105cy bry\u0142\u0119 r\u00f3\u017cowej soli z elementami szaro\u015bci<\/span><\/li>\n<li><strong><span style=\"color: #e36a00;\">KOLORYSTYKA: <\/span><\/strong><span style=\"color: #333333;\">biel, pudrowy r\u00f3\u017c, jasny szary<\/span><\/li>\n<li><span style=\"color: #e36a00;\"><strong>POCHODZENIE:<\/strong><\/span> <span style=\"color: #333333;\">Norwegia<\/span><\/li>\n<li><strong><span style=\"color: #e36a00;\">PRZEZNACZENIE:<\/span><\/strong> <span style=\"color: #333333;\">skwery, kwietniki, rabatki, alejki, kompozycje dekoracyjne w wazonach, gabionach i donicach, podjazdy, \u015bcie\u017cki, podsypki pod drzewa i krzewy, kaskady i oczka wodne, fontanny<\/span><\/li>\n<li><strong><span style=\"color: #e36a00;\">PIEL\u0118GNACJA:<\/span><\/strong> <span style=\"color: #333333;\">zalecane pod\u0142o\u017ce z agrow\u0142\u00f3kniny<\/span><\/li>\n<li><span style=\"color: #e36a00;\"><strong>DOST\u0118PNE FRAKCJE: <\/strong><\/span><span style=\"color: #333333;\">20-40mm<\/span><\/li>\n<\/ul>\n","protected":false},"featured_media":1009,"comment_status":"closed","ping_status":"closed","template":"","meta":{"_uag_custom_page_level_css":"","site-sidebar-layout":"default","site-content-layout":"","ast-site-content-layout":"default","site-content-style":"default","site-sidebar-style":"default","ast-global-header-display":"","ast-banner-title-visibility":"","ast-main-header-display":"","ast-hfb-above-header-display":"","ast-hfb-below-header-display":"","ast-hfb-mobile-header-display":"","site-post-title":"","ast-breadcrumbs-content":"","ast-featured-img":"","footer-sml-layout":"","ast-disable-related-posts":"","theme-transparent-header-meta":"default","adv-header-id-meta":"","stick-header-meta":"","header-above-stick-meta":"","header-main-stick-meta":"","header-below-stick-meta":"","astra-migrate-meta-layouts":"set","ast-page-background-enabled":"default","ast-page-background-meta":{"desktop":{"background-color":"var(--ast-global-color-5)","background-image":"","background-repeat":"repeat","background-position":"center center","background-size":"auto","background-attachment":"scroll","background-type":"","background-media":"","overlay-type":"","overlay-color":"","overlay-opacity":"","overlay-gradient":""},"tablet":{"background-color":"","background-image":"","background-repeat":"repeat","background-position":"center center","background-size":"auto","background-attachment":"scroll","background-type":"","background-media":"","overlay-type":"","overlay-color":"","overlay-opacity":"","overlay-gradient":""},"mobile":{"background-color":"","background-image":"","background-repeat":"repeat","background-position":"center center","background-size":"auto","background-attachment":"scroll","background-type":"","background-media":"","overlay-type":"","overlay-color":"","overlay-opacity":"","overlay-gradient":""}},"ast-content-background-meta":{"desktop":{"background-color":"var(--ast-global-color-4)","background-image":"","background-repeat":"repeat","background-position":"center center","background-size":"auto","background-attachment":"scroll","background-type":"","background-media":"","overlay-type":"","overlay-color":"","overlay-opacity":"","overlay-gradient":""},"tablet":{"background-color":"var(--ast-global-color-4)","background-image":"","background-repeat":"repeat","background-position":"center center","background-size":"auto","background-attachment":"scroll","background-type":"","background-media":"","overlay-type":"","overlay-color":"","overlay-opacity":"","overlay-gradient":""},"mobile":{"background-color":"var(--ast-global-color-4)","background-image":"","background-repeat":"repeat","background-position":"center center","background-size":"auto","background-attachment":"scroll","background-type":"","background-media":"","overlay-type":"","overlay-color":"","overlay-opacity":"","overlay-gradient":""}}},"product_brand":[],"product_cat":[161,21,116],"product_tag":[181,177,182,180],"class_list":{"0":"post-986","1":"product","2":"type-product","3":"status-publish","4":"has-post-thumbnail","6":"product_cat-grysy-i-zwiry-kamienie-kamienie","7":"product_cat-kamienie","8":"product_cat-kamienie-kamienie","9":"product_tag-ice-blue-otoczaki","10":"product_tag-otoczaki-bydgoszcz","11":"product_tag-otoczaki-ice-blue-bydgoszcz","12":"product_tag-tanie-otoczaki-bydgoszcz","13":"desktop-align-left","14":"tablet-align-left","15":"mobile-align-left","17":"first","18":"onbackorder","19":"shipping-taxable","20":"product-type-simple"},"uagb_featured_image_src":{"full":["https:\/\/goldenstones.pl\/wp-content\/uploads\/2026\/02\/grys-rosso-strong-biale-blota-koronowo-sepolno.jpg",500,496,false],"thumbnail":["https:\/\/goldenstones.pl\/wp-content\/uploads\/2026\/02\/grys-rosso-strong-biale-blota-koronowo-sepolno-150x150.jpg",150,150,true],"medium":["https:\/\/goldenstones.pl\/wp-content\/uploads\/2026\/02\/grys-rosso-strong-biale-blota-koronowo-sepolno-300x298.jpg",300,298,true],"medium_large":["https:\/\/goldenstones.pl\/wp-content\/uploads\/2026\/02\/grys-rosso-strong-biale-blota-koronowo-sepolno.jpg",500,496,false],"large":["https:\/\/goldenstones.pl\/wp-content\/uploads\/2026\/02\/grys-rosso-strong-biale-blota-koronowo-sepolno.jpg",500,496,false],"1536x1536":["https:\/\/goldenstones.pl\/wp-content\/uploads\/2026\/02\/grys-rosso-strong-biale-blota-koronowo-sepolno.jpg",500,496,false],"2048x2048":["https:\/\/goldenstones.pl\/wp-content\/uploads\/2026\/02\/grys-rosso-strong-biale-blota-koronowo-sepolno.jpg",500,496,false],"woocommerce_thumbnail":["https:\/\/goldenstones.pl\/wp-content\/uploads\/2026\/02\/grys-rosso-strong-biale-blota-koronowo-sepolno-300x300.jpg",300,300,true],"woocommerce_single":["https:\/\/goldenstones.pl\/wp-content\/uploads\/2026\/02\/grys-rosso-strong-biale-blota-koronowo-sepolno.jpg",500,496,false],"woocommerce_gallery_thumbnail":["https:\/\/goldenstones.pl\/wp-content\/uploads\/2026\/02\/grys-rosso-strong-biale-blota-koronowo-sepolno-100x100.jpg",100,100,true]},"uagb_author_info":{"display_name":"admin","author_link":"https:\/\/goldenstones.pl\/?author=0"},"uagb_comment_info":0,"uagb_excerpt":"FRAKCJA: 20-40mm WYDAJNO\u015a\u0106: 1 tona oko\u0142o 25 m\u00b2, 1 worek 20kg oko\u0142o 0,6 m\u00b2 CECHY CHARAKTERYSTYCZNE: wygl\u0105d przypominaj\u0105cy bry\u0142\u0119 r\u00f3\u017cowej soli z elementami szaro\u015bci KOLORYSTYKA: biel, pudrowy r\u00f3\u017c, jasny szary POCHODZENIE: Norwegia PRZEZNACZENIE: skwery, kwietniki, rabatki, alejki, kompozycje dekoracyjne w wazonach, gabionach i donicach, podjazdy, \u015bcie\u017cki, podsypki pod drzewa i krzewy, kaskady i oczka wodne,&hellip;","_links":{"self":[{"href":"https:\/\/goldenstones.pl\/index.php?rest_route=\/wp\/v2\/product\/986","targetHints":{"allow":["GET"]}}],"collection":[{"href":"https:\/\/goldenstones.pl\/index.php?rest_route=\/wp\/v2\/product"}],"about":[{"href":"https:\/\/goldenstones.pl\/index.php?rest_route=\/wp\/v2\/types\/product"}],"replies":[{"embeddable":true,"href":"https:\/\/goldenstones.pl\/index.php?rest_route=%2Fwp%2Fv2%2Fcomments&post=986"}],"wp:featuredmedia":[{"embeddable":true,"href":"https:\/\/goldenstones.pl\/index.php?rest_route=\/wp\/v2\/media\/1009"}],"wp:attachment":[{"href":"https:\/\/goldenstones.pl\/index.php?rest_route=%2Fwp%2Fv2%2Fmedia&parent=986"}],"wp:term":[{"taxonomy":"product_brand","embeddable":true,"href":"https:\/\/goldenstones.pl\/index.php?rest_route=%2Fwp%2Fv2%2Fproduct_brand&post=986"},{"taxonomy":"product_cat","embeddable":true,"href":"https:\/\/goldenstones.pl\/index.php?rest_route=%2Fwp%2Fv2%2Fproduct_cat&post=986"},{"taxonomy":"product_tag","embeddable":true,"href":"https:\/\/goldenstones.pl\/index.php?rest_route=%2Fwp%2Fv2%2Fproduct_tag&post=986"}],"curies":[{"name":"wp","href":"https:\/\/api.w.org\/{rel}","templated":true}]}}